{"id":20030,"date":"2026-02-12T10:33:44","date_gmt":"2026-02-12T09:33:44","guid":{"rendered":"https:\/\/www.naterial.com\/co\/?product=silla-de-jardin-plegable-cruz-2"},"modified":"2026-04-25T16:28:06","modified_gmt":"2026-04-25T14:28:06","slug":"reposera-de-exterior-plegable-cruz","status":"publish","type":"product","link":"https:\/\/www.naterial.com\/co\/producto\/reposera-de-exterior-plegable-cruz\/","title":{"rendered":"Reposera de exterior plegable CRUZ"},"content":{"rendered":"","protected":false},"excerpt":{"rendered":"<p>Ideal para descansar o tomar el sol, se pliega f\u00e1cilmente y acompa\u00f1a los momentos de relax.<\/p>\n","protected":false},"featured_media":21854,"comment_status":"closed","ping_status":"closed","template":"","meta":{"_acf_changed":false,"footnotes":""},"collection":[125],"product_model":[46],"product_brand":[],"product_cat":[122],"product_tag":[],"class_list":{"0":"post-20030","1":"product","2":"type-product","3":"status-publish","4":"has-post-thumbnail","6":"collection-cruz","7":"product_model-46","8":"product_cat-columpios-y-otros-sillones-comodos","10":"first","11":"instock","12":"taxable","13":"shipping-taxable","14":"purchasable","15":"product-type-simple"},"acf":{"wproduct_subtitle":"Aluminio y Textileno Blanco","wproduct_instruction_manual_url":"https:\/\/media.adeo.com\/media\/4500998\/QUA-IMS-3276007278422-3276007278422-3276007278453-IM_CRUZ ORIGAMI.pdf","uy_product_type":"","image_content_block_1":20289,"title_content_block_1":"Descanso donde quieras","text_content_block_1":"Esta reposera permite disfrutar del exterior con una postura c\u00f3moda. Su formato plegable facilita el d\u00eda a d\u00eda.","image_content_block_2":20290,"title_content_block_2":"Funcionalidad con sello Naterial","text_content_block_2":"Naterial aporta dise\u00f1o europeo pr\u00e1ctico en piezas como CRUZ: sencillas, bien resueltas y pensadas para el uso real en Colombia.","image_content_block_3":"","title_content_block_3":"Cuidado y conservaci\u00f3n","text_content_block_3":"Limpia con agua y jab\u00f3n neutro y seca con pa\u00f1o suave. Si no se usa por un tiempo, gu\u00e1rdala en lugar seco o bajo funda.","image_content_block_4":"","title_content_block_4":"","text_content_block_4":"","image_content_block_5":"","title_content_block_5":"","text_content_block_5":""},"_links":{"self":[{"href":"https:\/\/www.naterial.com\/co\/wp-json\/wp\/v2\/product\/20030","targetHints":{"allow":["GET"]}}],"collection":[{"href":"https:\/\/www.naterial.com\/co\/wp-json\/wp\/v2\/product"}],"about":[{"href":"https:\/\/www.naterial.com\/co\/wp-json\/wp\/v2\/types\/product"}],"replies":[{"embeddable":true,"href":"https:\/\/www.naterial.com\/co\/wp-json\/wp\/v2\/comments?post=20030"}],"version-history":[{"count":4,"href":"https:\/\/www.naterial.com\/co\/wp-json\/wp\/v2\/product\/20030\/revisions"}],"predecessor-version":[{"id":24244,"href":"https:\/\/www.naterial.com\/co\/wp-json\/wp\/v2\/product\/20030\/revisions\/24244"}],"wp:featuredmedia":[{"embeddable":true,"href":"https:\/\/www.naterial.com\/co\/wp-json\/wp\/v2\/media\/21854"}],"wp:attachment":[{"href":"https:\/\/www.naterial.com\/co\/wp-json\/wp\/v2\/media?parent=20030"}],"wp:term":[{"taxonomy":"collection","embeddable":true,"href":"https:\/\/www.naterial.com\/co\/wp-json\/wp\/v2\/collection?post=20030"},{"taxonomy":"product_model","embeddable":true,"href":"https:\/\/www.naterial.com\/co\/wp-json\/wp\/v2\/product_model?post=20030"},{"taxonomy":"product_brand","embeddable":true,"href":"https:\/\/www.naterial.com\/co\/wp-json\/wp\/v2\/product_brand?post=20030"},{"taxonomy":"product_cat","embeddable":true,"href":"https:\/\/www.naterial.com\/co\/wp-json\/wp\/v2\/product_cat?post=20030"},{"taxonomy":"product_tag","embeddable":true,"href":"https:\/\/www.naterial.com\/co\/wp-json\/wp\/v2\/product_tag?post=20030"}],"curies":[{"name":"wp","href":"https:\/\/api.w.org\/{rel}","templated":true}]}}