{"id":20033,"date":"2026-02-12T10:33:45","date_gmt":"2026-02-12T09:33:45","guid":{"rendered":"https:\/\/www.naterial.com\/co\/?product=chaise-longue-multiposicion-aluminio-y-textileno-lyra-ii-2"},"modified":"2026-04-25T13:52:28","modified_gmt":"2026-04-25T11:52:28","slug":"asoleadora-multiposicion-con-ruedas-lyra-2","status":"publish","type":"product","link":"https:\/\/www.naterial.com\/co\/producto\/asoleadora-multiposicion-con-ruedas-lyra-2\/","title":{"rendered":"Asoleadora multiposici\u00f3n con ruedas LYRA"},"content":{"rendered":"","protected":false},"excerpt":{"rendered":"<p>Pensada para desplazarse f\u00e1cilmente, acompa\u00f1a los momentos de descanso en terrazas y jardines.<\/p>\n","protected":false},"featured_media":20793,"comment_status":"closed","ping_status":"closed","template":"","meta":{"_acf_changed":false,"footnotes":""},"collection":[126],"product_model":[110],"product_brand":[],"product_cat":[198],"product_tag":[],"class_list":{"0":"post-20033","1":"product","2":"type-product","3":"status-publish","4":"has-post-thumbnail","6":"collection-lyra","7":"product_model-110","8":"product_cat-asoleadoras-sin-cojines","10":"first","11":"instock","12":"taxable","13":"shipping-taxable","14":"purchasable","15":"product-type-simple"},"acf":{"wproduct_subtitle":"Aluminio y textileno Blanco","wproduct_instruction_manual_url":"https:\/\/media.adeo.com\/media\/4498646\/QUA-IMS-3276007278620-3276007278644_LYRA II_SUNBED_IM.pdf","uy_product_type":"","image_content_block_1":20297,"title_content_block_1":"Descanso en movimiento","text_content_block_1":"Gracias a sus ruedas y respaldo regulable, esta asoleadora se adapta f\u00e1cilmente al sol y a la sombra.","image_content_block_2":20298,"title_content_block_2":"LYRA: ligereza y confort","text_content_block_2":"Naterial dise\u00f1a la serie LYRA para ofrecer asoleadoras pr\u00e1cticas, resistentes y f\u00e1ciles de usar en terrazas y jardines.","image_content_block_3":20299,"title_content_block_3":"Cuidado del textileno","text_content_block_3":"Limpia con agua y jab\u00f3n neutro y deja secar completamente antes de guardarla o cubrirla.","image_content_block_4":"","title_content_block_4":"","text_content_block_4":"","image_content_block_5":"","title_content_block_5":"","text_content_block_5":""},"_links":{"self":[{"href":"https:\/\/www.naterial.com\/co\/wp-json\/wp\/v2\/product\/20033","targetHints":{"allow":["GET"]}}],"collection":[{"href":"https:\/\/www.naterial.com\/co\/wp-json\/wp\/v2\/product"}],"about":[{"href":"https:\/\/www.naterial.com\/co\/wp-json\/wp\/v2\/types\/product"}],"replies":[{"embeddable":true,"href":"https:\/\/www.naterial.com\/co\/wp-json\/wp\/v2\/comments?post=20033"}],"version-history":[{"count":3,"href":"https:\/\/www.naterial.com\/co\/wp-json\/wp\/v2\/product\/20033\/revisions"}],"predecessor-version":[{"id":24222,"href":"https:\/\/www.naterial.com\/co\/wp-json\/wp\/v2\/product\/20033\/revisions\/24222"}],"wp:featuredmedia":[{"embeddable":true,"href":"https:\/\/www.naterial.com\/co\/wp-json\/wp\/v2\/media\/20793"}],"wp:attachment":[{"href":"https:\/\/www.naterial.com\/co\/wp-json\/wp\/v2\/media?parent=20033"}],"wp:term":[{"taxonomy":"collection","embeddable":true,"href":"https:\/\/www.naterial.com\/co\/wp-json\/wp\/v2\/collection?post=20033"},{"taxonomy":"product_model","embeddable":true,"href":"https:\/\/www.naterial.com\/co\/wp-json\/wp\/v2\/product_model?post=20033"},{"taxonomy":"product_brand","embeddable":true,"href":"https:\/\/www.naterial.com\/co\/wp-json\/wp\/v2\/product_brand?post=20033"},{"taxonomy":"product_cat","embeddable":true,"href":"https:\/\/www.naterial.com\/co\/wp-json\/wp\/v2\/product_cat?post=20033"},{"taxonomy":"product_tag","embeddable":true,"href":"https:\/\/www.naterial.com\/co\/wp-json\/wp\/v2\/product_tag?post=20033"}],"curies":[{"name":"wp","href":"https:\/\/api.w.org\/{rel}","templated":true}]}}