{"id":20071,"date":"2026-02-12T10:34:21","date_gmt":"2026-02-12T09:34:21","guid":{"rendered":"https:\/\/www.naterial.com\/co\/?product=sillon-reclinable-acero-y-textileno-rio-2"},"modified":"2026-04-25T16:15:32","modified_gmt":"2026-04-25T14:15:32","slug":"sillon-rio-2","status":"publish","type":"product","link":"https:\/\/www.naterial.com\/co\/producto\/sillon-rio-2\/","title":{"rendered":"Sill\u00f3n RIO"},"content":{"rendered":"","protected":false},"excerpt":{"rendered":"<p>Ideal para relajarse al sol o leer en calma, acompa\u00f1a el descanso en terrazas y jardines.<\/p>\n","protected":false},"featured_media":21498,"comment_status":"closed","ping_status":"closed","template":"","meta":{"_acf_changed":false,"footnotes":""},"collection":[167],"product_model":[107],"product_brand":[],"product_cat":[198],"product_tag":[],"class_list":{"0":"post-20071","1":"product","2":"type-product","3":"status-publish","4":"has-post-thumbnail","6":"collection-rio","7":"product_model-107","8":"product_cat-asoleadoras-sin-cojines","10":"first","11":"instock","12":"taxable","13":"shipping-taxable","14":"purchasable","15":"product-type-simple"},"acf":{"wproduct_subtitle":"Acero y textileno Gris oscuro","wproduct_instruction_manual_url":"https:\/\/media.adeo.com\/media\/4498588\/instructionsmanual","uy_product_type":"","image_content_block_1":20419,"title_content_block_1":"Relajarse sin esfuerzo","text_content_block_1":"Este sill\u00f3n Rio acompa\u00f1a tus momentos de descanso en terraza o jard\u00edn con una postura c\u00f3moda y fresca.","image_content_block_2":20420,"title_content_block_2":"RIO: sencillez funcional","text_content_block_2":"Naterial apuesta por estructuras de acero y textileno transpirable para un confort duradero.","image_content_block_3":20421,"title_content_block_3":"Cuidado diario","text_content_block_3":"Limpia la estructura con agua y seca tras la lluvia para prolongar su vida \u00fatil.","image_content_block_4":"","title_content_block_4":"","text_content_block_4":"","image_content_block_5":"","title_content_block_5":"","text_content_block_5":""},"_links":{"self":[{"href":"https:\/\/www.naterial.com\/co\/wp-json\/wp\/v2\/product\/20071","targetHints":{"allow":["GET"]}}],"collection":[{"href":"https:\/\/www.naterial.com\/co\/wp-json\/wp\/v2\/product"}],"about":[{"href":"https:\/\/www.naterial.com\/co\/wp-json\/wp\/v2\/types\/product"}],"replies":[{"embeddable":true,"href":"https:\/\/www.naterial.com\/co\/wp-json\/wp\/v2\/comments?post=20071"}],"version-history":[{"count":3,"href":"https:\/\/www.naterial.com\/co\/wp-json\/wp\/v2\/product\/20071\/revisions"}],"predecessor-version":[{"id":24229,"href":"https:\/\/www.naterial.com\/co\/wp-json\/wp\/v2\/product\/20071\/revisions\/24229"}],"wp:featuredmedia":[{"embeddable":true,"href":"https:\/\/www.naterial.com\/co\/wp-json\/wp\/v2\/media\/21498"}],"wp:attachment":[{"href":"https:\/\/www.naterial.com\/co\/wp-json\/wp\/v2\/media?parent=20071"}],"wp:term":[{"taxonomy":"collection","embeddable":true,"href":"https:\/\/www.naterial.com\/co\/wp-json\/wp\/v2\/collection?post=20071"},{"taxonomy":"product_model","embeddable":true,"href":"https:\/\/www.naterial.com\/co\/wp-json\/wp\/v2\/product_model?post=20071"},{"taxonomy":"product_brand","embeddable":true,"href":"https:\/\/www.naterial.com\/co\/wp-json\/wp\/v2\/product_brand?post=20071"},{"taxonomy":"product_cat","embeddable":true,"href":"https:\/\/www.naterial.com\/co\/wp-json\/wp\/v2\/product_cat?post=20071"},{"taxonomy":"product_tag","embeddable":true,"href":"https:\/\/www.naterial.com\/co\/wp-json\/wp\/v2\/product_tag?post=20071"}],"curies":[{"name":"wp","href":"https:\/\/api.w.org\/{rel}","templated":true}]}}