{"id":20106,"date":"2026-02-12T10:34:47","date_gmt":"2026-02-12T09:34:47","guid":{"rendered":"https:\/\/www.naterial.com\/co\/?product=mesa-de-exterior-extensible-aluminio-y-ceramica-gaia"},"modified":"2026-04-25T12:48:56","modified_gmt":"2026-04-25T10:48:56","slug":"mesa-de-comedor-ext-6-8p-de-exterior-gaia","status":"publish","type":"product","link":"https:\/\/www.naterial.com\/co\/producto\/mesa-de-comedor-ext-6-8p-de-exterior-gaia\/","title":{"rendered":"Mesa de comedor Ext 6\/8P de exterior GAIA"},"content":{"rendered":"","protected":false},"excerpt":{"rendered":"<p>La mesa extensible Gaia se adapta a tus planes y convierte cada encuentro en una comida al aire libre para disfrutar.<\/p>\n","protected":false},"featured_media":20974,"comment_status":"closed","ping_status":"closed","template":"","meta":{"_acf_changed":false,"footnotes":""},"collection":[175,169],"product_model":[67],"product_brand":[],"product_cat":[207],"product_tag":[],"class_list":{"0":"post-20106","1":"product","2":"type-product","3":"status-publish","4":"has-post-thumbnail","6":"collection-coleccion-2026","7":"collection-gaia","8":"product_model-67","9":"product_cat-mesas-de-exterior-extensibles-comedores-de-exterior","11":"first","12":"instock","13":"taxable","14":"shipping-taxable","15":"purchasable","16":"product-type-simple"},"acf":{"wproduct_subtitle":"Aluminio imitaci\u00f3n madera y ceramico, 191.5\/257x96 cm","wproduct_instruction_manual_url":"https:\/\/media.adeo.com\/media\/4248641\/instructionsmanual","uy_product_type":"","image_content_block_1":20516,"title_content_block_1":"Comedor exterior que se adapta","text_content_block_1":"Esta mesa extensible te da flexibilidad para reuniones y comidas al aire libre. Perfecta para familias y anfitriones frecuentes.","image_content_block_2":20517,"title_content_block_2":"GAIA, dise\u00f1o europeo Naterial","text_content_block_2":"La serie GAIA refleja el dise\u00f1o franc\u00e9s funcional: l\u00edneas limpias, coherencia y buena relaci\u00f3n calidad\u2013dise\u00f1o. Naterial se posiciona aqu\u00ed como referencia en comedores de exterior.","image_content_block_3":20518,"title_content_block_3":"Mantenimiento","text_content_block_3":"Limpieza con agua y jab\u00f3n neutro.","image_content_block_4":"","title_content_block_4":"","text_content_block_4":"","image_content_block_5":"","title_content_block_5":"","text_content_block_5":""},"_links":{"self":[{"href":"https:\/\/www.naterial.com\/co\/wp-json\/wp\/v2\/product\/20106","targetHints":{"allow":["GET"]}}],"collection":[{"href":"https:\/\/www.naterial.com\/co\/wp-json\/wp\/v2\/product"}],"about":[{"href":"https:\/\/www.naterial.com\/co\/wp-json\/wp\/v2\/types\/product"}],"replies":[{"embeddable":true,"href":"https:\/\/www.naterial.com\/co\/wp-json\/wp\/v2\/comments?post=20106"}],"version-history":[{"count":3,"href":"https:\/\/www.naterial.com\/co\/wp-json\/wp\/v2\/product\/20106\/revisions"}],"predecessor-version":[{"id":24233,"href":"https:\/\/www.naterial.com\/co\/wp-json\/wp\/v2\/product\/20106\/revisions\/24233"}],"wp:featuredmedia":[{"embeddable":true,"href":"https:\/\/www.naterial.com\/co\/wp-json\/wp\/v2\/media\/20974"}],"wp:attachment":[{"href":"https:\/\/www.naterial.com\/co\/wp-json\/wp\/v2\/media?parent=20106"}],"wp:term":[{"taxonomy":"collection","embeddable":true,"href":"https:\/\/www.naterial.com\/co\/wp-json\/wp\/v2\/collection?post=20106"},{"taxonomy":"product_model","embeddable":true,"href":"https:\/\/www.naterial.com\/co\/wp-json\/wp\/v2\/product_model?post=20106"},{"taxonomy":"product_brand","embeddable":true,"href":"https:\/\/www.naterial.com\/co\/wp-json\/wp\/v2\/product_brand?post=20106"},{"taxonomy":"product_cat","embeddable":true,"href":"https:\/\/www.naterial.com\/co\/wp-json\/wp\/v2\/product_cat?post=20106"},{"taxonomy":"product_tag","embeddable":true,"href":"https:\/\/www.naterial.com\/co\/wp-json\/wp\/v2\/product_tag?post=20106"}],"curies":[{"name":"wp","href":"https:\/\/api.w.org\/{rel}","templated":true}]}}