{"id":20109,"date":"2026-02-12T10:34:49","date_gmt":"2026-02-12T09:34:49","guid":{"rendered":"https:\/\/www.naterial.com\/co\/?product=mesa-de-exterior-extensible-aluminio-y-cristal-lyra-ii-2"},"modified":"2026-04-25T13:50:12","modified_gmt":"2026-04-25T11:50:12","slug":"mesa-de-comedor-ext-4-10p-de-exterior-lyra-4","status":"publish","type":"product","link":"https:\/\/www.naterial.com\/co\/producto\/mesa-de-comedor-ext-4-10p-de-exterior-lyra-4\/","title":{"rendered":"Mesa de comedor Ext 4\/10P de exterior LYRA"},"content":{"rendered":"","protected":false},"excerpt":{"rendered":"<p>Ideal para el d\u00eda a d\u00eda, acompa\u00f1a comidas y reuniones en un comedor exterior luminoso.<\/p>\n","protected":false},"featured_media":20990,"comment_status":"closed","ping_status":"closed","template":"","meta":{"_acf_changed":false,"footnotes":""},"collection":[126],"product_model":[67],"product_brand":[],"product_cat":[207],"product_tag":[],"class_list":{"0":"post-20109","1":"product","2":"type-product","3":"status-publish","4":"has-post-thumbnail","6":"collection-lyra","7":"product_model-67","8":"product_cat-mesas-de-exterior-extensibles-comedores-de-exterior","10":"first","11":"instock","12":"taxable","13":"shipping-taxable","14":"purchasable","15":"product-type-simple"},"acf":{"wproduct_subtitle":"Aluminio Blanco y vidrio, 135\/270x90 cm","wproduct_instruction_manual_url":"https:\/\/media.adeo.com\/media\/4369319\/instructionsmanual","uy_product_type":"","image_content_block_1":20527,"title_content_block_1":"Uso vers\u00e1til","text_content_block_1":"Funciona tanto en balcones amplios como en terrazas familiares.","image_content_block_2":20528,"title_content_block_2":"ADN de la colecci\u00f3n","text_content_block_2":"La serie combina funcionalidad y dise\u00f1o sencillo.","image_content_block_3":20529,"title_content_block_3":"Buen cuidado","text_content_block_3":"Limpia y seca despu\u00e9s de la lluvia.","image_content_block_4":"","title_content_block_4":"","text_content_block_4":"","image_content_block_5":"","title_content_block_5":"","text_content_block_5":""},"_links":{"self":[{"href":"https:\/\/www.naterial.com\/co\/wp-json\/wp\/v2\/product\/20109","targetHints":{"allow":["GET"]}}],"collection":[{"href":"https:\/\/www.naterial.com\/co\/wp-json\/wp\/v2\/product"}],"about":[{"href":"https:\/\/www.naterial.com\/co\/wp-json\/wp\/v2\/types\/product"}],"replies":[{"embeddable":true,"href":"https:\/\/www.naterial.com\/co\/wp-json\/wp\/v2\/comments?post=20109"}],"version-history":[{"count":3,"href":"https:\/\/www.naterial.com\/co\/wp-json\/wp\/v2\/product\/20109\/revisions"}],"predecessor-version":[{"id":24235,"href":"https:\/\/www.naterial.com\/co\/wp-json\/wp\/v2\/product\/20109\/revisions\/24235"}],"wp:featuredmedia":[{"embeddable":true,"href":"https:\/\/www.naterial.com\/co\/wp-json\/wp\/v2\/media\/20990"}],"wp:attachment":[{"href":"https:\/\/www.naterial.com\/co\/wp-json\/wp\/v2\/media?parent=20109"}],"wp:term":[{"taxonomy":"collection","embeddable":true,"href":"https:\/\/www.naterial.com\/co\/wp-json\/wp\/v2\/collection?post=20109"},{"taxonomy":"product_model","embeddable":true,"href":"https:\/\/www.naterial.com\/co\/wp-json\/wp\/v2\/product_model?post=20109"},{"taxonomy":"product_brand","embeddable":true,"href":"https:\/\/www.naterial.com\/co\/wp-json\/wp\/v2\/product_brand?post=20109"},{"taxonomy":"product_cat","embeddable":true,"href":"https:\/\/www.naterial.com\/co\/wp-json\/wp\/v2\/product_cat?post=20109"},{"taxonomy":"product_tag","embeddable":true,"href":"https:\/\/www.naterial.com\/co\/wp-json\/wp\/v2\/product_tag?post=20109"}],"curies":[{"name":"wp","href":"https:\/\/api.w.org\/{rel}","templated":true}]}}