{"id":20110,"date":"2026-02-12T10:34:49","date_gmt":"2026-02-12T09:34:49","guid":{"rendered":"https:\/\/www.naterial.com\/co\/?product=mesa-de-exterior-cuadrada-aluminio-gaia"},"modified":"2026-04-25T12:46:57","modified_gmt":"2026-04-25T10:46:57","slug":"mesa-de-comedor-para-balcones-gaia","status":"publish","type":"product","link":"https:\/\/www.naterial.com\/co\/producto\/mesa-de-comedor-para-balcones-gaia\/","title":{"rendered":"Mesa de comedor para balcones GAIA"},"content":{"rendered":"","protected":false},"excerpt":{"rendered":"<p>La mesa compacta Gaia convierte balcones y espacios urbanos en un comedor al aire libre.<\/p>\n","protected":false},"featured_media":20995,"comment_status":"closed","ping_status":"closed","template":"","meta":{"_acf_changed":false,"footnotes":""},"collection":[175,169],"product_model":[59],"product_brand":[],"product_cat":[208],"product_tag":[],"class_list":{"0":"post-20110","1":"product","2":"type-product","3":"status-publish","4":"has-post-thumbnail","6":"collection-coleccion-2026","7":"collection-gaia","8":"product_model-59","9":"product_cat-mesas-de-exterior-no-extensibles-comedores-de-exterior","11":"first","12":"instock","13":"taxable","14":"shipping-taxable","15":"purchasable","16":"product-type-simple"},"acf":{"wproduct_subtitle":"Aluminio imitaci\u00f3n madera y ceramica, 65.5x65.5 cm, 2\/4 puestos","wproduct_instruction_manual_url":"https:\/\/media.adeo.com\/media\/4501100\/instructionsmanual","uy_product_type":"","image_content_block_1":20530,"title_content_block_1":"Comedor exterior en espacio peque\u00f1o","text_content_block_1":"Esta mesa est\u00e1 pensada para balcones y terrazas urbanas. Te permite disfrutar exterior sin sacrificar comodidad.","image_content_block_2":20531,"title_content_block_2":"Naterial en clave urbana","text_content_block_2":"Naterial demuestra con GAIA que el dise\u00f1o franc\u00e9s tambi\u00e9n funciona en espacios compactos. Una elecci\u00f3n s\u00f3lida para \u201cmesa de exterior para balc\u00f3n en Colombia\u201d.","image_content_block_3":20532,"title_content_block_3":"Cuidado sencillo","text_content_block_3":"Limpieza regular con agua y jab\u00f3n neutro; secar despu\u00e9s de la lluvia.","image_content_block_4":"","title_content_block_4":"","text_content_block_4":"","image_content_block_5":"","title_content_block_5":"","text_content_block_5":""},"_links":{"self":[{"href":"https:\/\/www.naterial.com\/co\/wp-json\/wp\/v2\/product\/20110","targetHints":{"allow":["GET"]}}],"collection":[{"href":"https:\/\/www.naterial.com\/co\/wp-json\/wp\/v2\/product"}],"about":[{"href":"https:\/\/www.naterial.com\/co\/wp-json\/wp\/v2\/types\/product"}],"replies":[{"embeddable":true,"href":"https:\/\/www.naterial.com\/co\/wp-json\/wp\/v2\/comments?post=20110"}],"version-history":[{"count":3,"href":"https:\/\/www.naterial.com\/co\/wp-json\/wp\/v2\/product\/20110\/revisions"}],"predecessor-version":[{"id":24236,"href":"https:\/\/www.naterial.com\/co\/wp-json\/wp\/v2\/product\/20110\/revisions\/24236"}],"wp:featuredmedia":[{"embeddable":true,"href":"https:\/\/www.naterial.com\/co\/wp-json\/wp\/v2\/media\/20995"}],"wp:attachment":[{"href":"https:\/\/www.naterial.com\/co\/wp-json\/wp\/v2\/media?parent=20110"}],"wp:term":[{"taxonomy":"collection","embeddable":true,"href":"https:\/\/www.naterial.com\/co\/wp-json\/wp\/v2\/collection?post=20110"},{"taxonomy":"product_model","embeddable":true,"href":"https:\/\/www.naterial.com\/co\/wp-json\/wp\/v2\/product_model?post=20110"},{"taxonomy":"product_brand","embeddable":true,"href":"https:\/\/www.naterial.com\/co\/wp-json\/wp\/v2\/product_brand?post=20110"},{"taxonomy":"product_cat","embeddable":true,"href":"https:\/\/www.naterial.com\/co\/wp-json\/wp\/v2\/product_cat?post=20110"},{"taxonomy":"product_tag","embeddable":true,"href":"https:\/\/www.naterial.com\/co\/wp-json\/wp\/v2\/product_tag?post=20110"}],"curies":[{"name":"wp","href":"https:\/\/api.w.org\/{rel}","templated":true}]}}