{"id":20141,"date":"2026-02-12T10:35:12","date_gmt":"2026-02-12T09:35:12","guid":{"rendered":"https:\/\/www.naterial.com\/co\/?product=muebles-de-exterior-ceramica-y-aluminio-gaia"},"modified":"2026-04-25T12:43:55","modified_gmt":"2026-04-25T10:43:55","slug":"sala-de-exterior-4p-gaia","status":"publish","type":"product","link":"https:\/\/www.naterial.com\/co\/producto\/sala-de-exterior-4p-gaia\/","title":{"rendered":"Sala de exterior 4P GAIA"},"content":{"rendered":"","protected":false},"excerpt":{"rendered":"<p>Con Gaia, el lounge se siente equilibrado y acogedor, listo para disfrutar el exterior en cualquier plan.<\/p>\n","protected":false},"featured_media":21118,"comment_status":"closed","ping_status":"closed","template":"","meta":{"_acf_changed":false,"footnotes":""},"collection":[175,169],"product_model":[105],"product_brand":[],"product_cat":[106],"product_tag":[],"class_list":{"0":"post-20141","1":"product","2":"type-product","3":"status-publish","4":"has-post-thumbnail","6":"collection-coleccion-2026","7":"collection-gaia","8":"product_model-105","9":"product_cat-juegos-de-sala","11":"first","12":"instock","13":"taxable","14":"shipping-taxable","15":"purchasable","16":"product-type-simple"},"acf":{"wproduct_subtitle":"Aluminio imitaci\u00f3n madera y ceramica, Sof\u00e1 de 2 puestos, 2 sillones y mesa de centro","wproduct_instruction_manual_url":"https:\/\/media.adeo.com\/media\/4501093\/instructionsmanual","uy_product_type":"","image_content_block_1":20626,"title_content_block_1":"Un sal\u00f3n para compartir","text_content_block_1":"El sal\u00f3n Gaia crea un espacio c\u00f3modo para relajarse y recibir invitados. Ideal para terrazas y jardines modernos.","image_content_block_2":20627,"title_content_block_2":"Materiales bien pensados","text_content_block_2":"Aluminio anticorrosivo, superficie cer\u00e1mica y detalles efecto madera aportan estilo y durabilidad.","image_content_block_3":20628,"title_content_block_3":"Pensado para el d\u00eda a d\u00eda","text_content_block_3":"F\u00e1cil de limpiar y mantener, perfecto para uso frecuente en exteriores.","image_content_block_4":"","title_content_block_4":"","text_content_block_4":"","image_content_block_5":"","title_content_block_5":"","text_content_block_5":""},"_links":{"self":[{"href":"https:\/\/www.naterial.com\/co\/wp-json\/wp\/v2\/product\/20141","targetHints":{"allow":["GET"]}}],"collection":[{"href":"https:\/\/www.naterial.com\/co\/wp-json\/wp\/v2\/product"}],"about":[{"href":"https:\/\/www.naterial.com\/co\/wp-json\/wp\/v2\/types\/product"}],"replies":[{"embeddable":true,"href":"https:\/\/www.naterial.com\/co\/wp-json\/wp\/v2\/comments?post=20141"}],"version-history":[{"count":4,"href":"https:\/\/www.naterial.com\/co\/wp-json\/wp\/v2\/product\/20141\/revisions"}],"predecessor-version":[{"id":24242,"href":"https:\/\/www.naterial.com\/co\/wp-json\/wp\/v2\/product\/20141\/revisions\/24242"}],"wp:featuredmedia":[{"embeddable":true,"href":"https:\/\/www.naterial.com\/co\/wp-json\/wp\/v2\/media\/21118"}],"wp:attachment":[{"href":"https:\/\/www.naterial.com\/co\/wp-json\/wp\/v2\/media?parent=20141"}],"wp:term":[{"taxonomy":"collection","embeddable":true,"href":"https:\/\/www.naterial.com\/co\/wp-json\/wp\/v2\/collection?post=20141"},{"taxonomy":"product_model","embeddable":true,"href":"https:\/\/www.naterial.com\/co\/wp-json\/wp\/v2\/product_model?post=20141"},{"taxonomy":"product_brand","embeddable":true,"href":"https:\/\/www.naterial.com\/co\/wp-json\/wp\/v2\/product_brand?post=20141"},{"taxonomy":"product_cat","embeddable":true,"href":"https:\/\/www.naterial.com\/co\/wp-json\/wp\/v2\/product_cat?post=20141"},{"taxonomy":"product_tag","embeddable":true,"href":"https:\/\/www.naterial.com\/co\/wp-json\/wp\/v2\/product_tag?post=20141"}],"curies":[{"name":"wp","href":"https:\/\/api.w.org\/{rel}","templated":true}]}}