{"id":23401,"date":"2026-03-12T15:29:33","date_gmt":"2026-03-12T14:29:33","guid":{"rendered":"https:\/\/www.naterial.com\/co\/producto\/mesa-de-comedor-ext-6-10p-de-exterior-odyssea-3\/"},"modified":"2026-04-25T14:05:31","modified_gmt":"2026-04-25T12:05:31","slug":"mesa-de-comedor-ext-6-10p-de-exterior-odyssea-3","status":"publish","type":"product","link":"https:\/\/www.naterial.com\/co\/producto\/mesa-de-comedor-ext-6-10p-de-exterior-odyssea-3\/","title":{"rendered":"Mesa de comedor Ext 6\/10P de exterior ODYSSEA+"},"content":{"rendered":"","protected":false},"excerpt":{"rendered":"<p>Con Odyssea+, la mesa se adapta a tus planes: de almuerzo familiar a reuni\u00f3n grande, sin esfuerzo.<\/p>\n","protected":false},"featured_media":22832,"comment_status":"closed","ping_status":"closed","template":"","meta":{"_acf_changed":false,"footnotes":""},"collection":[113],"product_model":[67],"product_brand":[],"product_cat":[207],"product_tag":[],"class_list":{"0":"post-23401","1":"product","2":"type-product","3":"status-publish","4":"has-post-thumbnail","6":"collection-odyssea","7":"product_model-67","8":"product_cat-mesas-de-exterior-extensibles-comedores-de-exterior","10":"first","11":"instock","12":"taxable","13":"shipping-taxable","14":"purchasable","15":"product-type-simple"},"acf":{"wproduct_subtitle":"Aluminio imitac\u00f3n madera, 188\/244x100 cm","wproduct_instruction_manual_url":"https:\/\/media.adeo.com\/media\/4998554\/instructionsmanual","uy_product_type":"","image_content_block_1":22832,"title_content_block_1":"Mesa lista para recibir","text_content_block_1":"La mesa ODYSSEA+ se abre y se cierra f\u00e1cil para pasar de 6 a 10 puestos sin enredos. Ideal para terrazas amplias, jardines y zonas sociales de condominios.","image_content_block_2":23803,"title_content_block_2":"Dise\u00f1o inteligente, material pro","text_content_block_2":"Estructura en aluminio resistente a la intemperie con un look efecto madera en las lamas: est\u00e9tica c\u00e1lida sin el mantenimiento de una madera natural. Naterial demuestra aqu\u00ed su experiencia en comedores de exterior \u201cde batalla\u201d pero con estilo.","image_content_block_3":23804,"title_content_block_3":"Cuidado (aluminio + acabado)","text_content_block_3":"Lava con agua y jab\u00f3n neutro, esponja suave y enjuague; seca para evitar manchas de agua. Mant\u00e9n el riel\/mecanismo libre de arena\/polvo (un cepillo suave ayuda) y revisa tornillos ocasionalmente. Recomendaci\u00f3n: usa funda en temporadas de lluvia fuerte y evita productos abrasivos para conservar el acabado.","image_content_block_4":"","title_content_block_4":"","text_content_block_4":"","image_content_block_5":"","title_content_block_5":"","text_content_block_5":""},"_links":{"self":[{"href":"https:\/\/www.naterial.com\/co\/wp-json\/wp\/v2\/product\/23401","targetHints":{"allow":["GET"]}}],"collection":[{"href":"https:\/\/www.naterial.com\/co\/wp-json\/wp\/v2\/product"}],"about":[{"href":"https:\/\/www.naterial.com\/co\/wp-json\/wp\/v2\/types\/product"}],"replies":[{"embeddable":true,"href":"https:\/\/www.naterial.com\/co\/wp-json\/wp\/v2\/comments?post=23401"}],"version-history":[{"count":1,"href":"https:\/\/www.naterial.com\/co\/wp-json\/wp\/v2\/product\/23401\/revisions"}],"predecessor-version":[{"id":23623,"href":"https:\/\/www.naterial.com\/co\/wp-json\/wp\/v2\/product\/23401\/revisions\/23623"}],"wp:featuredmedia":[{"embeddable":true,"href":"https:\/\/www.naterial.com\/co\/wp-json\/wp\/v2\/media\/22832"}],"wp:attachment":[{"href":"https:\/\/www.naterial.com\/co\/wp-json\/wp\/v2\/media?parent=23401"}],"wp:term":[{"taxonomy":"collection","embeddable":true,"href":"https:\/\/www.naterial.com\/co\/wp-json\/wp\/v2\/collection?post=23401"},{"taxonomy":"product_model","embeddable":true,"href":"https:\/\/www.naterial.com\/co\/wp-json\/wp\/v2\/product_model?post=23401"},{"taxonomy":"product_brand","embeddable":true,"href":"https:\/\/www.naterial.com\/co\/wp-json\/wp\/v2\/product_brand?post=23401"},{"taxonomy":"product_cat","embeddable":true,"href":"https:\/\/www.naterial.com\/co\/wp-json\/wp\/v2\/product_cat?post=23401"},{"taxonomy":"product_tag","embeddable":true,"href":"https:\/\/www.naterial.com\/co\/wp-json\/wp\/v2\/product_tag?post=23401"}],"curies":[{"name":"wp","href":"https:\/\/api.w.org\/{rel}","templated":true}]}}