{"id":23411,"date":"2026-03-12T15:29:44","date_gmt":"2026-03-12T14:29:44","guid":{"rendered":"https:\/\/www.naterial.com\/co\/producto\/mesa-de-comedor-ext-6-8p-de-exterior-atlas\/"},"modified":"2026-03-31T09:59:36","modified_gmt":"2026-03-31T07:59:36","slug":"mesa-de-comedor-ext-6-8p-de-exterior-atlas","status":"publish","type":"product","link":"https:\/\/www.naterial.com\/co\/producto\/mesa-de-comedor-ext-6-8p-de-exterior-atlas\/","title":{"rendered":"Mesa de comedor Ext 6\/8P de exterior ATLAS"},"content":{"rendered":"","protected":false},"excerpt":{"rendered":"<p>La colecci\u00f3n Atlas crea un espacio natural para reunir hasta ocho personas alrededor de una buena comida.<\/p>\n","protected":false},"featured_media":22518,"comment_status":"closed","ping_status":"closed","template":"","meta":{"_acf_changed":false,"footnotes":""},"collection":[255],"product_model":[67],"product_brand":[],"product_cat":[207],"product_tag":[],"class_list":{"0":"post-23411","1":"product","2":"type-product","3":"status-publish","4":"has-post-thumbnail","6":"collection-atlas","7":"product_model-67","8":"product_cat-mesas-de-exterior-extensibles-comedores-de-exterior","10":"first","11":"instock","12":"taxable","13":"shipping-taxable","14":"product-type-simple"},"acf":{"wproduct_subtitle":"Acacia FSC, 180\/241.8x90x75 cm","wproduct_instruction_manual_url":"","uy_product_type":"","image_content_block_1":22484,"title_content_block_1":"La mesa que re\u00fane","text_content_block_1":"Gracias a su extensi\u00f3n tipo mariposa, esta mesa permite recibir c\u00f3modamente a familia y amigos en terraza o jard\u00edn.","image_content_block_2":22486,"title_content_block_2":"ATLAS: calidez natural","text_content_block_2":"Con la serie ATLAS, Naterial apuesta por la acacia FSC para crear mesas robustas y acogedoras, pensadas para el exterior colombiano.","image_content_block_3":23815,"title_content_block_3":"Cuidado de la acacia","text_content_block_3":"Aplica aceite protector peri\u00f3dicamente y protege la mesa de la humedad prolongada para conservar su belleza.","image_content_block_4":null,"title_content_block_4":"","text_content_block_4":"","image_content_block_5":null,"title_content_block_5":"","text_content_block_5":""},"_links":{"self":[{"href":"https:\/\/www.naterial.com\/co\/wp-json\/wp\/v2\/product\/23411","targetHints":{"allow":["GET"]}}],"collection":[{"href":"https:\/\/www.naterial.com\/co\/wp-json\/wp\/v2\/product"}],"about":[{"href":"https:\/\/www.naterial.com\/co\/wp-json\/wp\/v2\/types\/product"}],"replies":[{"embeddable":true,"href":"https:\/\/www.naterial.com\/co\/wp-json\/wp\/v2\/comments?post=23411"}],"version-history":[{"count":1,"href":"https:\/\/www.naterial.com\/co\/wp-json\/wp\/v2\/product\/23411\/revisions"}],"predecessor-version":[{"id":23633,"href":"https:\/\/www.naterial.com\/co\/wp-json\/wp\/v2\/product\/23411\/revisions\/23633"}],"wp:featuredmedia":[{"embeddable":true,"href":"https:\/\/www.naterial.com\/co\/wp-json\/wp\/v2\/media\/22518"}],"wp:attachment":[{"href":"https:\/\/www.naterial.com\/co\/wp-json\/wp\/v2\/media?parent=23411"}],"wp:term":[{"taxonomy":"collection","embeddable":true,"href":"https:\/\/www.naterial.com\/co\/wp-json\/wp\/v2\/collection?post=23411"},{"taxonomy":"product_model","embeddable":true,"href":"https:\/\/www.naterial.com\/co\/wp-json\/wp\/v2\/product_model?post=23411"},{"taxonomy":"product_brand","embeddable":true,"href":"https:\/\/www.naterial.com\/co\/wp-json\/wp\/v2\/product_brand?post=23411"},{"taxonomy":"product_cat","embeddable":true,"href":"https:\/\/www.naterial.com\/co\/wp-json\/wp\/v2\/product_cat?post=23411"},{"taxonomy":"product_tag","embeddable":true,"href":"https:\/\/www.naterial.com\/co\/wp-json\/wp\/v2\/product_tag?post=23411"}],"curies":[{"name":"wp","href":"https:\/\/api.w.org\/{rel}","templated":true}]}}