{"id":23444,"date":"2026-03-12T15:30:16","date_gmt":"2026-03-12T14:30:16","guid":{"rendered":"https:\/\/www.naterial.com\/co\/producto\/silla-de-exterior-paris-2\/"},"modified":"2026-04-25T12:38:06","modified_gmt":"2026-04-25T10:38:06","slug":"silla-de-exterior-paris-2","status":"publish","type":"product","link":"https:\/\/www.naterial.com\/co\/producto\/silla-de-exterior-paris-2\/","title":{"rendered":"Silla de exterior PARIS"},"content":{"rendered":"","protected":false},"excerpt":{"rendered":"<p>Con la colecci\u00f3n Paris, el comedor exterior suma un gui\u00f1o franc\u00e9s lleno de estilo para el uso diario.<\/p>\n","protected":false},"featured_media":22655,"comment_status":"closed","ping_status":"closed","template":"","meta":{"_acf_changed":false,"footnotes":""},"collection":[128,259],"product_model":[46],"product_brand":[],"product_cat":[213],"product_tag":[],"class_list":{"0":"post-23444","1":"product","2":"type-product","3":"status-publish","4":"has-post-thumbnail","6":"collection-coleccion-profesional","7":"collection-paris","8":"product_model-46","9":"product_cat-sillas-de-exterior","11":"first","12":"instock","13":"taxable","14":"shipping-taxable","15":"purchasable","16":"product-type-simple"},"acf":{"wproduct_subtitle":"Aluminio, Blanco y Rojo","wproduct_instruction_manual_url":"https:\/\/media.adeo.com\/media\/3710446\/instructionsmanual","uy_product_type":"","image_content_block_1":22655,"title_content_block_1":"Esp\u00edritu parisino para tu exterior","text_content_block_1":"Esta silla Paris evoca el encanto de las terrazas francesas, donde el dise\u00f1o se vive con naturalidad y elegancia. Ideal para crear un comedor exterior con personalidad, tanto en casa como en espacios profesionales.","image_content_block_2":22643,"title_content_block_2":"PARIS CONTRACT: dise\u00f1o franc\u00e9s, uso intensivo","text_content_block_2":"La serie Paris Contract refleja el saber hacer de Naterial en mobiliario exterior inspirado en el estilo franc\u00e9s, combinando aluminio duradero y trenzado sint\u00e9tico pensado para un uso frecuente en caf\u00e9s, restaurantes y hogares exigentes.","image_content_block_3":22656,"title_content_block_3":"Pensada para el d\u00eda a d\u00eda, f\u00e1cil de cuidar","text_content_block_3":"Su estructura de aluminio y mimbre sint\u00e9tico permite una limpieza sencilla con agua y jab\u00f3n neutro. Resistente al clima y al uso continuo, es perfecta para terrazas activas durante todo el a\u00f1o.","image_content_block_4":"","title_content_block_4":"","text_content_block_4":"","image_content_block_5":"","title_content_block_5":"","text_content_block_5":""},"_links":{"self":[{"href":"https:\/\/www.naterial.com\/co\/wp-json\/wp\/v2\/product\/23444","targetHints":{"allow":["GET"]}}],"collection":[{"href":"https:\/\/www.naterial.com\/co\/wp-json\/wp\/v2\/product"}],"about":[{"href":"https:\/\/www.naterial.com\/co\/wp-json\/wp\/v2\/types\/product"}],"replies":[{"embeddable":true,"href":"https:\/\/www.naterial.com\/co\/wp-json\/wp\/v2\/comments?post=23444"}],"version-history":[{"count":1,"href":"https:\/\/www.naterial.com\/co\/wp-json\/wp\/v2\/product\/23444\/revisions"}],"predecessor-version":[{"id":23666,"href":"https:\/\/www.naterial.com\/co\/wp-json\/wp\/v2\/product\/23444\/revisions\/23666"}],"wp:featuredmedia":[{"embeddable":true,"href":"https:\/\/www.naterial.com\/co\/wp-json\/wp\/v2\/media\/22655"}],"wp:attachment":[{"href":"https:\/\/www.naterial.com\/co\/wp-json\/wp\/v2\/media?parent=23444"}],"wp:term":[{"taxonomy":"collection","embeddable":true,"href":"https:\/\/www.naterial.com\/co\/wp-json\/wp\/v2\/collection?post=23444"},{"taxonomy":"product_model","embeddable":true,"href":"https:\/\/www.naterial.com\/co\/wp-json\/wp\/v2\/product_model?post=23444"},{"taxonomy":"product_brand","embeddable":true,"href":"https:\/\/www.naterial.com\/co\/wp-json\/wp\/v2\/product_brand?post=23444"},{"taxonomy":"product_cat","embeddable":true,"href":"https:\/\/www.naterial.com\/co\/wp-json\/wp\/v2\/product_cat?post=23444"},{"taxonomy":"product_tag","embeddable":true,"href":"https:\/\/www.naterial.com\/co\/wp-json\/wp\/v2\/product_tag?post=23444"}],"curies":[{"name":"wp","href":"https:\/\/api.w.org\/{rel}","templated":true}]}}