{"id":23447,"date":"2026-03-12T15:30:19","date_gmt":"2026-03-12T14:30:19","guid":{"rendered":"https:\/\/www.naterial.com\/co\/producto\/silla-de-exterior-ionis\/"},"modified":"2026-05-10T15:18:37","modified_gmt":"2026-05-10T13:18:37","slug":"silla-de-exterior-ionis","status":"publish","type":"product","link":"https:\/\/www.naterial.com\/co\/producto\/silla-de-exterior-ionis\/","title":{"rendered":"Silla de exterior IONIS"},"content":{"rendered":"","protected":false},"excerpt":{"rendered":"<p>Completa el comedor exterior aportando confort y una est\u00e9tica natural para disfrutar sin prisas.<\/p>\n","protected":false},"featured_media":23119,"comment_status":"closed","ping_status":"closed","template":"","meta":{"_acf_changed":false,"footnotes":""},"collection":[257],"product_model":[46],"product_brand":[],"product_cat":[213],"product_tag":[],"class_list":{"0":"post-23447","1":"product","2":"type-product","3":"status-publish","4":"has-post-thumbnail","6":"collection-ionis","7":"product_model-46","8":"product_cat-sillas-de-exterior","10":"first","11":"instock","12":"taxable","13":"shipping-taxable","14":"purchasable","15":"product-type-simple"},"acf":{"wproduct_subtitle":"Aluminio Gris oscuro y Teca FSC","wproduct_instruction_manual_url":"https:\/\/media.adeo.com\/media\/4495055\/instructionsmanual","uy_product_type":"","image_content_block_1":23119,"title_content_block_1":"Sentarse con comodidad","text_content_block_1":"Esta silla es ideal para comidas al aire libre, ofreciendo una postura c\u00f3moda y f\u00e1cil integraci\u00f3n en comedores exteriores.","image_content_block_2":23121,"title_content_block_2":"IONIS: coherencia y dise\u00f1o","text_content_block_2":"Con la serie IONIS, Naterial crea colecciones coherentes que combinan aluminio anticorrosivo y madera FSC.","image_content_block_3":"","title_content_block_3":"","text_content_block_3":"","image_content_block_4":"","title_content_block_4":"","text_content_block_4":"","image_content_block_5":"","title_content_block_5":"","text_content_block_5":""},"_links":{"self":[{"href":"https:\/\/www.naterial.com\/co\/wp-json\/wp\/v2\/product\/23447","targetHints":{"allow":["GET"]}}],"collection":[{"href":"https:\/\/www.naterial.com\/co\/wp-json\/wp\/v2\/product"}],"about":[{"href":"https:\/\/www.naterial.com\/co\/wp-json\/wp\/v2\/types\/product"}],"replies":[{"embeddable":true,"href":"https:\/\/www.naterial.com\/co\/wp-json\/wp\/v2\/comments?post=23447"}],"version-history":[{"count":2,"href":"https:\/\/www.naterial.com\/co\/wp-json\/wp\/v2\/product\/23447\/revisions"}],"predecessor-version":[{"id":24213,"href":"https:\/\/www.naterial.com\/co\/wp-json\/wp\/v2\/product\/23447\/revisions\/24213"}],"wp:featuredmedia":[{"embeddable":true,"href":"https:\/\/www.naterial.com\/co\/wp-json\/wp\/v2\/media\/23119"}],"wp:attachment":[{"href":"https:\/\/www.naterial.com\/co\/wp-json\/wp\/v2\/media?parent=23447"}],"wp:term":[{"taxonomy":"collection","embeddable":true,"href":"https:\/\/www.naterial.com\/co\/wp-json\/wp\/v2\/collection?post=23447"},{"taxonomy":"product_model","embeddable":true,"href":"https:\/\/www.naterial.com\/co\/wp-json\/wp\/v2\/product_model?post=23447"},{"taxonomy":"product_brand","embeddable":true,"href":"https:\/\/www.naterial.com\/co\/wp-json\/wp\/v2\/product_brand?post=23447"},{"taxonomy":"product_cat","embeddable":true,"href":"https:\/\/www.naterial.com\/co\/wp-json\/wp\/v2\/product_cat?post=23447"},{"taxonomy":"product_tag","embeddable":true,"href":"https:\/\/www.naterial.com\/co\/wp-json\/wp\/v2\/product_tag?post=23447"}],"curies":[{"name":"wp","href":"https:\/\/api.w.org\/{rel}","templated":true}]}}