{"id":23505,"date":"2026-03-12T15:31:11","date_gmt":"2026-03-12T14:31:11","guid":{"rendered":"https:\/\/www.naterial.com\/co\/producto\/mesa-de-centro-de-exterior-okinawa\/"},"modified":"2026-04-25T12:29:04","modified_gmt":"2026-04-25T10:29:04","slug":"mesa-de-centro-de-exterior-okinawa","status":"publish","type":"product","link":"https:\/\/www.naterial.com\/co\/producto\/mesa-de-centro-de-exterior-okinawa\/","title":{"rendered":"Mesa de centro de exterior OKINAWA"},"content":{"rendered":"","protected":false},"excerpt":{"rendered":"<p>Una mesa de centro amplia que organiza el lounge y acompa\u00f1a el d\u00eda a d\u00eda en terraza o jard\u00edn.<\/p>\n","protected":false},"featured_media":22884,"comment_status":"closed","ping_status":"closed","template":"","meta":{"_acf_changed":false,"footnotes":""},"collection":[175,247],"product_model":[59],"product_brand":[],"product_cat":[130],"product_tag":[],"class_list":{"0":"post-23505","1":"product","2":"type-product","3":"status-publish","4":"has-post-thumbnail","6":"collection-coleccion-2026","7":"collection-okinawa","8":"product_model-59","9":"product_cat-mesas-de-centro-y-auxiliares","11":"first","12":"instock","13":"taxable","14":"shipping-taxable","15":"purchasable","16":"product-type-simple"},"acf":{"wproduct_subtitle":"Aluminio imitaci\u00f3n madera, 71x120cm","wproduct_instruction_manual_url":"https:\/\/media.adeo.com\/media\/4892077\/instructionsmanual","uy_product_type":"","image_content_block_1":23789,"title_content_block_1":"El punto de encuentro del lounge","text_content_block_1":"La mesa de centro Okinawa acompa\u00f1a tus planes: caf\u00e9, bebidas, juegos de mesa o picadas con amigos. Funciona muy bien en terrazas y patios donde todo pasa alrededor de la sala exterior.","image_content_block_2":23855,"title_content_block_2":"Okinawa: textura y armon\u00eda","text_content_block_2":"Aluminio con acabado efecto madera y un segundo nivel con correas que aporta dise\u00f1o y orden visual. Naterial cuida estos detalles para que el conjunto se vea \u201carmado\u201d, no improvisado.","image_content_block_3":22885,"title_content_block_3":"Cuidado (acabado + correas)","text_content_block_3":"Limpia la estructura con agua y jab\u00f3n neutro; enjuaga y seca. Para las correas del nivel inferior, cepillo suave + pa\u00f1o h\u00famedo para polvo y manchas; evita solventes. Consejo: usa individuales\/posavasos si apoyas bebidas fr\u00edas para evitar marcas por condensaci\u00f3n.","image_content_block_4":"","title_content_block_4":"","text_content_block_4":"","image_content_block_5":"","title_content_block_5":"","text_content_block_5":""},"_links":{"self":[{"href":"https:\/\/www.naterial.com\/co\/wp-json\/wp\/v2\/product\/23505","targetHints":{"allow":["GET"]}}],"collection":[{"href":"https:\/\/www.naterial.com\/co\/wp-json\/wp\/v2\/product"}],"about":[{"href":"https:\/\/www.naterial.com\/co\/wp-json\/wp\/v2\/types\/product"}],"replies":[{"embeddable":true,"href":"https:\/\/www.naterial.com\/co\/wp-json\/wp\/v2\/comments?post=23505"}],"version-history":[{"count":1,"href":"https:\/\/www.naterial.com\/co\/wp-json\/wp\/v2\/product\/23505\/revisions"}],"predecessor-version":[{"id":23727,"href":"https:\/\/www.naterial.com\/co\/wp-json\/wp\/v2\/product\/23505\/revisions\/23727"}],"wp:featuredmedia":[{"embeddable":true,"href":"https:\/\/www.naterial.com\/co\/wp-json\/wp\/v2\/media\/22884"}],"wp:attachment":[{"href":"https:\/\/www.naterial.com\/co\/wp-json\/wp\/v2\/media?parent=23505"}],"wp:term":[{"taxonomy":"collection","embeddable":true,"href":"https:\/\/www.naterial.com\/co\/wp-json\/wp\/v2\/collection?post=23505"},{"taxonomy":"product_model","embeddable":true,"href":"https:\/\/www.naterial.com\/co\/wp-json\/wp\/v2\/product_model?post=23505"},{"taxonomy":"product_brand","embeddable":true,"href":"https:\/\/www.naterial.com\/co\/wp-json\/wp\/v2\/product_brand?post=23505"},{"taxonomy":"product_cat","embeddable":true,"href":"https:\/\/www.naterial.com\/co\/wp-json\/wp\/v2\/product_cat?post=23505"},{"taxonomy":"product_tag","embeddable":true,"href":"https:\/\/www.naterial.com\/co\/wp-json\/wp\/v2\/product_tag?post=23505"}],"curies":[{"name":"wp","href":"https:\/\/api.w.org\/{rel}","templated":true}]}}