{"id":23520,"date":"2026-03-12T15:31:27","date_gmt":"2026-03-12T14:31:27","guid":{"rendered":"https:\/\/www.naterial.com\/co\/producto\/sillon-de-exterior-okinawa\/"},"modified":"2026-04-25T12:31:42","modified_gmt":"2026-04-25T10:31:42","slug":"sillon-de-exterior-okinawa","status":"publish","type":"product","link":"https:\/\/www.naterial.com\/co\/producto\/sillon-de-exterior-okinawa\/","title":{"rendered":"Sill\u00f3n de exterior OKINAWA"},"content":{"rendered":"","protected":false},"excerpt":{"rendered":"<p>Perfecto para completar la sala exterior, suma un asiento con presencia para relajarse y recibir.<\/p>\n","protected":false},"featured_media":22880,"comment_status":"closed","ping_status":"closed","template":"","meta":{"_acf_changed":false,"footnotes":""},"collection":[175,247],"product_model":[102],"product_brand":[],"product_cat":[104],"product_tag":[],"class_list":{"0":"post-23520","1":"product","2":"type-product","3":"status-publish","4":"has-post-thumbnail","6":"collection-coleccion-2026","7":"collection-okinawa","8":"product_model-102","9":"product_cat-sillones","11":"first","12":"instock","13":"taxable","14":"shipping-taxable","15":"purchasable","16":"product-type-simple"},"acf":{"wproduct_subtitle":"Aluminio imitaci\u00f3n madera y Mimber sint\u00e9tico","wproduct_instruction_manual_url":"https:\/\/media.adeo.com\/media\/4889372\/instructionsmanual","uy_product_type":"","image_content_block_1":23863,"title_content_block_1":"Un asiento que invita a quedarse","text_content_block_1":"El sill\u00f3n Okinawa es ideal para armar un rinc\u00f3n de lectura o para completar tu sala en terraza, balc\u00f3n grande o jard\u00edn. Se siente c\u00f3modo y se ve \u201cde dise\u00f1o\u201d, muy en la l\u00ednea de Naterial.","image_content_block_2":22877,"title_content_block_2":"Detalles que marcan diferencia","text_content_block_2":"Aluminio efecto madera + correas decorativas y coj\u00edn suave: una mezcla que da textura, calidez y estilo. Combina perfecto con el sof\u00e1 y la mesa de centro Okinawa.","image_content_block_3":23864,"title_content_block_3":"Cuidado (rutina simple)","text_content_block_3":"Limpia la estructura con agua jabonosa y pa\u00f1o suave; seca despu\u00e9s. Para las correas, usa cepillo de cerdas suaves para polvo y pa\u00f1o h\u00famedo para manchas; evita qu\u00edmicos fuertes. Coj\u00edn: mantenimiento por manchas con jab\u00f3n neutro, secado completo a la sombra; si no lo vas a usar, gu\u00e1rdalo en interior o en ba\u00fal para exteriores.","image_content_block_4":"","title_content_block_4":"","text_content_block_4":"","image_content_block_5":"","title_content_block_5":"","text_content_block_5":""},"_links":{"self":[{"href":"https:\/\/www.naterial.com\/co\/wp-json\/wp\/v2\/product\/23520","targetHints":{"allow":["GET"]}}],"collection":[{"href":"https:\/\/www.naterial.com\/co\/wp-json\/wp\/v2\/product"}],"about":[{"href":"https:\/\/www.naterial.com\/co\/wp-json\/wp\/v2\/types\/product"}],"replies":[{"embeddable":true,"href":"https:\/\/www.naterial.com\/co\/wp-json\/wp\/v2\/comments?post=23520"}],"version-history":[{"count":1,"href":"https:\/\/www.naterial.com\/co\/wp-json\/wp\/v2\/product\/23520\/revisions"}],"predecessor-version":[{"id":23742,"href":"https:\/\/www.naterial.com\/co\/wp-json\/wp\/v2\/product\/23520\/revisions\/23742"}],"wp:featuredmedia":[{"embeddable":true,"href":"https:\/\/www.naterial.com\/co\/wp-json\/wp\/v2\/media\/22880"}],"wp:attachment":[{"href":"https:\/\/www.naterial.com\/co\/wp-json\/wp\/v2\/media?parent=23520"}],"wp:term":[{"taxonomy":"collection","embeddable":true,"href":"https:\/\/www.naterial.com\/co\/wp-json\/wp\/v2\/collection?post=23520"},{"taxonomy":"product_model","embeddable":true,"href":"https:\/\/www.naterial.com\/co\/wp-json\/wp\/v2\/product_model?post=23520"},{"taxonomy":"product_brand","embeddable":true,"href":"https:\/\/www.naterial.com\/co\/wp-json\/wp\/v2\/product_brand?post=23520"},{"taxonomy":"product_cat","embeddable":true,"href":"https:\/\/www.naterial.com\/co\/wp-json\/wp\/v2\/product_cat?post=23520"},{"taxonomy":"product_tag","embeddable":true,"href":"https:\/\/www.naterial.com\/co\/wp-json\/wp\/v2\/product_tag?post=23520"}],"curies":[{"name":"wp","href":"https:\/\/api.w.org\/{rel}","templated":true}]}}