{"id":23524,"date":"2026-03-12T15:31:30","date_gmt":"2026-03-12T14:31:30","guid":{"rendered":"https:\/\/www.naterial.com\/co\/producto\/sofa-de-exterior-2p-okinawa\/"},"modified":"2026-04-25T12:33:29","modified_gmt":"2026-04-25T10:33:29","slug":"sofa-de-exterior-2p-okinawa","status":"publish","type":"product","link":"https:\/\/www.naterial.com\/co\/producto\/sofa-de-exterior-2p-okinawa\/","title":{"rendered":"Sof\u00e1 de exterior 2P OKINAWA"},"content":{"rendered":"","protected":false},"excerpt":{"rendered":"<p>Un sof\u00e1 de est\u00e9tica c\u00e1lida que crea un lounge moderno y acogedor para disfrutar en terraza o jard\u00edn.<\/p>\n","protected":false},"featured_media":22874,"comment_status":"closed","ping_status":"closed","template":"","meta":{"_acf_changed":false,"footnotes":""},"collection":[175,247],"product_model":[102],"product_brand":[],"product_cat":[133],"product_tag":[],"class_list":{"0":"post-23524","1":"product","2":"type-product","3":"status-publish","4":"has-post-thumbnail","6":"collection-coleccion-2026","7":"collection-okinawa","8":"product_model-102","9":"product_cat-sofas","11":"first","12":"instock","13":"taxable","14":"shipping-taxable","15":"purchasable","16":"product-type-simple"},"acf":{"wproduct_subtitle":"Aluminio imitaci\u00f3n madera y Mimber sint\u00e9tico","wproduct_instruction_manual_url":"https:\/\/media.adeo.com\/media\/4889358\/instructionsmanual","uy_product_type":"","image_content_block_1":23867,"title_content_block_1":"Tu sala exterior, versi\u00f3n \u201ccozy\u201d","text_content_block_1":"El sof\u00e1 2P Okinawa est\u00e1 hecho para conversar, descansar y recibir visitas en la terraza. Naterial lo dise\u00f1a con un look muy actual, sin perder resistencia para exterior.","image_content_block_2":22971,"title_content_block_2":"Okinawa: textura y dise\u00f1o que se nota","text_content_block_2":"Estructura en aluminio con acabado efecto madera y correas anchas que le dan personalidad. Cojines confortables con tela repelente al agua: ideal para uso cotidiano en Colombia (sol, cambios de clima, vida real).","image_content_block_3":23868,"title_content_block_3":"Cuidado (aluminio + correas + cojines)","text_content_block_3":"Aluminio: limpia con jab\u00f3n neutro y pa\u00f1o suave; enjuaga y seca para evitar marcas. Correas: retira polvo con cepillo suave y pasa pa\u00f1o h\u00famedo; evita solventes. Cojines: limpia manchas con agua y jab\u00f3n suave, enjuaga y seca a la sombra; en \u00e9poca de lluvias, gu\u00e1rdalos bajo techo y usa funda para prolongar color y vida \u00fatil.","image_content_block_4":"","title_content_block_4":"","text_content_block_4":"","image_content_block_5":"","title_content_block_5":"","text_content_block_5":""},"_links":{"self":[{"href":"https:\/\/www.naterial.com\/co\/wp-json\/wp\/v2\/product\/23524","targetHints":{"allow":["GET"]}}],"collection":[{"href":"https:\/\/www.naterial.com\/co\/wp-json\/wp\/v2\/product"}],"about":[{"href":"https:\/\/www.naterial.com\/co\/wp-json\/wp\/v2\/types\/product"}],"replies":[{"embeddable":true,"href":"https:\/\/www.naterial.com\/co\/wp-json\/wp\/v2\/comments?post=23524"}],"version-history":[{"count":1,"href":"https:\/\/www.naterial.com\/co\/wp-json\/wp\/v2\/product\/23524\/revisions"}],"predecessor-version":[{"id":23746,"href":"https:\/\/www.naterial.com\/co\/wp-json\/wp\/v2\/product\/23524\/revisions\/23746"}],"wp:featuredmedia":[{"embeddable":true,"href":"https:\/\/www.naterial.com\/co\/wp-json\/wp\/v2\/media\/22874"}],"wp:attachment":[{"href":"https:\/\/www.naterial.com\/co\/wp-json\/wp\/v2\/media?parent=23524"}],"wp:term":[{"taxonomy":"collection","embeddable":true,"href":"https:\/\/www.naterial.com\/co\/wp-json\/wp\/v2\/collection?post=23524"},{"taxonomy":"product_model","embeddable":true,"href":"https:\/\/www.naterial.com\/co\/wp-json\/wp\/v2\/product_model?post=23524"},{"taxonomy":"product_brand","embeddable":true,"href":"https:\/\/www.naterial.com\/co\/wp-json\/wp\/v2\/product_brand?post=23524"},{"taxonomy":"product_cat","embeddable":true,"href":"https:\/\/www.naterial.com\/co\/wp-json\/wp\/v2\/product_cat?post=23524"},{"taxonomy":"product_tag","embeddable":true,"href":"https:\/\/www.naterial.com\/co\/wp-json\/wp\/v2\/product_tag?post=23524"}],"curies":[{"name":"wp","href":"https:\/\/api.w.org\/{rel}","templated":true}]}}