{"id":23529,"date":"2026-03-12T15:31:35","date_gmt":"2026-03-12T14:31:35","guid":{"rendered":"https:\/\/www.naterial.com\/co\/producto\/silla-de-exterior-persea\/"},"modified":"2026-04-25T13:08:34","modified_gmt":"2026-04-25T11:08:34","slug":"silla-de-exterior-persea","status":"publish","type":"product","link":"https:\/\/www.naterial.com\/co\/producto\/silla-de-exterior-persea\/","title":{"rendered":"Silla  de exterior PERSEA"},"content":{"rendered":"","protected":false},"excerpt":{"rendered":"<p>Con la colecci\u00f3n Persea, cada rinc\u00f3n se siente pensado para relajarse con calma y buen gusto.<\/p>\n","protected":false},"featured_media":22751,"comment_status":"closed","ping_status":"closed","template":"","meta":{"_acf_changed":false,"footnotes":""},"collection":[172],"product_model":[102],"product_brand":[],"product_cat":[133],"product_tag":[],"class_list":{"0":"post-23529","1":"product","2":"type-product","3":"status-publish","4":"has-post-thumbnail","6":"collection-persea","7":"product_model-102","8":"product_cat-sofas","10":"first","11":"instock","12":"taxable","13":"shipping-taxable","14":"purchasable","15":"product-type-simple"},"acf":{"wproduct_subtitle":"Aluminio Gris Oscuro y Teca FSC","wproduct_instruction_manual_url":"","uy_product_type":"","image_content_block_1":22751,"title_content_block_1":"Una pieza vers\u00e1til para tu terraza","text_content_block_1":"Esta silla Persea se adapta tanto a zonas lounge como a espacios de descanso exterior. Su dise\u00f1o favorece m\u00faltiples combinaciones.","image_content_block_2":22731,"title_content_block_2":"Calidad visible en los detalles","text_content_block_2":"Naterial cuida materiales y acabados para ofrecer una experiencia exterior duradera y confortable.","image_content_block_3":22750,"title_content_block_3":"Cuidado sencillo","text_content_block_3":"Limpiar con pa\u00f1o h\u00famedo y tratar la madera peri\u00f3dicamente para conservar su aspecto.","image_content_block_4":"","title_content_block_4":"","text_content_block_4":"","image_content_block_5":"","title_content_block_5":"","text_content_block_5":""},"_links":{"self":[{"href":"https:\/\/www.naterial.com\/co\/wp-json\/wp\/v2\/product\/23529","targetHints":{"allow":["GET"]}}],"collection":[{"href":"https:\/\/www.naterial.com\/co\/wp-json\/wp\/v2\/product"}],"about":[{"href":"https:\/\/www.naterial.com\/co\/wp-json\/wp\/v2\/types\/product"}],"replies":[{"embeddable":true,"href":"https:\/\/www.naterial.com\/co\/wp-json\/wp\/v2\/comments?post=23529"}],"version-history":[{"count":2,"href":"https:\/\/www.naterial.com\/co\/wp-json\/wp\/v2\/product\/23529\/revisions"}],"predecessor-version":[{"id":24212,"href":"https:\/\/www.naterial.com\/co\/wp-json\/wp\/v2\/product\/23529\/revisions\/24212"}],"wp:featuredmedia":[{"embeddable":true,"href":"https:\/\/www.naterial.com\/co\/wp-json\/wp\/v2\/media\/22751"}],"wp:attachment":[{"href":"https:\/\/www.naterial.com\/co\/wp-json\/wp\/v2\/media?parent=23529"}],"wp:term":[{"taxonomy":"collection","embeddable":true,"href":"https:\/\/www.naterial.com\/co\/wp-json\/wp\/v2\/collection?post=23529"},{"taxonomy":"product_model","embeddable":true,"href":"https:\/\/www.naterial.com\/co\/wp-json\/wp\/v2\/product_model?post=23529"},{"taxonomy":"product_brand","embeddable":true,"href":"https:\/\/www.naterial.com\/co\/wp-json\/wp\/v2\/product_brand?post=23529"},{"taxonomy":"product_cat","embeddable":true,"href":"https:\/\/www.naterial.com\/co\/wp-json\/wp\/v2\/product_cat?post=23529"},{"taxonomy":"product_tag","embeddable":true,"href":"https:\/\/www.naterial.com\/co\/wp-json\/wp\/v2\/product_tag?post=23529"}],"curies":[{"name":"wp","href":"https:\/\/api.w.org\/{rel}","templated":true}]}}