{"id":19332,"date":"2026-02-10T15:06:21","date_gmt":"2026-02-10T14:06:21","guid":{"rendered":"https:\/\/www.naterial.com\/do\/?page_id=19332"},"modified":"2026-02-25T16:11:48","modified_gmt":"2026-02-25T15:11:48","slug":"conoce-naterial","status":"publish","type":"page","link":"https:\/\/www.naterial.com\/do\/conoce-naterial\/","title":{"rendered":"Conoce Naterial"},"content":{"rendered":"\t\t<div data-elementor-type=\"wp-page\" data-elementor-id=\"19332\" class=\"elementor elementor-19332\" data-elementor-post-type=\"page\">\n\t\t\t\t<div class=\"elementor-element elementor-element-fc676fd e-con-full e-flex e-con e-parent\" data-id=\"fc676fd\" data-element_type=\"container\" data-e-type=\"container\" data-settings=\"{&quot;background_background&quot;:&quot;classic&quot;}\">\n\t\t\t\t<div class=\"elementor-element elementor-element-3fcee2c2 animated-slow elementor-invisible elementor-widget elementor-widget-heading\" data-id=\"3fcee2c2\" data-element_type=\"widget\" data-e-type=\"widget\" data-settings=\"{&quot;_animation&quot;:&quot;fadeInUp&quot;}\" data-widget_type=\"heading.default\">\n\t\t\t\t\t<h1 class=\"elementor-heading-title elementor-size-default\">Conoce Naterial<\/h1>\t\t\t\t<\/div>\n\t\t\t\t<\/div>\n\t\t<div class=\"elementor-element elementor-element-57b313cb e-flex e-con-boxed e-con e-parent\" data-id=\"57b313cb\" data-element_type=\"container\" data-e-type=\"container\" data-settings=\"{&quot;background_background&quot;:&quot;classic&quot;}\">\n\t\t\t\t\t<div class=\"e-con-inner\">\n\t\t<div class=\"elementor-element elementor-element-4dac648f e-con-full e-flex e-con e-child\" data-id=\"4dac648f\" data-element_type=\"container\" data-e-type=\"container\">\n\t\t\t\t<div class=\"elementor-element elementor-element-20f1898d animated-slow elementor-invisible elementor-widget elementor-widget-heading\" data-id=\"20f1898d\" data-element_type=\"widget\" data-e-type=\"widget\" data-settings=\"{&quot;_animation&quot;:&quot;fadeIn&quot;}\" data-widget_type=\"heading.default\">\n\t\t\t\t\t<h2 class=\"elementor-heading-title elementor-size-default\">Grandes momentos al aire libre<\/h2>\t\t\t\t<\/div>\n\t\t\t\t<div class=\"elementor-element elementor-element-178629fa elementor-widget elementor-widget-text-editor\" data-id=\"178629fa\" data-element_type=\"widget\" data-e-type=\"widget\" data-widget_type=\"text-editor.default\">\n\t\t\t\t\t\t\t\t\t<p><span data-sheets-root=\"1\">Naterial se encarga de organizar y decorar tus exteriores (jard\u00edn, terraza, patio, porche\u2026) para que t\u00fa s\u00f3lo tengas que preocuparte de disfrutar al m\u00e1ximo. Imagina una barbacoa con amigos, un momento para leer a solas, un paseo por tu jard\u00edn. Tanto dentro de casa como fuera, te esperan momentos maravillosos. Naterial te ayuda a sacarle todo el partido a tus rincones al aire libre.<\/span><\/p>\t\t\t\t\t\t\t\t<\/div>\n\t\t\t\t<\/div>\n\t\t<div class=\"elementor-element elementor-element-32054d05 e-con-full e-flex e-con e-child\" data-id=\"32054d05\" data-element_type=\"container\" data-e-type=\"container\">\n\t\t<div class=\"elementor-element elementor-element-67c356cd e-con-full e-flex e-con e-child\" data-id=\"67c356cd\" data-element_type=\"container\" data-e-type=\"container\" data-settings=\"{&quot;background_background&quot;:&quot;video&quot;,&quot;background_video_link&quot;:&quot;https:\\\/\\\/youtu.be\\\/QFlMWmC40bE&quot;,&quot;background_play_on_mobile&quot;:&quot;yes&quot;,&quot;background_privacy_mode&quot;:&quot;yes&quot;}\">\n\t\t<div class=\"elementor-background-video-container\">\n\t\t\t\t\t\t\t<div class=\"elementor-background-video-embed\" role=\"presentation\"><\/div>\n\t\t\t\t\t\t<\/div>\t\t<\/div>\n\t\t\t\t<\/div>\n\t\t\t\t\t<\/div>\n\t\t\t\t<\/div>\n\t\t<div class=\"elementor-element elementor-element-6d000866 e-flex e-con-boxed e-con e-parent\" data-id=\"6d000866\" data-element_type=\"container\" data-e-type=\"container\">\n\t\t\t\t\t<div class=\"e-con-inner\">\n\t\t\t\t<div class=\"elementor-element elementor-element-bf59f2e animated-slow elementor-invisible elementor-widget elementor-widget-heading\" data-id=\"bf59f2e\" data-element_type=\"widget\" data-e-type=\"widget\" data-settings=\"{&quot;_animation&quot;:&quot;fadeIn&quot;}\" data-widget_type=\"heading.default\">\n\t\t\t\t\t<h2 class=\"elementor-heading-title elementor-size-default\">Compromisos  de Naterial<\/h2>\t\t\t\t<\/div>\n\t\t\t\t<div class=\"elementor-element elementor-element-78c88d6c elementor-widget elementor-widget-text-editor\" data-id=\"78c88d6c\" data-element_type=\"widget\" data-e-type=\"widget\" data-widget_type=\"text-editor.default\">\n\t\t\t\t\t\t\t\t\t<p><span data-sheets-root=\"1\">Formamos parte de un enfoque que respeta tanto a las personas como al medio ambiente, d\u00e1ndote a conocer los productos m\u00e1s adecuados para disfrutar de tus exteriores.<\/span><\/p>\t\t\t\t\t\t\t\t<\/div>\n\t\t\t\t\t<\/div>\n\t\t\t\t<\/div>\n\t\t<div class=\"elementor-element elementor-element-3633347e e-flex e-con-boxed e-con e-parent\" data-id=\"3633347e\" data-element_type=\"container\" data-e-type=\"container\">\n\t\t\t\t\t<div class=\"e-con-inner\">\n\t\t<div class=\"elementor-element elementor-element-56c16224 e-grid e-con-boxed e-con e-child\" data-id=\"56c16224\" data-element_type=\"container\" data-e-type=\"container\" data-settings=\"{&quot;background_background&quot;:&quot;classic&quot;}\">\n\t\t\t\t\t<div class=\"e-con-inner\">\n\t\t<div class=\"elementor-element elementor-element-7676b151 e-con-full e-flex e-con e-child\" data-id=\"7676b151\" data-element_type=\"container\" data-e-type=\"container\">\n\t\t\t\t<div class=\"elementor-element elementor-element-9cbb6b2 elementor-widget elementor-widget-image\" data-id=\"9cbb6b2\" data-element_type=\"widget\" data-e-type=\"widget\" data-widget_type=\"image.default\">\n\t\t\t\t\t\t\t\t\t\t\t\t<figure class=\"wp-caption\">\n\t\t\t\t\t\t\t\t\t\t<img decoding=\"async\" width=\"128\" height=\"128\" src=\"https:\/\/www.naterial.com\/do\/wp-content\/uploads\/2026\/02\/Picto-1.png\" class=\"attachment-large size-large wp-image-21206\" alt=\"\" srcset=\"https:\/\/www.naterial.com\/do\/wp-content\/uploads\/2026\/02\/Picto-1.png 128w, https:\/\/www.naterial.com\/do\/wp-content\/uploads\/2026\/02\/Picto-1-100x100.png 100w\" sizes=\"(max-width: 128px) 100vw, 128px\" \/>\t\t\t\t\t\t\t\t\t\t\t<figcaption class=\"widget-image-caption wp-caption-text\">Comercializamos madera procedente de bosques certificados para la preservaci\u00f3n de la biodiversidad y el respeto a la poblaci\u00f3n local<\/figcaption>\n\t\t\t\t\t\t\t\t\t\t<\/figure>\n\t\t\t\t\t\t\t\t\t<\/div>\n\t\t\t\t<\/div>\n\t\t<div class=\"elementor-element elementor-element-47a30cc e-con-full e-flex e-con e-child\" data-id=\"47a30cc\" data-element_type=\"container\" data-e-type=\"container\">\n\t\t\t\t<div class=\"elementor-element elementor-element-8294edf elementor-widget elementor-widget-image\" data-id=\"8294edf\" data-element_type=\"widget\" data-e-type=\"widget\" data-widget_type=\"image.default\">\n\t\t\t\t\t\t\t\t\t\t\t\t<figure class=\"wp-caption\">\n\t\t\t\t\t\t\t\t\t\t<img decoding=\"async\" width=\"128\" height=\"128\" src=\"https:\/\/www.naterial.com\/do\/wp-content\/uploads\/2026\/02\/Picto-2.png\" class=\"attachment-large size-large wp-image-21207\" alt=\"\" srcset=\"https:\/\/www.naterial.com\/do\/wp-content\/uploads\/2026\/02\/Picto-2.png 128w, https:\/\/www.naterial.com\/do\/wp-content\/uploads\/2026\/02\/Picto-2-100x100.png 100w\" sizes=\"(max-width: 128px) 100vw, 128px\" \/>\t\t\t\t\t\t\t\t\t\t\t<figcaption class=\"widget-image-caption wp-caption-text\">Solo trabajamos con proveedores que cumplen estrictos requisitos sociales para garantizar que nuestros productos se fabriquen respetando la salud, la seguridad y la integridad de los empleados<\/figcaption>\n\t\t\t\t\t\t\t\t\t\t<\/figure>\n\t\t\t\t\t\t\t\t\t<\/div>\n\t\t\t\t<\/div>\n\t\t<div class=\"elementor-element elementor-element-30ff113 e-con-full e-flex e-con e-child\" data-id=\"30ff113\" data-element_type=\"container\" data-e-type=\"container\">\n\t\t\t\t<div class=\"elementor-element elementor-element-463ad6f elementor-widget elementor-widget-image\" data-id=\"463ad6f\" data-element_type=\"widget\" data-e-type=\"widget\" data-widget_type=\"image.default\">\n\t\t\t\t\t\t\t\t\t\t\t\t<figure class=\"wp-caption\">\n\t\t\t\t\t\t\t\t\t\t<img decoding=\"async\" width=\"128\" height=\"128\" src=\"https:\/\/www.naterial.com\/do\/wp-content\/uploads\/2026\/02\/Picto-3.png\" class=\"attachment-large size-large wp-image-21208\" alt=\"\" srcset=\"https:\/\/www.naterial.com\/do\/wp-content\/uploads\/2026\/02\/Picto-3.png 128w, https:\/\/www.naterial.com\/do\/wp-content\/uploads\/2026\/02\/Picto-3-100x100.png 100w\" sizes=\"(max-width: 128px) 100vw, 128px\" \/>\t\t\t\t\t\t\t\t\t\t\t<figcaption class=\"widget-image-caption wp-caption-text\">Aumentamos la vida \u00fatil de nuestros productos asegur\u00e1ndonos de que sean reparables y utilizando materiales de alta calidad en su fabricaci\u00f3n<\/figcaption>\n\t\t\t\t\t\t\t\t\t\t<\/figure>\n\t\t\t\t\t\t\t\t\t<\/div>\n\t\t\t\t<\/div>\n\t\t<div class=\"elementor-element elementor-element-a530022 e-con-full e-flex e-con e-child\" data-id=\"a530022\" data-element_type=\"container\" data-e-type=\"container\">\n\t\t\t\t<div class=\"elementor-element elementor-element-3a8008b elementor-widget elementor-widget-image\" data-id=\"3a8008b\" data-element_type=\"widget\" data-e-type=\"widget\" data-widget_type=\"image.default\">\n\t\t\t\t\t\t\t\t\t\t\t\t<figure class=\"wp-caption\">\n\t\t\t\t\t\t\t\t\t\t<img loading=\"lazy\" decoding=\"async\" width=\"128\" height=\"128\" src=\"https:\/\/www.naterial.com\/do\/wp-content\/uploads\/2026\/02\/Picto-4.png\" class=\"attachment-large size-large wp-image-21209\" alt=\"\" srcset=\"https:\/\/www.naterial.com\/do\/wp-content\/uploads\/2026\/02\/Picto-4.png 128w, https:\/\/www.naterial.com\/do\/wp-content\/uploads\/2026\/02\/Picto-4-100x100.png 100w\" sizes=\"(max-width: 128px) 100vw, 128px\" \/>\t\t\t\t\t\t\t\t\t\t\t<figcaption class=\"widget-image-caption wp-caption-text\">Te apoyamos en los gestos correctos para el mantenimiento y cuidado de nuestros productos para que puedas disfrutarlos el mayor tiempo posible<\/figcaption>\n\t\t\t\t\t\t\t\t\t\t<\/figure>\n\t\t\t\t\t\t\t\t\t<\/div>\n\t\t\t\t<\/div>\n\t\t<div class=\"elementor-element elementor-element-f7b7ef4 e-con-full e-flex e-con e-child\" data-id=\"f7b7ef4\" data-element_type=\"container\" data-e-type=\"container\">\n\t\t\t\t<div class=\"elementor-element elementor-element-e51ae27 elementor-widget elementor-widget-image\" data-id=\"e51ae27\" data-element_type=\"widget\" data-e-type=\"widget\" data-widget_type=\"image.default\">\n\t\t\t\t\t\t\t\t\t\t\t\t<figure class=\"wp-caption\">\n\t\t\t\t\t\t\t\t\t\t<img loading=\"lazy\" decoding=\"async\" width=\"128\" height=\"128\" src=\"https:\/\/www.naterial.com\/do\/wp-content\/uploads\/2026\/02\/Picto-5.png\" class=\"attachment-large size-large wp-image-21210\" alt=\"\" srcset=\"https:\/\/www.naterial.com\/do\/wp-content\/uploads\/2026\/02\/Picto-5.png 128w, https:\/\/www.naterial.com\/do\/wp-content\/uploads\/2026\/02\/Picto-5-100x100.png 100w\" sizes=\"(max-width: 128px) 100vw, 128px\" \/>\t\t\t\t\t\t\t\t\t\t\t<figcaption class=\"widget-image-caption wp-caption-text\">Reducimos al m\u00ednimo el embalaje de nuestros productos para conservar \u00fanicamente la funci\u00f3n protectora durante el transporte<\/figcaption>\n\t\t\t\t\t\t\t\t\t\t<\/figure>\n\t\t\t\t\t\t\t\t\t<\/div>\n\t\t\t\t<\/div>\n\t\t<div class=\"elementor-element elementor-element-7f15eae e-con-full e-flex e-con e-child\" data-id=\"7f15eae\" data-element_type=\"container\" data-e-type=\"container\">\n\t\t\t\t<div class=\"elementor-element elementor-element-d2c31a4 elementor-widget elementor-widget-image\" data-id=\"d2c31a4\" data-element_type=\"widget\" data-e-type=\"widget\" data-widget_type=\"image.default\">\n\t\t\t\t\t\t\t\t\t\t\t\t<figure class=\"wp-caption\">\n\t\t\t\t\t\t\t\t\t\t<img loading=\"lazy\" decoding=\"async\" width=\"128\" height=\"128\" src=\"https:\/\/www.naterial.com\/do\/wp-content\/uploads\/2026\/02\/Picto-6.png\" class=\"attachment-large size-large wp-image-21211\" alt=\"\" srcset=\"https:\/\/www.naterial.com\/do\/wp-content\/uploads\/2026\/02\/Picto-6.png 128w, https:\/\/www.naterial.com\/do\/wp-content\/uploads\/2026\/02\/Picto-6-100x100.png 100w\" sizes=\"(max-width: 128px) 100vw, 128px\" \/>\t\t\t\t\t\t\t\t\t\t\t<figcaption class=\"widget-image-caption wp-caption-text\">Te ofrecemos la elecci\u00f3n correcta de productos que se adaptan a las necesidades funcionales, usos deseados y ambientes so\u00f1ados<\/figcaption>\n\t\t\t\t\t\t\t\t\t\t<\/figure>\n\t\t\t\t\t\t\t\t\t<\/div>\n\t\t\t\t<\/div>\n\t\t\t\t\t<\/div>\n\t\t\t\t<\/div>\n\t\t\t\t\t<\/div>\n\t\t\t\t<\/div>\n\t\t<div class=\"elementor-element elementor-element-2725b643 e-flex e-con-boxed e-con e-parent\" data-id=\"2725b643\" data-element_type=\"container\" data-e-type=\"container\">\n\t\t\t\t\t<div class=\"e-con-inner\">\n\t\t<div class=\"elementor-element elementor-element-e297baf e-grid e-con-boxed e-con e-child\" data-id=\"e297baf\" data-element_type=\"container\" data-e-type=\"container\" data-settings=\"{&quot;background_background&quot;:&quot;classic&quot;}\">\n\t\t\t\t\t<div class=\"e-con-inner\">\n\t\t\t\t<div class=\"elementor-element elementor-element-5478d945 elementor-widget elementor-widget-image\" data-id=\"5478d945\" data-element_type=\"widget\" data-e-type=\"widget\" data-widget_type=\"image.default\">\n\t\t\t\t\t\t\t\t\t\t\t\t\t\t\t<img loading=\"lazy\" decoding=\"async\" width=\"800\" height=\"800\" src=\"https:\/\/www.naterial.com\/do\/wp-content\/uploads\/2023\/08\/naterial-about-focus-1024x1024.jpg\" class=\"attachment-large size-large wp-image-860\" alt=\"Producci\u00f3n responsable\" srcset=\"https:\/\/www.naterial.com\/do\/wp-content\/uploads\/2023\/08\/naterial-about-focus-1024x1024.jpg 1024w, https:\/\/www.naterial.com\/do\/wp-content\/uploads\/2023\/08\/naterial-about-focus-300x300.jpg 300w, https:\/\/www.naterial.com\/do\/wp-content\/uploads\/2023\/08\/naterial-about-focus-150x150.jpg 150w, https:\/\/www.naterial.com\/do\/wp-content\/uploads\/2023\/08\/naterial-about-focus-768x768.jpg 768w, https:\/\/www.naterial.com\/do\/wp-content\/uploads\/2023\/08\/naterial-about-focus.jpg 1068w\" sizes=\"(max-width: 800px) 100vw, 800px\" \/>\t\t\t\t\t\t\t\t\t\t\t\t\t\t\t<\/div>\n\t\t<div class=\"elementor-element elementor-element-6f55a5a0 e-flex e-con-boxed e-con e-child\" data-id=\"6f55a5a0\" data-element_type=\"container\" data-e-type=\"container\">\n\t\t\t\t\t<div class=\"e-con-inner\">\n\t\t\t\t<div class=\"elementor-element elementor-element-6c22050c animated-slow elementor-invisible elementor-widget elementor-widget-heading\" data-id=\"6c22050c\" data-element_type=\"widget\" data-e-type=\"widget\" data-settings=\"{&quot;_animation&quot;:&quot;fadeIn&quot;}\" data-widget_type=\"heading.default\">\n\t\t\t\t\t<h2 class=\"elementor-heading-title elementor-size-default\">Producci\u00f3n responsable<\/h2>\t\t\t\t<\/div>\n\t\t\t\t<div class=\"elementor-element elementor-element-215fb5e7 elementor-widget elementor-widget-text-editor\" data-id=\"215fb5e7\" data-element_type=\"widget\" data-e-type=\"widget\" data-widget_type=\"text-editor.default\">\n\t\t\t\t\t\t\t\t\t<p><span data-sheets-root=\"1\">La fabricaci\u00f3n de nuestros productos impacta en la vida de miles de trabajadores y sus familias en todo el mundo. Nuestro objetivo es acompa\u00f1ar a nuestros proveedores para garantizar y mejorar de manera sostenible sus condiciones de trabajo, al mismo tiempo que se limita su impacto directo en el medio ambiente. El 100% de nuestros proveedores recibe una formaci\u00f3n sobre las normas sociales y medioambientales en la producci\u00f3n. Desarrollamos una cooperaci\u00f3n a largo plazo con proveedores que desarrollan la econom\u00eda local.<\/span><\/p>\t\t\t\t\t\t\t\t<\/div>\n\t\t\t\t<div class=\"elementor-element elementor-element-21eb6ef5 elementor-widget elementor-widget-image\" data-id=\"21eb6ef5\" data-element_type=\"widget\" data-e-type=\"widget\" data-widget_type=\"image.default\">\n\t\t\t\t\t\t\t\t\t\t\t\t\t\t\t<img loading=\"lazy\" decoding=\"async\" width=\"800\" height=\"376\" src=\"https:\/\/www.naterial.com\/do\/wp-content\/uploads\/2023\/08\/naterial-about-map.png\" class=\"attachment-large size-large wp-image-861\" alt=\"Producci\u00f3n responsable map\" srcset=\"https:\/\/www.naterial.com\/do\/wp-content\/uploads\/2023\/08\/naterial-about-map.png 840w, https:\/\/www.naterial.com\/do\/wp-content\/uploads\/2023\/08\/naterial-about-map-300x141.png 300w, https:\/\/www.naterial.com\/do\/wp-content\/uploads\/2023\/08\/naterial-about-map-768x361.png 768w\" sizes=\"(max-width: 800px) 100vw, 800px\" \/>\t\t\t\t\t\t\t\t\t\t\t\t\t\t\t<\/div>\n\t\t\t\t\t<\/div>\n\t\t\t\t<\/div>\n\t\t\t\t\t<\/div>\n\t\t\t\t<\/div>\n\t\t\t\t\t<\/div>\n\t\t\t\t<\/div>\n\t\t\t\t<\/div>\n\t\t","protected":false},"excerpt":{"rendered":"<p>Conoce Naterial Grandes momentos al aire libre Naterial se encarga de organizar y decorar tus exteriores (jard\u00edn, terraza, patio, porche\u2026) para que t\u00fa s\u00f3lo tengas que preocuparte de disfrutar al m\u00e1ximo. Imagina una barbacoa con amigos, un momento para leer a solas, un paseo por tu jard\u00edn. Tanto dentro de casa como fuera, te esperan [&hellip;]<\/p>\n","protected":false},"author":1,"featured_media":0,"parent":0,"menu_order":0,"comment_status":"closed","ping_status":"closed","template":"","meta":{"_acf_changed":false,"footnotes":""},"class_list":["post-19332","page","type-page","status-publish","hentry"],"acf":[],"_links":{"self":[{"href":"https:\/\/www.naterial.com\/do\/wp-json\/wp\/v2\/pages\/19332","targetHints":{"allow":["GET"]}}],"collection":[{"href":"https:\/\/www.naterial.com\/do\/wp-json\/wp\/v2\/pages"}],"about":[{"href":"https:\/\/www.naterial.com\/do\/wp-json\/wp\/v2\/types\/page"}],"author":[{"embeddable":true,"href":"https:\/\/www.naterial.com\/do\/wp-json\/wp\/v2\/users\/1"}],"replies":[{"embeddable":true,"href":"https:\/\/www.naterial.com\/do\/wp-json\/wp\/v2\/comments?post=19332"}],"version-history":[{"count":16,"href":"https:\/\/www.naterial.com\/do\/wp-json\/wp\/v2\/pages\/19332\/revisions"}],"predecessor-version":[{"id":22441,"href":"https:\/\/www.naterial.com\/do\/wp-json\/wp\/v2\/pages\/19332\/revisions\/22441"}],"wp:attachment":[{"href":"https:\/\/www.naterial.com\/do\/wp-json\/wp\/v2\/media?parent=19332"}],"curies":[{"name":"wp","href":"https:\/\/api.w.org\/{rel}","templated":true}]}}