{"id":22171,"date":"2026-02-23T09:07:54","date_gmt":"2026-02-23T08:07:54","guid":{"rendered":"https:\/\/www.naterial.com\/do\/?page_id=22171"},"modified":"2026-02-24T10:17:48","modified_gmt":"2026-02-24T09:17:48","slug":"contemporaneo","status":"publish","type":"page","link":"https:\/\/www.naterial.com\/do\/nuestros-estilos\/contemporaneo\/","title":{"rendered":"Contempor\u00e1neo"},"content":{"rendered":"\t\t<div data-elementor-type=\"wp-page\" data-elementor-id=\"22171\" class=\"elementor elementor-22171\" data-elementor-post-type=\"page\">\n\t\t\t\t<div class=\"elementor-element elementor-element-fc56697 e-flex e-con-boxed e-con e-parent\" data-id=\"fc56697\" data-element_type=\"container\" data-e-type=\"container\">\n\t\t\t\t\t<div class=\"e-con-inner\">\n\t\t\t\t<div class=\"elementor-element elementor-element-bd401b6 elementor-widget elementor-widget-heading\" data-id=\"bd401b6\" data-element_type=\"widget\" data-e-type=\"widget\" data-widget_type=\"heading.default\">\n\t\t\t\t\t<h2 class=\"elementor-heading-title elementor-size-default\">Contempor\u00e1neo<\/h2>\t\t\t\t<\/div>\n\t\t\t\t<div class=\"elementor-element elementor-element-58ba10c elementor-widget elementor-widget-text-editor\" data-id=\"58ba10c\" data-element_type=\"widget\" data-e-type=\"widget\" data-widget_type=\"text-editor.default\">\n\t\t\t\t\t\t\t\t\t<p><span data-sheets-root=\"1\">El estilo contempor\u00e1neo destaca las l\u00edneas rectas y materiales sencillos (madera, piedra y aluminio lacado).<\/span><\/p>\t\t\t\t\t\t\t\t<\/div>\n\t\t\t\t\t<\/div>\n\t\t\t\t<\/div>\n\t\t<div class=\"elementor-element elementor-element-3c30436 e-con-full e-flex e-con e-parent\" data-id=\"3c30436\" data-element_type=\"container\" data-e-type=\"container\">\n\t\t\t\t<div class=\"elementor-element elementor-element-5ec4541 elementor-widget elementor-widget-ucaddon_image_accodion\" data-id=\"5ec4541\" data-element_type=\"widget\" data-e-type=\"widget\" data-widget_type=\"ucaddon_image_accodion.default\">\n\t\t\t\t<div class=\"elementor-widget-container\">\n\t\t\t\t\t\n<!-- start Image Accordion -->\n\t\t<link id='font-awesome-css' href='https:\/\/www.naterial.com\/do\/wp-content\/plugins\/unlimited-elements-for-elementor-premium\/assets_libraries\/font-awesome6\/fontawesome-all.min.css' type='text\/css' rel='stylesheet' >\n\t\t<link id='font-awesome-4-shim-css' href='https:\/\/www.naterial.com\/do\/wp-content\/plugins\/unlimited-elements-for-elementor-premium\/assets_libraries\/font-awesome6\/fontawesome-v4-shims.min.css' type='text\/css' rel='stylesheet' >\n\n<style>\/* widget: Image Accordion *\/\n\n\r\n@keyframes uc_image_accodion_elementor_5ec4541__item-animation {\r\n  0% {\r\n            \r\n        \t        \tfilter: blur(10px);\r\n\t\t\t\r\n    \t    opacity: 0;\r\n  }\r\n  100% {\r\n            \r\n        \t            filter: blur(0px);\r\n            \r\n    \t\topacity: 1;\r\n  }\r\n}\r\n\r\n\r\n#uc_image_accodion_elementor_5ec4541 .uc_image_accodion_holder{\r\n\topacity:0;\r\n}\r\n\r\n\r\n#uc_image_accodion_elementor_5ec4541 .uc-entrance-animate {\r\n  opacity:1;\r\n}\r\n\r\n#uc_image_accodion_elementor_5ec4541 .uc-entrance-animate {\r\n\tanimation: uc_image_accodion_elementor_5ec4541__item-animation 0.6s cubic-bezier(0.470, 0.000, 0.745, 0.715) both;\r\n}\r\n\r\n\t\t\t\n\n#uc_image_accodion_elementor_5ec4541 * { \n  box-sizing: border-box; \n}\n\n#uc_image_accodion_elementor_5ec4541.uc_image_accodion .uc_content .uc_image_accodion_holder{\n  transition: 500ms;\n}\n\n#uc_image_accodion_elementor_5ec4541  a.uc_more_btn{\n  display:inline-block;\n  text-decoration:none; \n}\n\n#uc_image_accodion_elementor_5ec4541 .uc_content{\n  display: flex;\n  flex-wrap: wrap;\n  transform:rotate(0deg);\n}\n\n#uc_image_accodion_elementor_5ec4541 .uc_content .uc_image_accodion_holder{\n  display: block;\n  background-repeat: no-repeat;\n  flex: 1;\n  text-align: center;\n  position: relative;\n  text-decoration: none;\n  transition: 500ms;\n  overflow:hidden;\n  transform:skew(0deg);\n  overflow:hidden;\n}\n\n#uc_image_accodion_elementor_5ec4541 .uc_content .uc_image_accodion_holder.uc_hover{\n  flex: 1.4;\n}\n\n#uc_image_accodion_elementor_5ec4541 .uc_content .uc_image_accodion_holder .uc_overlay > * {\n  transform:skew(-0deg) rotate(-0deg);\n}\n\n#uc_image_accodion_elementor_5ec4541 .uc_content .uc_image_accodion_holder .uc_overlay {\n  display: flex;\n  justify-content: center;\n  position: absolute;\n  top: 0;\n  right: 0;\n  bottom: 0;\n  left: 0;\n  transition:500ms;\n}\n\n#uc_image_accodion_elementor_5ec4541 .uc_content .uc_overlay .uc_overlay_inner {\n  z-index: 1;\n}\n\n#uc_image_accodion_elementor_5ec4541 .uc_content .uc_overlay .ue_title-wrapper { \n  visibility: hidden;\n  transition: .1s;\n}\n\n#uc_image_accodion_elementor_5ec4541 .uc_content .uc_image_accodion_holder.uc_hover .ue_title-wrapper {\n  visibility: visible;\n  transition: 500ms;\n  transition-delay: 500ms;\n}\n\n\n#uc_image_accodion_elementor_5ec4541 .uc_content .uc_overlay .uc_overlay_inner div.ue-content {\n  transform: translate3d(0,60px,0);\n  opacity: 0;\n  visibility: hidden;\n}\n\n#uc_image_accodion_elementor_5ec4541 .uc_content .uc_image_accodion_holder.uc_hover .uc_overlay .uc_overlay_inner div.ue-content {\n  opacity: 1;\n  visibility: visible;\n  transform: translate3d(0,0,0);\n  transition: 500ms;\n  transition-delay: 500ms;\n}\n\n\n\n#uc_image_accodion_elementor_5ec4541 .ue_item_icon{\n  line-height:1em;\n  transition: all .1s ease;\n}\n\n#uc_image_accodion_elementor_5ec4541 .uc_image_accodion_holder.uc_hover .ue_item_icon{\n  transition: all .3s ease;\n  transition-delay: 500ms;\n}\n\n#uc_image_accodion_elementor_5ec4541 .ue_item_icon svg{\n  height:1em;\n  width:1em;\n}\n\n#uc_image_accodion_elementor_5ec4541 .ue_subtitle{\n  display:block;\n}\n\n\n#uc_image_accodion_elementor_5ec4541 .uc_item_link{\n  position: absolute;\n  top: 0;\n  left: ;\n  width: 100%;\n  height: 100%;\n  display: block;\n  z-index: 1;\n}\n\n@media only screen and (max-width:800px){\n  #uc_image_accodion_elementor_5ec4541 .uc_content {\n    flex-direction: column;\n  }\n}\n\n<\/style>\n\n<div class=\"uc_image_accodion uc_creative_buttons  \" id=\"uc_image_accodion_elementor_5ec4541\" data-mobilestart=\"\"  >\n  <div class=\"uc_content uc-items-wrapper\">\n    \n\n<div class=\"uc_image_accodion_holder \"  style=\"background-image: url(https:\/\/www.naterial.com\/do\/wp-content\/uploads\/2026\/02\/PDT-3276007602203_3276007602180_3276007600339_3276007625905-A-01-768x768.pngwidth1500height1500fitcrop); background-position:center center; background-size:cover;\" aria-label=\"\" aria-expanded=\"false\" role=\"button\" tabindex=\"0\">\n  <div class=\"uc_overlay\">\n    <div class=\"uc_overlay_inner\">\n            \t       \n             \n              <div class=\"ue-content\"> \n                         \n                  <\/div>\n            \n          \n    <\/div>\n  <\/div>  \n      \n<\/div>\n\n\n<div class=\"uc_image_accodion_holder \"  style=\"background-image: url(https:\/\/www.naterial.com\/do\/wp-content\/uploads\/2026\/02\/product-3276007399875_3276007397239_3276007399615_3276007472127-a-01-odyssea-white-des-768x768.jpg); background-position:center center; background-size:cover;\" aria-label=\"\" aria-expanded=\"false\" role=\"button\" tabindex=\"0\">\n  <div class=\"uc_overlay\">\n    <div class=\"uc_overlay_inner\">\n            \t       \n             \n              <div class=\"ue-content\"> \n                         \n                  <\/div>\n            \n          \n    <\/div>\n  <\/div>  \n      \n<\/div>\n\n\n<div class=\"uc_image_accodion_holder \"  style=\"background-image: url(https:\/\/www.naterial.com\/do\/wp-content\/uploads\/2026\/02\/pdt-3276007626087_3276007601817_3276007601985_3276007602166_3276007600285-a-01-1-768x768.png); background-position:center center; background-size:cover;\" aria-label=\"\" aria-expanded=\"false\" role=\"button\" tabindex=\"0\">\n  <div class=\"uc_overlay\">\n    <div class=\"uc_overlay_inner\">\n            \t       \n             \n              <div class=\"ue-content\"> \n                         \n                  <\/div>\n            \n          \n    <\/div>\n  <\/div>  \n      \n<\/div>\n\n  <\/div>\n<\/div>\n<!-- end Image Accordion -->\t\t\t\t<\/div>\n\t\t\t\t<\/div>\n\t\t\t\t<\/div>\n\t\t<div class=\"elementor-element elementor-element-c987342 e-flex e-con-boxed e-con e-parent\" data-id=\"c987342\" data-element_type=\"container\" data-e-type=\"container\">\n\t\t\t\t\t<div class=\"e-con-inner\">\n\t\t\t\t<div class=\"elementor-element elementor-element-9b3f0a2 elementor-widget elementor-widget-spacer\" data-id=\"9b3f0a2\" data-element_type=\"widget\" data-e-type=\"widget\" data-widget_type=\"spacer.default\">\n\t\t\t\t\t\t\t<div class=\"elementor-spacer\">\n\t\t\t<div class=\"elementor-spacer-inner\"><\/div>\n\t\t<\/div>\n\t\t\t\t\t\t<\/div>\n\t\t\t\t<div class=\"elementor-element elementor-element-bd69970 elementor-widget elementor-widget-image\" data-id=\"bd69970\" data-element_type=\"widget\" data-e-type=\"widget\" data-widget_type=\"image.default\">\n\t\t\t\t\t\t\t\t\t\t\t\t\t\t\t<img fetchpriority=\"high\" decoding=\"async\" width=\"1920\" height=\"1297\" src=\"https:\/\/www.naterial.com\/do\/wp-content\/uploads\/2026\/02\/Collection-Athena.jpg\" class=\"attachment-2048x2048 size-2048x2048 wp-image-22306\" alt=\"Colecci\u00f3n Athena\" srcset=\"https:\/\/www.naterial.com\/do\/wp-content\/uploads\/2026\/02\/Collection-Athena.jpg 1920w, https:\/\/www.naterial.com\/do\/wp-content\/uploads\/2026\/02\/Collection-Athena-300x203.jpg 300w, https:\/\/www.naterial.com\/do\/wp-content\/uploads\/2026\/02\/Collection-Athena-1024x692.jpg 1024w, https:\/\/www.naterial.com\/do\/wp-content\/uploads\/2026\/02\/Collection-Athena-768x519.jpg 768w, https:\/\/www.naterial.com\/do\/wp-content\/uploads\/2026\/02\/Collection-Athena-1536x1038.jpg 1536w, https:\/\/www.naterial.com\/do\/wp-content\/uploads\/2026\/02\/Collection-Athena-600x405.jpg 600w\" sizes=\"(max-width: 1920px) 100vw, 1920px\" \/>\t\t\t\t\t\t\t\t\t\t\t\t\t\t\t<\/div>\n\t\t<div class=\"elementor-element elementor-element-21174db e-flex e-con-boxed e-con e-child\" data-id=\"21174db\" data-element_type=\"container\" data-e-type=\"container\" data-settings=\"{&quot;background_background&quot;:&quot;classic&quot;}\">\n\t\t\t\t\t<div class=\"e-con-inner\">\n\t\t\t\t<div class=\"elementor-element elementor-element-d0d972a elementor-widget elementor-widget-text-editor\" data-id=\"d0d972a\" data-element_type=\"widget\" data-e-type=\"widget\" data-widget_type=\"text-editor.default\">\n\t\t\t\t\t\t\t\t\t<p><span data-sheets-root=\"1\">El metal se combina con tejidos suaves y con el efecto de la madera y el cemento. La atm\u00f3sfera de color es natural y adem\u00e1s aporta muchos tonos en verde y gris (verde oliva y grises, tanto claros como oscuros). Se puede enriquecer con tonos m\u00e1s coloridos si se quiere dar m\u00e1s vitalidad. Este estilo se caracteriza por su funcionalidad y sus l\u00edneas limpias. Las estructuras geom\u00e9tricas son importantes para crear y componer una est\u00e9tica general de formas y vol\u00famenes.<\/span><\/p>\t\t\t\t\t\t\t\t<\/div>\n\t\t\t\t<div class=\"elementor-element elementor-element-ecbb128 elementor-widget-mobile__width-inherit elementor-align-center elementor-tablet-align-center elementor-widget elementor-widget-button\" data-id=\"ecbb128\" data-element_type=\"widget\" data-e-type=\"widget\" data-widget_type=\"button.default\">\n\t\t\t\t\t\t\t\t\t\t<a class=\"elementor-button elementor-button-link elementor-size-sm\" href=\"https:\/\/www.naterial.com\/do\/collection\/athena\/\">\n\t\t\t\t\t\t<span class=\"elementor-button-content-wrapper\">\n\t\t\t\t\t\t\t\t\t<span class=\"elementor-button-text\">Nuestra colecci\u00f3n emblem\u00e1tica<\/span>\n\t\t\t\t\t<\/span>\n\t\t\t\t\t<\/a>\n\t\t\t\t\t\t\t\t<\/div>\n\t\t\t\t\t<\/div>\n\t\t\t\t<\/div>\n\t\t\t\t\t<\/div>\n\t\t\t\t<\/div>\n\t\t\t\t<\/div>\n\t\t","protected":false},"excerpt":{"rendered":"<p>El estilo contempor\u00e1neo destaca las l\u00edneas rectas y materiales sencillos (madera, piedra y aluminio lacado). El metal se combina con tejidos suaves y con el efecto de la madera y el cemento. La atm\u00f3sfera de color es natural y adem\u00e1s aporta muchos tonos en verde y gris (verde oliva y grises, tanto claros como oscuros). [&hellip;]<\/p>\n","protected":false},"author":2,"featured_media":0,"parent":22143,"menu_order":0,"comment_status":"closed","ping_status":"closed","template":"","meta":{"_acf_changed":false,"footnotes":""},"class_list":["post-22171","page","type-page","status-publish","hentry"],"acf":[],"_links":{"self":[{"href":"https:\/\/www.naterial.com\/do\/wp-json\/wp\/v2\/pages\/22171","targetHints":{"allow":["GET"]}}],"collection":[{"href":"https:\/\/www.naterial.com\/do\/wp-json\/wp\/v2\/pages"}],"about":[{"href":"https:\/\/www.naterial.com\/do\/wp-json\/wp\/v2\/types\/page"}],"author":[{"embeddable":true,"href":"https:\/\/www.naterial.com\/do\/wp-json\/wp\/v2\/users\/2"}],"replies":[{"embeddable":true,"href":"https:\/\/www.naterial.com\/do\/wp-json\/wp\/v2\/comments?post=22171"}],"version-history":[{"count":8,"href":"https:\/\/www.naterial.com\/do\/wp-json\/wp\/v2\/pages\/22171\/revisions"}],"predecessor-version":[{"id":22336,"href":"https:\/\/www.naterial.com\/do\/wp-json\/wp\/v2\/pages\/22171\/revisions\/22336"}],"up":[{"embeddable":true,"href":"https:\/\/www.naterial.com\/do\/wp-json\/wp\/v2\/pages\/22143"}],"wp:attachment":[{"href":"https:\/\/www.naterial.com\/do\/wp-json\/wp\/v2\/media?parent=22171"}],"curies":[{"name":"wp","href":"https:\/\/api.w.org\/{rel}","templated":true}]}}