{"id":22178,"date":"2026-02-23T09:12:56","date_gmt":"2026-02-23T08:12:56","guid":{"rendered":"https:\/\/www.naterial.com\/do\/?page_id=22178"},"modified":"2026-02-24T10:11:24","modified_gmt":"2026-02-24T09:11:24","slug":"natural","status":"publish","type":"page","link":"https:\/\/www.naterial.com\/do\/nuestros-estilos\/natural\/","title":{"rendered":"Natural"},"content":{"rendered":"\t\t<div data-elementor-type=\"wp-page\" data-elementor-id=\"22178\" class=\"elementor elementor-22178\" data-elementor-post-type=\"page\">\n\t\t\t\t<div class=\"elementor-element elementor-element-b045400 e-flex e-con-boxed e-con e-parent\" data-id=\"b045400\" data-element_type=\"container\" data-e-type=\"container\">\n\t\t\t\t\t<div class=\"e-con-inner\">\n\t\t\t\t<div class=\"elementor-element elementor-element-f49545b elementor-widget elementor-widget-heading\" data-id=\"f49545b\" data-element_type=\"widget\" data-e-type=\"widget\" data-widget_type=\"heading.default\">\n\t\t\t\t\t<h2 class=\"elementor-heading-title elementor-size-default\">Natural<\/h2>\t\t\t\t<\/div>\n\t\t\t\t<div class=\"elementor-element elementor-element-f916d08 elementor-widget elementor-widget-text-editor\" data-id=\"f916d08\" data-element_type=\"widget\" data-e-type=\"widget\" data-widget_type=\"text-editor.default\">\n\t\t\t\t\t\t\t\t\t<p><span data-sheets-root=\"1\">El estilo natural se aborda con un toque de minimalismo, creando una est\u00e9tica que combina sencillez con atractivo sensorial.<\/span><\/p>\t\t\t\t\t\t\t\t<\/div>\n\t\t\t\t\t<\/div>\n\t\t\t\t<\/div>\n\t\t<div class=\"elementor-element elementor-element-d2126b6 e-con-full e-flex e-con e-parent\" data-id=\"d2126b6\" data-element_type=\"container\" data-e-type=\"container\">\n\t\t\t\t<div class=\"elementor-element elementor-element-90385bd elementor-widget elementor-widget-ucaddon_image_accodion\" data-id=\"90385bd\" data-element_type=\"widget\" data-e-type=\"widget\" data-widget_type=\"ucaddon_image_accodion.default\">\n\t\t\t\t<div class=\"elementor-widget-container\">\n\t\t\t\t\t\n<!-- start Image Accordion -->\n\t\t<link id='font-awesome-css' href='https:\/\/www.naterial.com\/do\/wp-content\/plugins\/unlimited-elements-for-elementor-premium\/assets_libraries\/font-awesome6\/fontawesome-all.min.css' type='text\/css' rel='stylesheet' >\n\t\t<link id='font-awesome-4-shim-css' href='https:\/\/www.naterial.com\/do\/wp-content\/plugins\/unlimited-elements-for-elementor-premium\/assets_libraries\/font-awesome6\/fontawesome-v4-shims.min.css' type='text\/css' rel='stylesheet' >\n\n<style>\/* widget: Image Accordion *\/\n\n\r\n@keyframes uc_image_accodion_elementor_90385bd__item-animation {\r\n  0% {\r\n            \r\n        \t        \tfilter: blur(10px);\r\n\t\t\t\r\n    \t    opacity: 0;\r\n  }\r\n  100% {\r\n            \r\n        \t            filter: blur(0px);\r\n            \r\n    \t\topacity: 1;\r\n  }\r\n}\r\n\r\n\r\n#uc_image_accodion_elementor_90385bd .uc_image_accodion_holder{\r\n\topacity:0;\r\n}\r\n\r\n\r\n#uc_image_accodion_elementor_90385bd .uc-entrance-animate {\r\n  opacity:1;\r\n}\r\n\r\n#uc_image_accodion_elementor_90385bd .uc-entrance-animate {\r\n\tanimation: uc_image_accodion_elementor_90385bd__item-animation 0.6s cubic-bezier(0.470, 0.000, 0.745, 0.715) both;\r\n}\r\n\r\n\t\t\t\n\n#uc_image_accodion_elementor_90385bd * { \n  box-sizing: border-box; \n}\n\n#uc_image_accodion_elementor_90385bd.uc_image_accodion .uc_content .uc_image_accodion_holder{\n  transition: 500ms;\n}\n\n#uc_image_accodion_elementor_90385bd  a.uc_more_btn{\n  display:inline-block;\n  text-decoration:none; \n}\n\n#uc_image_accodion_elementor_90385bd .uc_content{\n  display: flex;\n  flex-wrap: wrap;\n  transform:rotate(0deg);\n}\n\n#uc_image_accodion_elementor_90385bd .uc_content .uc_image_accodion_holder{\n  display: block;\n  background-repeat: no-repeat;\n  flex: 1;\n  text-align: center;\n  position: relative;\n  text-decoration: none;\n  transition: 500ms;\n  overflow:hidden;\n  transform:skew(0deg);\n  overflow:hidden;\n}\n\n#uc_image_accodion_elementor_90385bd .uc_content .uc_image_accodion_holder.uc_hover{\n  flex: 1.4;\n}\n\n#uc_image_accodion_elementor_90385bd .uc_content .uc_image_accodion_holder .uc_overlay > * {\n  transform:skew(-0deg) rotate(-0deg);\n}\n\n#uc_image_accodion_elementor_90385bd .uc_content .uc_image_accodion_holder .uc_overlay {\n  display: flex;\n  justify-content: center;\n  position: absolute;\n  top: 0;\n  right: 0;\n  bottom: 0;\n  left: 0;\n  transition:500ms;\n}\n\n#uc_image_accodion_elementor_90385bd .uc_content .uc_overlay .uc_overlay_inner {\n  z-index: 1;\n}\n\n#uc_image_accodion_elementor_90385bd .uc_content .uc_overlay .ue_title-wrapper { \n  visibility: hidden;\n  transition: .1s;\n}\n\n#uc_image_accodion_elementor_90385bd .uc_content .uc_image_accodion_holder.uc_hover .ue_title-wrapper {\n  visibility: visible;\n  transition: 500ms;\n  transition-delay: 500ms;\n}\n\n\n#uc_image_accodion_elementor_90385bd .uc_content .uc_overlay .uc_overlay_inner div.ue-content {\n  transform: translate3d(0,60px,0);\n  opacity: 0;\n  visibility: hidden;\n}\n\n#uc_image_accodion_elementor_90385bd .uc_content .uc_image_accodion_holder.uc_hover .uc_overlay .uc_overlay_inner div.ue-content {\n  opacity: 1;\n  visibility: visible;\n  transform: translate3d(0,0,0);\n  transition: 500ms;\n  transition-delay: 500ms;\n}\n\n\n\n#uc_image_accodion_elementor_90385bd .ue_item_icon{\n  line-height:1em;\n  transition: all .1s ease;\n}\n\n#uc_image_accodion_elementor_90385bd .uc_image_accodion_holder.uc_hover .ue_item_icon{\n  transition: all .3s ease;\n  transition-delay: 500ms;\n}\n\n#uc_image_accodion_elementor_90385bd .ue_item_icon svg{\n  height:1em;\n  width:1em;\n}\n\n#uc_image_accodion_elementor_90385bd .ue_subtitle{\n  display:block;\n}\n\n\n#uc_image_accodion_elementor_90385bd .uc_item_link{\n  position: absolute;\n  top: 0;\n  left: ;\n  width: 100%;\n  height: 100%;\n  display: block;\n  z-index: 1;\n}\n\n@media only screen and (max-width:800px){\n  #uc_image_accodion_elementor_90385bd .uc_content {\n    flex-direction: column;\n  }\n}\n\n<\/style>\n\n<div class=\"uc_image_accodion uc_creative_buttons  \" id=\"uc_image_accodion_elementor_90385bd\" data-mobilestart=\"\"  >\n  <div class=\"uc_content uc-items-wrapper\">\n    \n\n<div class=\"uc_image_accodion_holder \"  style=\"background-image: url(https:\/\/www.naterial.com\/do\/wp-content\/uploads\/2026\/02\/PDT-3276007784954-TZ-01-768x768.png); background-position:center center; background-size:cover;\" aria-label=\"\" aria-expanded=\"false\" role=\"button\" tabindex=\"0\">\n  <div class=\"uc_overlay\">\n    <div class=\"uc_overlay_inner\">\n            \t       \n             \n              <div class=\"ue-content\"> \n                         \n                  <\/div>\n            \n          \n    <\/div>\n  <\/div>  \n      \n<\/div>\n\n\n<div class=\"uc_image_accodion_holder \"  style=\"background-image: url(https:\/\/www.naterial.com\/do\/wp-content\/uploads\/2026\/02\/PDT-3276007824476_3276007784800_3276007784930-A-01-bis-768x768.png); background-position:center center; background-size:cover;\" aria-label=\"\" aria-expanded=\"false\" role=\"button\" tabindex=\"0\">\n  <div class=\"uc_overlay\">\n    <div class=\"uc_overlay_inner\">\n            \t       \n             \n              <div class=\"ue-content\"> \n                         \n                  <\/div>\n            \n          \n    <\/div>\n  <\/div>  \n      \n<\/div>\n\n\n<div class=\"uc_image_accodion_holder \"  style=\"background-image: url(https:\/\/www.naterial.com\/do\/wp-content\/uploads\/2026\/02\/PDT-3276007784763_3276007784725_3276007784619_3276007825121_3276007784619_3276007822885-P-02-768x768.jpgwidth1500height1500fitcrop); background-position:center center; background-size:cover;\" aria-label=\"\" aria-expanded=\"false\" role=\"button\" tabindex=\"0\">\n  <div class=\"uc_overlay\">\n    <div class=\"uc_overlay_inner\">\n            \t       \n             \n              <div class=\"ue-content\"> \n                         \n                  <\/div>\n            \n          \n    <\/div>\n  <\/div>  \n      \n<\/div>\n\n  <\/div>\n<\/div>\n<!-- end Image Accordion -->\t\t\t\t<\/div>\n\t\t\t\t<\/div>\n\t\t\t\t<\/div>\n\t\t<div class=\"elementor-element elementor-element-9b12268 e-flex e-con-boxed e-con e-parent\" data-id=\"9b12268\" data-element_type=\"container\" data-e-type=\"container\">\n\t\t\t\t\t<div class=\"e-con-inner\">\n\t\t\t\t<div class=\"elementor-element elementor-element-cf9c9d7 elementor-widget elementor-widget-spacer\" data-id=\"cf9c9d7\" data-element_type=\"widget\" data-e-type=\"widget\" data-widget_type=\"spacer.default\">\n\t\t\t\t\t\t\t<div class=\"elementor-spacer\">\n\t\t\t<div class=\"elementor-spacer-inner\"><\/div>\n\t\t<\/div>\n\t\t\t\t\t\t<\/div>\n\t\t\t\t<div class=\"elementor-element elementor-element-7e4f487 elementor-widget elementor-widget-image\" data-id=\"7e4f487\" data-element_type=\"widget\" data-e-type=\"widget\" data-widget_type=\"image.default\">\n\t\t\t\t\t\t\t\t\t\t\t\t\t\t\t<img fetchpriority=\"high\" decoding=\"async\" width=\"1600\" height=\"1080\" src=\"https:\/\/www.naterial.com\/do\/wp-content\/uploads\/2026\/02\/Banner-Collection-Duna-1.png\" class=\"attachment-2048x2048 size-2048x2048 wp-image-22305\" alt=\"Colecci\u00f3n 2026 Naterial\" srcset=\"https:\/\/www.naterial.com\/do\/wp-content\/uploads\/2026\/02\/Banner-Collection-Duna-1.png 1600w, https:\/\/www.naterial.com\/do\/wp-content\/uploads\/2026\/02\/Banner-Collection-Duna-1-300x203.png 300w, https:\/\/www.naterial.com\/do\/wp-content\/uploads\/2026\/02\/Banner-Collection-Duna-1-1024x691.png 1024w, https:\/\/www.naterial.com\/do\/wp-content\/uploads\/2026\/02\/Banner-Collection-Duna-1-768x518.png 768w, https:\/\/www.naterial.com\/do\/wp-content\/uploads\/2026\/02\/Banner-Collection-Duna-1-1536x1037.png 1536w, https:\/\/www.naterial.com\/do\/wp-content\/uploads\/2026\/02\/Banner-Collection-Duna-1-600x405.png 600w\" sizes=\"(max-width: 1600px) 100vw, 1600px\" \/>\t\t\t\t\t\t\t\t\t\t\t\t\t\t\t<\/div>\n\t\t<div class=\"elementor-element elementor-element-81f944b e-flex e-con-boxed e-con e-child\" data-id=\"81f944b\" data-element_type=\"container\" data-e-type=\"container\" data-settings=\"{&quot;background_background&quot;:&quot;classic&quot;}\">\n\t\t\t\t\t<div class=\"e-con-inner\">\n\t\t\t\t<div class=\"elementor-element elementor-element-e2279e3 elementor-widget-mobile__width-initial elementor-widget elementor-widget-text-editor\" data-id=\"e2279e3\" data-element_type=\"widget\" data-e-type=\"widget\" data-widget_type=\"text-editor.default\">\n\t\t\t\t\t\t\t\t\t<p><span data-sheets-root=\"1\">Crea un ambiente relajado con influencias vegetales, usando una paleta de colores en tonos pastel de neutros c\u00e1lidos que emulan la tierra. Especialmente con tonos beige, verdes y ligeramente gris\u00e1ceos. Se pueden usar diferentes materiales (madera, metales, telas, mimbre, fibras naturales y cer\u00e1mica), pero siempre con un toque de suavidad para crear una atm\u00f3sfera relajada. Las formas y los acabados aportan el equilibrio entre el ritmo y la armon\u00eda. Se busca la simplicidad y la tranquilidad sin complicaciones ni ostentaciones.<\/span><\/p>\t\t\t\t\t\t\t\t<\/div>\n\t\t\t\t<div class=\"elementor-element elementor-element-2003bb7 elementor-widget-mobile__width-inherit elementor-align-center elementor-tablet-align-center elementor-widget elementor-widget-button\" data-id=\"2003bb7\" data-element_type=\"widget\" data-e-type=\"widget\" data-widget_type=\"button.default\">\n\t\t\t\t\t\t\t\t\t\t<a class=\"elementor-button elementor-button-link elementor-size-sm\" href=\"https:\/\/www.naterial.com\/do\/collection\/gaia\/\">\n\t\t\t\t\t\t<span class=\"elementor-button-content-wrapper\">\n\t\t\t\t\t\t\t\t\t<span class=\"elementor-button-text\">Nuestra colecci\u00f3n emblem\u00e1tica<\/span>\n\t\t\t\t\t<\/span>\n\t\t\t\t\t<\/a>\n\t\t\t\t\t\t\t\t<\/div>\n\t\t\t\t\t<\/div>\n\t\t\t\t<\/div>\n\t\t\t\t\t<\/div>\n\t\t\t\t<\/div>\n\t\t\t\t<\/div>\n\t\t","protected":false},"excerpt":{"rendered":"<p>El estilo natural se aborda con un toque de minimalismo, creando una est\u00e9tica que combina sencillez con atractivo sensorial. Crea un ambiente relajado con influencias vegetales, usando una paleta de colores en tonos pastel de neutros c\u00e1lidos que emulan la tierra. Especialmente con tonos beige, verdes y ligeramente gris\u00e1ceos. Se pueden usar diferentes materiales (madera, [&hellip;]<\/p>\n","protected":false},"author":2,"featured_media":0,"parent":22143,"menu_order":0,"comment_status":"closed","ping_status":"closed","template":"","meta":{"_acf_changed":false,"footnotes":""},"class_list":["post-22178","page","type-page","status-publish","hentry"],"acf":[],"_links":{"self":[{"href":"https:\/\/www.naterial.com\/do\/wp-json\/wp\/v2\/pages\/22178","targetHints":{"allow":["GET"]}}],"collection":[{"href":"https:\/\/www.naterial.com\/do\/wp-json\/wp\/v2\/pages"}],"about":[{"href":"https:\/\/www.naterial.com\/do\/wp-json\/wp\/v2\/types\/page"}],"author":[{"embeddable":true,"href":"https:\/\/www.naterial.com\/do\/wp-json\/wp\/v2\/users\/2"}],"replies":[{"embeddable":true,"href":"https:\/\/www.naterial.com\/do\/wp-json\/wp\/v2\/comments?post=22178"}],"version-history":[{"count":14,"href":"https:\/\/www.naterial.com\/do\/wp-json\/wp\/v2\/pages\/22178\/revisions"}],"predecessor-version":[{"id":22332,"href":"https:\/\/www.naterial.com\/do\/wp-json\/wp\/v2\/pages\/22178\/revisions\/22332"}],"up":[{"embeddable":true,"href":"https:\/\/www.naterial.com\/do\/wp-json\/wp\/v2\/pages\/22143"}],"wp:attachment":[{"href":"https:\/\/www.naterial.com\/do\/wp-json\/wp\/v2\/media?parent=22178"}],"curies":[{"name":"wp","href":"https:\/\/api.w.org\/{rel}","templated":true}]}}