{"id":22188,"date":"2026-02-23T09:18:16","date_gmt":"2026-02-23T08:18:16","guid":{"rendered":"https:\/\/www.naterial.com\/do\/?page_id=22188"},"modified":"2026-02-24T10:21:23","modified_gmt":"2026-02-24T09:21:23","slug":"tradicional","status":"publish","type":"page","link":"https:\/\/www.naterial.com\/do\/nuestros-estilos\/tradicional\/","title":{"rendered":"Tradicional"},"content":{"rendered":"\t\t<div data-elementor-type=\"wp-page\" data-elementor-id=\"22188\" class=\"elementor elementor-22188\" data-elementor-post-type=\"page\">\n\t\t\t\t<div class=\"elementor-element elementor-element-0f5b843 e-flex e-con-boxed e-con e-parent\" data-id=\"0f5b843\" data-element_type=\"container\" data-e-type=\"container\">\n\t\t\t\t\t<div class=\"e-con-inner\">\n\t\t\t\t<div class=\"elementor-element elementor-element-7a904b4 elementor-widget elementor-widget-heading\" data-id=\"7a904b4\" data-element_type=\"widget\" data-e-type=\"widget\" data-widget_type=\"heading.default\">\n\t\t\t\t\t<h2 class=\"elementor-heading-title elementor-size-default\">Tradicional<\/h2>\t\t\t\t<\/div>\n\t\t\t\t<div class=\"elementor-element elementor-element-df097d2 elementor-widget elementor-widget-text-editor\" data-id=\"df097d2\" data-element_type=\"widget\" data-e-type=\"widget\" data-widget_type=\"text-editor.default\">\n\t\t\t\t\t\t\t\t\t<p><span data-sheets-root=\"1\">El estilo tradicional crea una atm\u00f3sfera de autenticidad que une historia y modernidad.<\/span><\/p>\t\t\t\t\t\t\t\t<\/div>\n\t\t\t\t\t<\/div>\n\t\t\t\t<\/div>\n\t\t<div class=\"elementor-element elementor-element-95f998a e-con-full e-flex e-con e-parent\" data-id=\"95f998a\" data-element_type=\"container\" data-e-type=\"container\">\n\t\t\t\t<div class=\"elementor-element elementor-element-d2d4dfd elementor-widget elementor-widget-ucaddon_image_accodion\" data-id=\"d2d4dfd\" data-element_type=\"widget\" data-e-type=\"widget\" data-widget_type=\"ucaddon_image_accodion.default\">\n\t\t\t\t<div class=\"elementor-widget-container\">\n\t\t\t\t\t\n<!-- start Image Accordion -->\n\t\t<link id='font-awesome-css' href='https:\/\/www.naterial.com\/do\/wp-content\/plugins\/unlimited-elements-for-elementor-premium\/assets_libraries\/font-awesome6\/fontawesome-all.min.css' type='text\/css' rel='stylesheet' >\n\t\t<link id='font-awesome-4-shim-css' href='https:\/\/www.naterial.com\/do\/wp-content\/plugins\/unlimited-elements-for-elementor-premium\/assets_libraries\/font-awesome6\/fontawesome-v4-shims.min.css' type='text\/css' rel='stylesheet' >\n\n<style>\/* widget: Image Accordion *\/\n\n\r\n@keyframes uc_image_accodion_elementor_d2d4dfd__item-animation {\r\n  0% {\r\n            \r\n        \t        \tfilter: blur(10px);\r\n\t\t\t\r\n    \t    opacity: 0;\r\n  }\r\n  100% {\r\n            \r\n        \t            filter: blur(0px);\r\n            \r\n    \t\topacity: 1;\r\n  }\r\n}\r\n\r\n\r\n#uc_image_accodion_elementor_d2d4dfd .uc_image_accodion_holder{\r\n\topacity:0;\r\n}\r\n\r\n\r\n#uc_image_accodion_elementor_d2d4dfd .uc-entrance-animate {\r\n  opacity:1;\r\n}\r\n\r\n#uc_image_accodion_elementor_d2d4dfd .uc-entrance-animate {\r\n\tanimation: uc_image_accodion_elementor_d2d4dfd__item-animation 0.6s cubic-bezier(0.470, 0.000, 0.745, 0.715) both;\r\n}\r\n\r\n\t\t\t\n\n#uc_image_accodion_elementor_d2d4dfd * { \n  box-sizing: border-box; \n}\n\n#uc_image_accodion_elementor_d2d4dfd.uc_image_accodion .uc_content .uc_image_accodion_holder{\n  transition: 500ms;\n}\n\n#uc_image_accodion_elementor_d2d4dfd  a.uc_more_btn{\n  display:inline-block;\n  text-decoration:none; \n}\n\n#uc_image_accodion_elementor_d2d4dfd .uc_content{\n  display: flex;\n  flex-wrap: wrap;\n  transform:rotate(0deg);\n}\n\n#uc_image_accodion_elementor_d2d4dfd .uc_content .uc_image_accodion_holder{\n  display: block;\n  background-repeat: no-repeat;\n  flex: 1;\n  text-align: center;\n  position: relative;\n  text-decoration: none;\n  transition: 500ms;\n  overflow:hidden;\n  transform:skew(0deg);\n  overflow:hidden;\n}\n\n#uc_image_accodion_elementor_d2d4dfd .uc_content .uc_image_accodion_holder.uc_hover{\n  flex: 1.4;\n}\n\n#uc_image_accodion_elementor_d2d4dfd .uc_content .uc_image_accodion_holder .uc_overlay > * {\n  transform:skew(-0deg) rotate(-0deg);\n}\n\n#uc_image_accodion_elementor_d2d4dfd .uc_content .uc_image_accodion_holder .uc_overlay {\n  display: flex;\n  justify-content: center;\n  position: absolute;\n  top: 0;\n  right: 0;\n  bottom: 0;\n  left: 0;\n  transition:500ms;\n}\n\n#uc_image_accodion_elementor_d2d4dfd .uc_content .uc_overlay .uc_overlay_inner {\n  z-index: 1;\n}\n\n#uc_image_accodion_elementor_d2d4dfd .uc_content .uc_overlay .ue_title-wrapper { \n  visibility: hidden;\n  transition: .1s;\n}\n\n#uc_image_accodion_elementor_d2d4dfd .uc_content .uc_image_accodion_holder.uc_hover .ue_title-wrapper {\n  visibility: visible;\n  transition: 500ms;\n  transition-delay: 500ms;\n}\n\n\n#uc_image_accodion_elementor_d2d4dfd .uc_content .uc_overlay .uc_overlay_inner div.ue-content {\n  transform: translate3d(0,60px,0);\n  opacity: 0;\n  visibility: hidden;\n}\n\n#uc_image_accodion_elementor_d2d4dfd .uc_content .uc_image_accodion_holder.uc_hover .uc_overlay .uc_overlay_inner div.ue-content {\n  opacity: 1;\n  visibility: visible;\n  transform: translate3d(0,0,0);\n  transition: 500ms;\n  transition-delay: 500ms;\n}\n\n\n\n#uc_image_accodion_elementor_d2d4dfd .ue_item_icon{\n  line-height:1em;\n  transition: all .1s ease;\n}\n\n#uc_image_accodion_elementor_d2d4dfd .uc_image_accodion_holder.uc_hover .ue_item_icon{\n  transition: all .3s ease;\n  transition-delay: 500ms;\n}\n\n#uc_image_accodion_elementor_d2d4dfd .ue_item_icon svg{\n  height:1em;\n  width:1em;\n}\n\n#uc_image_accodion_elementor_d2d4dfd .ue_subtitle{\n  display:block;\n}\n\n\n#uc_image_accodion_elementor_d2d4dfd .uc_item_link{\n  position: absolute;\n  top: 0;\n  left: ;\n  width: 100%;\n  height: 100%;\n  display: block;\n  z-index: 1;\n}\n\n@media only screen and (max-width:800px){\n  #uc_image_accodion_elementor_d2d4dfd .uc_content {\n    flex-direction: column;\n  }\n}\n\n<\/style>\n\n<div class=\"uc_image_accodion uc_creative_buttons  \" id=\"uc_image_accodion_elementor_d2d4dfd\" data-mobilestart=\"\"  >\n  <div class=\"uc_content uc-items-wrapper\">\n    \n\n<div class=\"uc_image_accodion_holder \"  style=\"background-image: url(https:\/\/www.naterial.com\/do\/wp-content\/uploads\/2026\/02\/PDT-3276007600018_3276007599893_3276007601459_3276007548549-A-011-768x768.jpg); background-position:center center; background-size:cover;\" aria-label=\"\" aria-expanded=\"false\" role=\"button\" tabindex=\"0\">\n  <div class=\"uc_overlay\">\n    <div class=\"uc_overlay_inner\">\n            \t       \n             \n              <div class=\"ue-content\"> \n                         \n                  <\/div>\n            \n          \n    <\/div>\n  <\/div>  \n      \n<\/div>\n\n\n<div class=\"uc_image_accodion_holder \"  style=\"background-image: url(https:\/\/www.naterial.com\/do\/wp-content\/uploads\/2026\/02\/PDT-3276007602111_3276007602272_3276007600490_3276007599909_3276007600063_3276007601220_3276007601534_3276007613384_3276007652918_3276007632798-A-06-1-768x768.jpg); background-position:center center; background-size:cover;\" aria-label=\"\" aria-expanded=\"false\" role=\"button\" tabindex=\"0\">\n  <div class=\"uc_overlay\">\n    <div class=\"uc_overlay_inner\">\n            \t       \n             \n              <div class=\"ue-content\"> \n                         \n                  <\/div>\n            \n          \n    <\/div>\n  <\/div>  \n      \n<\/div>\n\n\n<div class=\"uc_image_accodion_holder \"  style=\"background-image: url(https:\/\/www.naterial.com\/do\/wp-content\/uploads\/2026\/02\/pdt-3276007087321_3276007087482-a-11-1-768x768.jpg); background-position:center center; background-size:cover;\" aria-label=\"\" aria-expanded=\"false\" role=\"button\" tabindex=\"0\">\n  <div class=\"uc_overlay\">\n    <div class=\"uc_overlay_inner\">\n            \t       \n             \n              <div class=\"ue-content\"> \n                         \n                  <\/div>\n            \n          \n    <\/div>\n  <\/div>  \n      \n<\/div>\n\n  <\/div>\n<\/div>\n<!-- end Image Accordion -->\t\t\t\t<\/div>\n\t\t\t\t<\/div>\n\t\t\t\t<\/div>\n\t\t<div class=\"elementor-element elementor-element-8502950 e-flex e-con-boxed e-con e-parent\" data-id=\"8502950\" data-element_type=\"container\" data-e-type=\"container\">\n\t\t\t\t\t<div class=\"e-con-inner\">\n\t\t\t\t<div class=\"elementor-element elementor-element-a0bfc4c elementor-widget elementor-widget-spacer\" data-id=\"a0bfc4c\" data-element_type=\"widget\" data-e-type=\"widget\" data-widget_type=\"spacer.default\">\n\t\t\t\t\t\t\t<div class=\"elementor-spacer\">\n\t\t\t<div class=\"elementor-spacer-inner\"><\/div>\n\t\t<\/div>\n\t\t\t\t\t\t<\/div>\n\t\t\t\t<div class=\"elementor-element elementor-element-c6867bb elementor-widget elementor-widget-image\" data-id=\"c6867bb\" data-element_type=\"widget\" data-e-type=\"widget\" data-widget_type=\"image.default\">\n\t\t\t\t\t\t\t\t\t\t\t\t\t\t\t<img fetchpriority=\"high\" decoding=\"async\" width=\"1200\" height=\"674\" src=\"https:\/\/www.naterial.com\/do\/wp-content\/uploads\/2026\/02\/Traditional.jpg\" class=\"attachment-2048x2048 size-2048x2048 wp-image-22190\" alt=\"\" srcset=\"https:\/\/www.naterial.com\/do\/wp-content\/uploads\/2026\/02\/Traditional.jpg 1200w, https:\/\/www.naterial.com\/do\/wp-content\/uploads\/2026\/02\/Traditional-300x169.jpg 300w, https:\/\/www.naterial.com\/do\/wp-content\/uploads\/2026\/02\/Traditional-1024x575.jpg 1024w, https:\/\/www.naterial.com\/do\/wp-content\/uploads\/2026\/02\/Traditional-768x431.jpg 768w, https:\/\/www.naterial.com\/do\/wp-content\/uploads\/2026\/02\/Traditional-600x337.jpg 600w\" sizes=\"(max-width: 1200px) 100vw, 1200px\" \/>\t\t\t\t\t\t\t\t\t\t\t\t\t\t\t<\/div>\n\t\t<div class=\"elementor-element elementor-element-4190dc0 e-flex e-con-boxed e-con e-child\" data-id=\"4190dc0\" data-element_type=\"container\" data-e-type=\"container\" data-settings=\"{&quot;background_background&quot;:&quot;classic&quot;}\">\n\t\t\t\t\t<div class=\"e-con-inner\">\n\t\t\t\t<div class=\"elementor-element elementor-element-fe5024e elementor-widget elementor-widget-text-editor\" data-id=\"fe5024e\" data-element_type=\"widget\" data-e-type=\"widget\" data-widget_type=\"text-editor.default\">\n\t\t\t\t\t\t\t\t\t<p><span data-sheets-root=\"1\">Refleja el deseo de amueblar una decoraci\u00f3n cl\u00e1sica con elegancia y simplicidad para crear una sensaci\u00f3n de renovaci\u00f3n. Este estilo mezcla materiales como el m\u00e1rmol, el metal y el rat\u00e1n tejido a mano. Los colores experimentan con tonos pastel y grises (desde el blanco hasta el gris oscuro). El conjunto da lugar a un ambiente sofisticado.<\/span><\/p>\t\t\t\t\t\t\t\t<\/div>\n\t\t\t\t<div class=\"elementor-element elementor-element-75fc649 elementor-widget-mobile__width-inherit elementor-align-left elementor-tablet-align-center elementor-widget elementor-widget-button\" data-id=\"75fc649\" data-element_type=\"widget\" data-e-type=\"widget\" data-widget_type=\"button.default\">\n\t\t\t\t\t\t\t\t\t\t<a class=\"elementor-button elementor-button-link elementor-size-sm\" href=\"https:\/\/www.naterial.com\/do\/collection\/medena\/\">\n\t\t\t\t\t\t<span class=\"elementor-button-content-wrapper\">\n\t\t\t\t\t\t\t\t\t<span class=\"elementor-button-text\">Nuestra colecci\u00f3n emblem\u00e1tica<\/span>\n\t\t\t\t\t<\/span>\n\t\t\t\t\t<\/a>\n\t\t\t\t\t\t\t\t<\/div>\n\t\t\t\t\t<\/div>\n\t\t\t\t<\/div>\n\t\t\t\t\t<\/div>\n\t\t\t\t<\/div>\n\t\t\t\t<\/div>\n\t\t","protected":false},"excerpt":{"rendered":"<p>El estilo tradicional crea una atm\u00f3sfera de autenticidad que une historia y modernidad. Refleja el deseo de amueblar una decoraci\u00f3n cl\u00e1sica con elegancia y simplicidad para crear una sensaci\u00f3n de renovaci\u00f3n. Este estilo mezcla materiales como el m\u00e1rmol, el metal y el rat\u00e1n tejido a mano. Los colores experimentan con tonos pastel y grises (desde [&hellip;]<\/p>\n","protected":false},"author":2,"featured_media":0,"parent":22143,"menu_order":0,"comment_status":"closed","ping_status":"closed","template":"","meta":{"_acf_changed":false,"footnotes":""},"class_list":["post-22188","page","type-page","status-publish","hentry"],"acf":[],"_links":{"self":[{"href":"https:\/\/www.naterial.com\/do\/wp-json\/wp\/v2\/pages\/22188","targetHints":{"allow":["GET"]}}],"collection":[{"href":"https:\/\/www.naterial.com\/do\/wp-json\/wp\/v2\/pages"}],"about":[{"href":"https:\/\/www.naterial.com\/do\/wp-json\/wp\/v2\/types\/page"}],"author":[{"embeddable":true,"href":"https:\/\/www.naterial.com\/do\/wp-json\/wp\/v2\/users\/2"}],"replies":[{"embeddable":true,"href":"https:\/\/www.naterial.com\/do\/wp-json\/wp\/v2\/comments?post=22188"}],"version-history":[{"count":8,"href":"https:\/\/www.naterial.com\/do\/wp-json\/wp\/v2\/pages\/22188\/revisions"}],"predecessor-version":[{"id":22339,"href":"https:\/\/www.naterial.com\/do\/wp-json\/wp\/v2\/pages\/22188\/revisions\/22339"}],"up":[{"embeddable":true,"href":"https:\/\/www.naterial.com\/do\/wp-json\/wp\/v2\/pages\/22143"}],"wp:attachment":[{"href":"https:\/\/www.naterial.com\/do\/wp-json\/wp\/v2\/media?parent=22188"}],"curies":[{"name":"wp","href":"https:\/\/api.w.org\/{rel}","templated":true}]}}