{"id":19986,"date":"2026-02-12T10:33:16","date_gmt":"2026-02-12T09:33:16","guid":{"rendered":"https:\/\/www.naterial.com\/do\/?product=mesa-de-exterior-madera-oris"},"modified":"2026-03-18T09:28:06","modified_gmt":"2026-03-18T08:28:06","slug":"mesa-de-exterior-madera-oris","status":"publish","type":"product","link":"https:\/\/www.naterial.com\/do\/producto\/mesa-de-exterior-madera-oris\/","title":{"rendered":"Mesa de exterior madera Oris"},"content":{"rendered":"","protected":false},"excerpt":{"rendered":"<p>Mesa de exterior madera Oris combina madera tratada para exterior con dise\u00f1o funcional y elegante. Ideal para terrazas y jardines, ofrece comodidad, estilo y resistencia al clima. Renueva tu espacio exterior con estilo y m\u00e1xima calidad.<\/p>\n","protected":false},"featured_media":20670,"comment_status":"open","ping_status":"closed","template":"","meta":{"_acf_changed":false,"footnotes":""},"collection":[63],"product_model":[59],"product_brand":[],"product_cat":[152],"product_tag":[],"class_list":{"0":"post-19986","1":"product","2":"type-product","3":"status-publish","4":"has-post-thumbnail","6":"collection-oris","7":"product_model-59","8":"product_cat-mesas-de-exterior-no-extensibles","10":"first","11":"instock","12":"taxable","13":"shipping-taxable","14":"purchasable","15":"product-type-simple"},"acf":{"wproduct_subtitle":"4 asientos","wproduct_instruction_manual_url":"https:\/\/media.adeo.com\/media\/3104939\/instructionsmanual","uy_product_type":"","image_content_block_1":20197,"title_content_block_1":"Mesa de exterior elegante","text_content_block_1":"La mesa de comedor Oris permite disfrutar de comidas al aire libre: cuatro personas pueden reunirse alrededor de esta mesa. Su estructura est\u00e1 fabricada en aluminio ligero y resistente, altamente duradero frente a la humedad y la corrosi\u00f3n. El tablero es de madera de eucalipto, similar a la teca y procedente de una gesti\u00f3n forestal sostenible.","image_content_block_2":20198,"title_content_block_2":"Muebles de exterior f\u00e1ciles de combinar","text_content_block_2":"Con sus formas anguladas y el elegante contraste entre el marco en color antracita y la calidez de la madera, el mueble de exterior Oris refleja un estilo industrial contempor\u00e1neo que se adapta a la perfecci\u00f3n a cualquier espacio exterior. Para conseguir una composici\u00f3n armoniosa y atractiva, lo ideal es complementar la mesa con las sillas de la misma colecci\u00f3n.","image_content_block_3":20199,"title_content_block_3":"Consejos de mantenimiento","text_content_block_3":"La superficie de la mesa est\u00e1 fabricada en madera de eucalipto, un material vivo y 100% reciclable. Proviene de bosques certificados, reconocidos por su sostenibilidad social, ecol\u00f3gica y econ\u00f3mica. Durante el invierno, la mesa debe guardarse en un lugar protegido. Para el mantenimiento de las partes en aluminio, basta con un pa\u00f1o h\u00famedo y un producto de limpieza neutro.","image_content_block_4":null,"title_content_block_4":"","text_content_block_4":"","image_content_block_5":null,"title_content_block_5":"","text_content_block_5":""},"_links":{"self":[{"href":"https:\/\/www.naterial.com\/do\/wp-json\/wp\/v2\/product\/19986","targetHints":{"allow":["GET"]}}],"collection":[{"href":"https:\/\/www.naterial.com\/do\/wp-json\/wp\/v2\/product"}],"about":[{"href":"https:\/\/www.naterial.com\/do\/wp-json\/wp\/v2\/types\/product"}],"replies":[{"embeddable":true,"href":"https:\/\/www.naterial.com\/do\/wp-json\/wp\/v2\/comments?post=19986"}],"version-history":[{"count":1,"href":"https:\/\/www.naterial.com\/do\/wp-json\/wp\/v2\/product\/19986\/revisions"}],"predecessor-version":[{"id":20196,"href":"https:\/\/www.naterial.com\/do\/wp-json\/wp\/v2\/product\/19986\/revisions\/20196"}],"wp:featuredmedia":[{"embeddable":true,"href":"https:\/\/www.naterial.com\/do\/wp-json\/wp\/v2\/media\/20670"}],"wp:attachment":[{"href":"https:\/\/www.naterial.com\/do\/wp-json\/wp\/v2\/media?parent=19986"}],"wp:term":[{"taxonomy":"collection","embeddable":true,"href":"https:\/\/www.naterial.com\/do\/wp-json\/wp\/v2\/collection?post=19986"},{"taxonomy":"product_model","embeddable":true,"href":"https:\/\/www.naterial.com\/do\/wp-json\/wp\/v2\/product_model?post=19986"},{"taxonomy":"product_brand","embeddable":true,"href":"https:\/\/www.naterial.com\/do\/wp-json\/wp\/v2\/product_brand?post=19986"},{"taxonomy":"product_cat","embeddable":true,"href":"https:\/\/www.naterial.com\/do\/wp-json\/wp\/v2\/product_cat?post=19986"},{"taxonomy":"product_tag","embeddable":true,"href":"https:\/\/www.naterial.com\/do\/wp-json\/wp\/v2\/product_tag?post=19986"}],"curies":[{"name":"wp","href":"https:\/\/api.w.org\/{rel}","templated":true}]}}