{"id":19999,"date":"2026-02-12T10:33:24","date_gmt":"2026-02-12T09:33:24","guid":{"rendered":"https:\/\/www.naterial.com\/do\/?product=chaise-longue-multiposicion-resina-de-aluminio-medena"},"modified":"2026-03-18T09:28:13","modified_gmt":"2026-03-18T08:28:13","slug":"chaise-longue-multiposicion-resina-de-aluminio-medena","status":"publish","type":"product","link":"https:\/\/www.naterial.com\/do\/producto\/chaise-longue-multiposicion-resina-de-aluminio-medena\/","title":{"rendered":"Chaise longue multiposici\u00f3n resina de aluminio Medena"},"content":{"rendered":"","protected":false},"excerpt":{"rendered":"<p>Chaise longue multiposici\u00f3n Medena combina aluminio anticorrosivo, resina tejida resistente a rayos UV con ajustes multiposici\u00f3n para mayor confort. Ideal para terrazas y jardines, ofrece comodidad, estilo y resistencia. Haz de tu patio el rinc\u00f3n perfecto con elegancia y funcionalidad.<\/p>\n","protected":false},"featured_media":21817,"comment_status":"open","ping_status":"closed","template":"","meta":{"_acf_changed":false,"footnotes":""},"collection":[100],"product_model":[107],"product_brand":[],"product_cat":[109],"product_tag":[],"class_list":{"0":"post-19999","1":"product","2":"type-product","3":"status-publish","4":"has-post-thumbnail","6":"collection-medena","7":"product_model-107","8":"product_cat-sillas-de-terraza-sin-cojines","10":"first","11":"instock","12":"taxable","13":"shipping-taxable","14":"purchasable","15":"product-type-simple"},"acf":{"wproduct_subtitle":"Beige","wproduct_instruction_manual_url":"https:\/\/media.adeo.com\/media\/4498607\/instructionsmanual","uy_product_type":"","image_content_block_1":20227,"title_content_block_1":"\u00a1Aj\u00fastalo sin esfuerzo!","text_content_block_1":"La tumbona Medena es ideal para descansar al sol. Con trenzado efecto rat\u00e1n en resina de polietileno, coj\u00edn suave tratado contra rayos UV y agua. Su estructura de aluminio es ligera y resistente, f\u00e1cil de mover y duradera frente a humedad y \u00f3xido.","image_content_block_2":20225,"title_content_block_2":"Una est\u00e9tica natural","text_content_block_2":"Elegante y sofisticado, el chaise lounge Medena aporta un toque distinguido a tus espacios exteriores gracias a su trenzado de rat\u00e1n. Para mantener la armon\u00eda del dise\u00f1o, sus patas presentan un acabado efecto madera. Comb\u00ednalo con los dem\u00e1s elementos de la serie Medena para crear un conjunto completo y equilibrado.","image_content_block_3":20228,"title_content_block_3":"Consejos de mantenimiento","text_content_block_3":"Para preservar su mueble, se recomienda cubrirlo con una funda impermeable Naterial durante los per\u00edodos largos de inactividad. El coj\u00edn es completamente desenfundable para facilitar su limpieza. Se limpia f\u00e1cilmente con un pa\u00f1o h\u00famedo y un producto neutro.","image_content_block_4":null,"title_content_block_4":"","text_content_block_4":"","image_content_block_5":null,"title_content_block_5":"","text_content_block_5":""},"_links":{"self":[{"href":"https:\/\/www.naterial.com\/do\/wp-json\/wp\/v2\/product\/19999","targetHints":{"allow":["GET"]}}],"collection":[{"href":"https:\/\/www.naterial.com\/do\/wp-json\/wp\/v2\/product"}],"about":[{"href":"https:\/\/www.naterial.com\/do\/wp-json\/wp\/v2\/types\/product"}],"replies":[{"embeddable":true,"href":"https:\/\/www.naterial.com\/do\/wp-json\/wp\/v2\/comments?post=19999"}],"version-history":[{"count":1,"href":"https:\/\/www.naterial.com\/do\/wp-json\/wp\/v2\/product\/19999\/revisions"}],"predecessor-version":[{"id":20144,"href":"https:\/\/www.naterial.com\/do\/wp-json\/wp\/v2\/product\/19999\/revisions\/20144"}],"wp:featuredmedia":[{"embeddable":true,"href":"https:\/\/www.naterial.com\/do\/wp-json\/wp\/v2\/media\/21817"}],"wp:attachment":[{"href":"https:\/\/www.naterial.com\/do\/wp-json\/wp\/v2\/media?parent=19999"}],"wp:term":[{"taxonomy":"collection","embeddable":true,"href":"https:\/\/www.naterial.com\/do\/wp-json\/wp\/v2\/collection?post=19999"},{"taxonomy":"product_model","embeddable":true,"href":"https:\/\/www.naterial.com\/do\/wp-json\/wp\/v2\/product_model?post=19999"},{"taxonomy":"product_brand","embeddable":true,"href":"https:\/\/www.naterial.com\/do\/wp-json\/wp\/v2\/product_brand?post=19999"},{"taxonomy":"product_cat","embeddable":true,"href":"https:\/\/www.naterial.com\/do\/wp-json\/wp\/v2\/product_cat?post=19999"},{"taxonomy":"product_tag","embeddable":true,"href":"https:\/\/www.naterial.com\/do\/wp-json\/wp\/v2\/product_tag?post=19999"}],"curies":[{"name":"wp","href":"https:\/\/api.w.org\/{rel}","templated":true}]}}