{"id":20010,"date":"2026-02-12T10:33:30","date_gmt":"2026-02-12T09:33:30","guid":{"rendered":"https:\/\/www.naterial.com\/do\/?product=set-muebles-de-exterior-modular-aluminio-calypso"},"modified":"2026-03-18T09:28:18","modified_gmt":"2026-03-18T08:28:18","slug":"set-muebles-de-exterior-modular-aluminio-calypso","status":"publish","type":"product","link":"https:\/\/www.naterial.com\/do\/producto\/set-muebles-de-exterior-modular-aluminio-calypso\/","title":{"rendered":"Set muebles de exterior modular aluminio Calypso"},"content":{"rendered":"","protected":false},"excerpt":{"rendered":"<p>Set muebles de exterior Calypso combina aluminio anticorrosivo con configuraci\u00f3n modular adaptable. Ideal para terrazas y jardines, ofrece comodidad, estilo y resistencia. Eleva el dise\u00f1o de tu \u00e1rea exterior con piezas duraderas y sofisticadas.<\/p>\n","protected":false},"featured_media":20753,"comment_status":"open","ping_status":"closed","template":"","meta":{"_acf_changed":false,"footnotes":""},"collection":[112],"product_model":[105],"product_brand":[],"product_cat":[106],"product_tag":[],"class_list":{"0":"post-20010","1":"product","2":"type-product","3":"status-publish","4":"has-post-thumbnail","6":"collection-calypso","7":"product_model-105","8":"product_cat-sets-de-exterior","10":"first","11":"instock","12":"taxable","13":"shipping-taxable","14":"purchasable","15":"product-type-simple"},"acf":{"wproduct_subtitle":"5 asientos, antracita","wproduct_instruction_manual_url":"https:\/\/media.adeo.com\/media\/4500981\/instructionsmanual","uy_product_type":"","image_content_block_1":null,"title_content_block_1":"","text_content_block_1":"","image_content_block_2":null,"title_content_block_2":"","text_content_block_2":"","image_content_block_3":null,"title_content_block_3":"","text_content_block_3":"","image_content_block_4":null,"title_content_block_4":"","text_content_block_4":"","image_content_block_5":null,"title_content_block_5":"","text_content_block_5":""},"_links":{"self":[{"href":"https:\/\/www.naterial.com\/do\/wp-json\/wp\/v2\/product\/20010","targetHints":{"allow":["GET"]}}],"collection":[{"href":"https:\/\/www.naterial.com\/do\/wp-json\/wp\/v2\/product"}],"about":[{"href":"https:\/\/www.naterial.com\/do\/wp-json\/wp\/v2\/types\/product"}],"replies":[{"embeddable":true,"href":"https:\/\/www.naterial.com\/do\/wp-json\/wp\/v2\/comments?post=20010"}],"version-history":[{"count":1,"href":"https:\/\/www.naterial.com\/do\/wp-json\/wp\/v2\/product\/20010\/revisions"}],"predecessor-version":[{"id":20241,"href":"https:\/\/www.naterial.com\/do\/wp-json\/wp\/v2\/product\/20010\/revisions\/20241"}],"wp:featuredmedia":[{"embeddable":true,"href":"https:\/\/www.naterial.com\/do\/wp-json\/wp\/v2\/media\/20753"}],"wp:attachment":[{"href":"https:\/\/www.naterial.com\/do\/wp-json\/wp\/v2\/media?parent=20010"}],"wp:term":[{"taxonomy":"collection","embeddable":true,"href":"https:\/\/www.naterial.com\/do\/wp-json\/wp\/v2\/collection?post=20010"},{"taxonomy":"product_model","embeddable":true,"href":"https:\/\/www.naterial.com\/do\/wp-json\/wp\/v2\/product_model?post=20010"},{"taxonomy":"product_brand","embeddable":true,"href":"https:\/\/www.naterial.com\/do\/wp-json\/wp\/v2\/product_brand?post=20010"},{"taxonomy":"product_cat","embeddable":true,"href":"https:\/\/www.naterial.com\/do\/wp-json\/wp\/v2\/product_cat?post=20010"},{"taxonomy":"product_tag","embeddable":true,"href":"https:\/\/www.naterial.com\/do\/wp-json\/wp\/v2\/product_tag?post=20010"}],"curies":[{"name":"wp","href":"https:\/\/api.w.org\/{rel}","templated":true}]}}