{"id":20012,"date":"2026-02-12T10:33:31","date_gmt":"2026-02-12T09:33:31","guid":{"rendered":"https:\/\/www.naterial.com\/do\/?product=set-muebles-de-exterior-de-salon-aluminio-odyssea"},"modified":"2026-03-18T09:28:19","modified_gmt":"2026-03-18T08:28:19","slug":"set-muebles-de-exterior-de-salon-aluminio-odyssea","status":"publish","type":"product","link":"https:\/\/www.naterial.com\/do\/producto\/set-muebles-de-exterior-de-salon-aluminio-odyssea\/","title":{"rendered":"Set muebles de exterior de sal\u00f3n aluminio Odyssea"},"content":{"rendered":"","protected":false},"excerpt":{"rendered":"<p>Set muebles de exterior de sal\u00f3n Odyssea combina aluminio anticorrosivo con dise\u00f1o funcional y elegante. Ideal para terrazas y jardines, ofrece comodidad, estilo y resistencia. Disfruta cada momento en tu terraza con muebles de dise\u00f1o exclusivo.<\/p>\n","protected":false},"featured_media":20758,"comment_status":"open","ping_status":"closed","template":"","meta":{"_acf_changed":false,"footnotes":""},"collection":[113],"product_model":[105],"product_brand":[],"product_cat":[106],"product_tag":[],"class_list":{"0":"post-20012","1":"product","2":"type-product","3":"status-publish","4":"has-post-thumbnail","6":"collection-odyssea","7":"product_model-105","8":"product_cat-sets-de-exterior","10":"first","11":"instock","12":"taxable","13":"shipping-taxable","14":"purchasable","15":"product-type-simple"},"acf":{"wproduct_subtitle":"7 asientos, blanco","wproduct_instruction_manual_url":"https:\/\/media.adeo.com\/media\/4269757\/instructionsmanual","uy_product_type":"","image_content_block_1":20247,"title_content_block_1":"Dise\u00f1o que invita a tu jard\u00edn.","text_content_block_1":"Los muebles de jard\u00edn Odyssea Nateory de 7 asientos son perfectos para ti y aportar\u00e1n un toque de dise\u00f1o a tu exterior. Puedes adaptarlo f\u00e1cilmente al n\u00famero de invitados. Este sal\u00f3n exterior es tan ligero que podr\u00e1s cambiar su disposici\u00f3n sin esfuerzo y orientarlo para seguir el sol durante el d\u00eda. Su mesa de caf\u00e9 central permitir\u00e1 a tus invitados mantener su bebida siempre a mano.","image_content_block_2":20248,"title_content_block_2":"Comodidad y ligereza","text_content_block_2":"El elegante dise\u00f1o y las l\u00edneas rectas de este mueble de exterior han sido cuidadosamente estudiadas para ofrecer la m\u00e1xima comodidad, gracias a sus cojines gruesos y firmes. La combinaci\u00f3n de aluminio y textileno le proporciona una ligereza excepcional, mientras que su color blanco aporta un toque de elegancia. Extiende este momento de relax integr\u00e1ndolo con el \u00e1rea de comedor Odyssea II y crea as\u00ed un conjunto completo y un espacio armonioso en tu terraza.","image_content_block_3":20249,"title_content_block_3":"Consejos de mantenimiento","text_content_block_3":"F\u00e1cil de mantener, en caso de suciedad, los cojines son lavables y la estructura solo requiere un pa\u00f1o h\u00famedo y jab\u00f3n neutro para recuperar su condici\u00f3n original. Este mueble de exterior lo acompa\u00f1ar\u00e1 durante muchos a\u00f1os en su jard\u00edn. Recuerde proteger los cojines de la humedad durante largos per\u00edodos sin uso y cubrir la estructura con una funda Naterial para preservarla de la suciedad durante el invierno.","image_content_block_4":null,"title_content_block_4":"","text_content_block_4":"","image_content_block_5":null,"title_content_block_5":"","text_content_block_5":""},"_links":{"self":[{"href":"https:\/\/www.naterial.com\/do\/wp-json\/wp\/v2\/product\/20012","targetHints":{"allow":["GET"]}}],"collection":[{"href":"https:\/\/www.naterial.com\/do\/wp-json\/wp\/v2\/product"}],"about":[{"href":"https:\/\/www.naterial.com\/do\/wp-json\/wp\/v2\/types\/product"}],"replies":[{"embeddable":true,"href":"https:\/\/www.naterial.com\/do\/wp-json\/wp\/v2\/comments?post=20012"}],"version-history":[{"count":1,"href":"https:\/\/www.naterial.com\/do\/wp-json\/wp\/v2\/product\/20012\/revisions"}],"predecessor-version":[{"id":20246,"href":"https:\/\/www.naterial.com\/do\/wp-json\/wp\/v2\/product\/20012\/revisions\/20246"}],"wp:featuredmedia":[{"embeddable":true,"href":"https:\/\/www.naterial.com\/do\/wp-json\/wp\/v2\/media\/20758"}],"wp:attachment":[{"href":"https:\/\/www.naterial.com\/do\/wp-json\/wp\/v2\/media?parent=20012"}],"wp:term":[{"taxonomy":"collection","embeddable":true,"href":"https:\/\/www.naterial.com\/do\/wp-json\/wp\/v2\/collection?post=20012"},{"taxonomy":"product_model","embeddable":true,"href":"https:\/\/www.naterial.com\/do\/wp-json\/wp\/v2\/product_model?post=20012"},{"taxonomy":"product_brand","embeddable":true,"href":"https:\/\/www.naterial.com\/do\/wp-json\/wp\/v2\/product_brand?post=20012"},{"taxonomy":"product_cat","embeddable":true,"href":"https:\/\/www.naterial.com\/do\/wp-json\/wp\/v2\/product_cat?post=20012"},{"taxonomy":"product_tag","embeddable":true,"href":"https:\/\/www.naterial.com\/do\/wp-json\/wp\/v2\/product_tag?post=20012"}],"curies":[{"name":"wp","href":"https:\/\/api.w.org\/{rel}","templated":true}]}}