{"id":20014,"date":"2026-02-12T10:33:33","date_gmt":"2026-02-12T09:33:33","guid":{"rendered":"https:\/\/www.naterial.com\/do\/?product=pergola-bioclimatica-con-persiana-clima-2"},"modified":"2026-03-18T09:28:20","modified_gmt":"2026-03-18T08:28:20","slug":"persiana-para-pergola-bioclimatica-clima-3","status":"publish","type":"product","link":"https:\/\/www.naterial.com\/do\/producto\/persiana-para-pergola-bioclimatica-clima-3\/","title":{"rendered":"Persiana para p\u00e9rgola bioclim\u00e1tica Clima"},"content":{"rendered":"","protected":false},"excerpt":{"rendered":"<p>P\u00e9rgola bioclim\u00e1tica Clima combina materiales resistentes para exterior con lamas orientables para luz y ventilaci\u00f3n, paneles con persiana para privacidad. Ideal para terrazas y jardines, ofrece comodidad, estilo y resistencia. Haz que tu exterior luzca incre\u00edble con muebles modernos y resistentes.<\/p>\n","protected":false},"featured_media":20767,"comment_status":"open","ping_status":"closed","template":"","meta":{"_acf_changed":false,"footnotes":""},"collection":[114],"product_model":[118],"product_brand":[],"product_cat":[119],"product_tag":[],"class_list":{"0":"post-20014","1":"product","2":"type-product","3":"status-publish","4":"has-post-thumbnail","6":"collection-clima","7":"product_model-118","8":"product_cat-cortinas-exteriores-para-pergolas-y-cenadores","10":"first","11":"instock","12":"taxable","13":"shipping-taxable","14":"purchasable","15":"product-type-simple"},"acf":{"wproduct_subtitle":"Blanco, 210x290 cm","wproduct_instruction_manual_url":"https:\/\/media.adeo.com\/media\/4500989\/instructionsmanual","uy_product_type":"","image_content_block_1":"","title_content_block_1":"","text_content_block_1":"","image_content_block_2":"","title_content_block_2":"","text_content_block_2":"","image_content_block_3":"","title_content_block_3":"","text_content_block_3":"","image_content_block_4":"","title_content_block_4":"","text_content_block_4":"","image_content_block_5":"","title_content_block_5":"","text_content_block_5":""},"_links":{"self":[{"href":"https:\/\/www.naterial.com\/do\/wp-json\/wp\/v2\/product\/20014","targetHints":{"allow":["GET"]}}],"collection":[{"href":"https:\/\/www.naterial.com\/do\/wp-json\/wp\/v2\/product"}],"about":[{"href":"https:\/\/www.naterial.com\/do\/wp-json\/wp\/v2\/types\/product"}],"replies":[{"embeddable":true,"href":"https:\/\/www.naterial.com\/do\/wp-json\/wp\/v2\/comments?post=20014"}],"version-history":[{"count":2,"href":"https:\/\/www.naterial.com\/do\/wp-json\/wp\/v2\/product\/20014\/revisions"}],"predecessor-version":[{"id":22357,"href":"https:\/\/www.naterial.com\/do\/wp-json\/wp\/v2\/product\/20014\/revisions\/22357"}],"wp:featuredmedia":[{"embeddable":true,"href":"https:\/\/www.naterial.com\/do\/wp-json\/wp\/v2\/media\/20767"}],"wp:attachment":[{"href":"https:\/\/www.naterial.com\/do\/wp-json\/wp\/v2\/media?parent=20014"}],"wp:term":[{"taxonomy":"collection","embeddable":true,"href":"https:\/\/www.naterial.com\/do\/wp-json\/wp\/v2\/collection?post=20014"},{"taxonomy":"product_model","embeddable":true,"href":"https:\/\/www.naterial.com\/do\/wp-json\/wp\/v2\/product_model?post=20014"},{"taxonomy":"product_brand","embeddable":true,"href":"https:\/\/www.naterial.com\/do\/wp-json\/wp\/v2\/product_brand?post=20014"},{"taxonomy":"product_cat","embeddable":true,"href":"https:\/\/www.naterial.com\/do\/wp-json\/wp\/v2\/product_cat?post=20014"},{"taxonomy":"product_tag","embeddable":true,"href":"https:\/\/www.naterial.com\/do\/wp-json\/wp\/v2\/product_tag?post=20014"}],"curies":[{"name":"wp","href":"https:\/\/api.w.org\/{rel}","templated":true}]}}