{"id":20019,"date":"2026-02-12T10:33:37","date_gmt":"2026-02-12T09:33:37","guid":{"rendered":"https:\/\/www.naterial.com\/do\/?product=columpio-de-jardin-acero-oris"},"modified":"2026-03-18T09:28:25","modified_gmt":"2026-03-18T08:28:25","slug":"columpio-de-jardin-acero-oris","status":"publish","type":"product","link":"https:\/\/www.naterial.com\/do\/producto\/columpio-de-jardin-acero-oris\/","title":{"rendered":"Columpio de jard\u00edn acero Oris"},"content":{"rendered":"","protected":false},"excerpt":{"rendered":"<p>Columpio de jard\u00edn Oris combina acero con recubrimiento epoxi con dise\u00f1o funcional y elegante. Ideal para terrazas y jardines, ofrece comodidad, estilo y resistencia. Haz de tu patio el rinc\u00f3n perfecto con elegancia y funcionalidad.<\/p>\n","protected":false},"featured_media":21835,"comment_status":"open","ping_status":"closed","template":"","meta":{"_acf_changed":false,"footnotes":""},"collection":[63],"product_model":[121],"product_brand":[],"product_cat":[122],"product_tag":[],"class_list":{"0":"post-20019","1":"product","2":"type-product","3":"status-publish","4":"has-post-thumbnail","6":"collection-oris","7":"product_model-121","8":"product_cat-sillas-colgantes","10":"first","11":"instock","12":"taxable","13":"shipping-taxable","14":"purchasable","15":"product-type-simple"},"acf":{"wproduct_subtitle":"3 asientos, antracita","wproduct_instruction_manual_url":"https:\/\/media.adeo.com\/media\/4501081\/instructionsmanual","uy_product_type":"","image_content_block_1":null,"title_content_block_1":"","text_content_block_1":"","image_content_block_2":null,"title_content_block_2":"","text_content_block_2":"","image_content_block_3":null,"title_content_block_3":"","text_content_block_3":"","image_content_block_4":null,"title_content_block_4":"","text_content_block_4":"","image_content_block_5":null,"title_content_block_5":"","text_content_block_5":""},"_links":{"self":[{"href":"https:\/\/www.naterial.com\/do\/wp-json\/wp\/v2\/product\/20019","targetHints":{"allow":["GET"]}}],"collection":[{"href":"https:\/\/www.naterial.com\/do\/wp-json\/wp\/v2\/product"}],"about":[{"href":"https:\/\/www.naterial.com\/do\/wp-json\/wp\/v2\/types\/product"}],"replies":[{"embeddable":true,"href":"https:\/\/www.naterial.com\/do\/wp-json\/wp\/v2\/comments?post=20019"}],"version-history":[{"count":1,"href":"https:\/\/www.naterial.com\/do\/wp-json\/wp\/v2\/product\/20019\/revisions"}],"predecessor-version":[{"id":20258,"href":"https:\/\/www.naterial.com\/do\/wp-json\/wp\/v2\/product\/20019\/revisions\/20258"}],"wp:featuredmedia":[{"embeddable":true,"href":"https:\/\/www.naterial.com\/do\/wp-json\/wp\/v2\/media\/21835"}],"wp:attachment":[{"href":"https:\/\/www.naterial.com\/do\/wp-json\/wp\/v2\/media?parent=20019"}],"wp:term":[{"taxonomy":"collection","embeddable":true,"href":"https:\/\/www.naterial.com\/do\/wp-json\/wp\/v2\/collection?post=20019"},{"taxonomy":"product_model","embeddable":true,"href":"https:\/\/www.naterial.com\/do\/wp-json\/wp\/v2\/product_model?post=20019"},{"taxonomy":"product_brand","embeddable":true,"href":"https:\/\/www.naterial.com\/do\/wp-json\/wp\/v2\/product_brand?post=20019"},{"taxonomy":"product_cat","embeddable":true,"href":"https:\/\/www.naterial.com\/do\/wp-json\/wp\/v2\/product_cat?post=20019"},{"taxonomy":"product_tag","embeddable":true,"href":"https:\/\/www.naterial.com\/do\/wp-json\/wp\/v2\/product_tag?post=20019"}],"curies":[{"name":"wp","href":"https:\/\/api.w.org\/{rel}","templated":true}]}}