{"id":20021,"date":"2026-02-12T10:33:39","date_gmt":"2026-02-12T09:33:39","guid":{"rendered":"https:\/\/www.naterial.com\/do\/?product=columpio-de-jardin-acero-odyssea"},"modified":"2026-03-18T09:28:26","modified_gmt":"2026-03-18T08:28:26","slug":"columpio-de-jardin-acero-odyssea","status":"publish","type":"product","link":"https:\/\/www.naterial.com\/do\/producto\/columpio-de-jardin-acero-odyssea\/","title":{"rendered":"Columpio de jard\u00edn acero Odyssea"},"content":{"rendered":"","protected":false},"excerpt":{"rendered":"<p>Columpio de jard\u00edn Odyssea combina acero con recubrimiento epoxi con dise\u00f1o funcional y elegante. Ideal para terrazas y jardines, ofrece comodidad, estilo y resistencia. Crea ambientes acogedores al aire libre con calidad superior.<\/p>\n","protected":false},"featured_media":22360,"comment_status":"open","ping_status":"closed","template":"","meta":{"_acf_changed":false,"footnotes":""},"collection":[113],"product_model":[121],"product_brand":[],"product_cat":[122],"product_tag":[],"class_list":{"0":"post-20021","1":"product","2":"type-product","3":"status-publish","4":"has-post-thumbnail","6":"collection-odyssea","7":"product_model-121","8":"product_cat-sillas-colgantes","10":"first","11":"instock","12":"taxable","13":"shipping-taxable","14":"product-type-simple"},"acf":{"wproduct_subtitle":"3 asientos, antracita","wproduct_instruction_manual_url":"https:\/\/media.adeo.com\/media\/4094385\/instructionsmanual","uy_product_type":"","image_content_block_1":20263,"title_content_block_1":"Rel\u00e1jate c\u00f3modamente","text_content_block_1":"Un columpio pensado para tu comodidad: con capacidad para 3 personas y hasta 395 kg, el columpio Odyssea II te permite disfrutar de un momento relajante en tu jard\u00edn o terraza. Cuenta con un toldo regulable que permite balancearse y protegerse del sol y el deslumbramiento al cerrarlo. Sus 4 cojines, con efecto algod\u00f3n agradable al tacto, son repelentes al agua y tratados contra rayos UV para retrasar su desgaste. Su estructura est\u00e1 hecha de aluminio y acero, dos materiales que aportan resistencia y durabilidad al mueble.","image_content_block_2":20264,"title_content_block_2":"Un dise\u00f1o moderno","text_content_block_2":"Su discreto sistema de columpio de altura media le confiere un dise\u00f1o ligero y contempor\u00e1neo, sin afectar su movimiento. La combinaci\u00f3n de colores gris claro y antracita refuerza su aspecto moderno. Comb\u00ednalo con los muebles de exterior Odyssea II para un conjunto completo y armonioso.","image_content_block_3":20265,"title_content_block_3":"Consejos de mantenimiento","text_content_block_3":"Extienda la vida \u00fatil de su columpio protegi\u00e9ndolo durante largos per\u00edodos sin uso bajo una funda impermeable Naterial. Los cojines son completamente desenfundables para facilitar su limpieza. El lienzo tambi\u00e9n es removible para un mantenimiento sencillo. La limpieza de su estructura se realiza f\u00e1cilmente con un pa\u00f1o h\u00famedo y un producto neutro.","image_content_block_4":null,"title_content_block_4":"","text_content_block_4":"","image_content_block_5":null,"title_content_block_5":"","text_content_block_5":""},"_links":{"self":[{"href":"https:\/\/www.naterial.com\/do\/wp-json\/wp\/v2\/product\/20021","targetHints":{"allow":["GET"]}}],"collection":[{"href":"https:\/\/www.naterial.com\/do\/wp-json\/wp\/v2\/product"}],"about":[{"href":"https:\/\/www.naterial.com\/do\/wp-json\/wp\/v2\/types\/product"}],"replies":[{"embeddable":true,"href":"https:\/\/www.naterial.com\/do\/wp-json\/wp\/v2\/comments?post=20021"}],"version-history":[{"count":1,"href":"https:\/\/www.naterial.com\/do\/wp-json\/wp\/v2\/product\/20021\/revisions"}],"predecessor-version":[{"id":20262,"href":"https:\/\/www.naterial.com\/do\/wp-json\/wp\/v2\/product\/20021\/revisions\/20262"}],"wp:featuredmedia":[{"embeddable":true,"href":"https:\/\/www.naterial.com\/do\/wp-json\/wp\/v2\/media\/22360"}],"wp:attachment":[{"href":"https:\/\/www.naterial.com\/do\/wp-json\/wp\/v2\/media?parent=20021"}],"wp:term":[{"taxonomy":"collection","embeddable":true,"href":"https:\/\/www.naterial.com\/do\/wp-json\/wp\/v2\/collection?post=20021"},{"taxonomy":"product_model","embeddable":true,"href":"https:\/\/www.naterial.com\/do\/wp-json\/wp\/v2\/product_model?post=20021"},{"taxonomy":"product_brand","embeddable":true,"href":"https:\/\/www.naterial.com\/do\/wp-json\/wp\/v2\/product_brand?post=20021"},{"taxonomy":"product_cat","embeddable":true,"href":"https:\/\/www.naterial.com\/do\/wp-json\/wp\/v2\/product_cat?post=20021"},{"taxonomy":"product_tag","embeddable":true,"href":"https:\/\/www.naterial.com\/do\/wp-json\/wp\/v2\/product_tag?post=20021"}],"curies":[{"name":"wp","href":"https:\/\/api.w.org\/{rel}","templated":true}]}}