{"id":20023,"date":"2026-02-12T10:33:40","date_gmt":"2026-02-12T09:33:40","guid":{"rendered":"https:\/\/www.naterial.com\/do\/?product=silla-colgante-acero-ovo"},"modified":"2026-03-18T09:28:26","modified_gmt":"2026-03-18T08:28:26","slug":"silla-colgante-acero-ovo","status":"publish","type":"product","link":"https:\/\/www.naterial.com\/do\/producto\/silla-colgante-acero-ovo\/","title":{"rendered":"Silla colgante acero Ovo"},"content":{"rendered":"","protected":false},"excerpt":{"rendered":"<p>Silla colgante Ovo combina acero con recubrimiento epoxi con dise\u00f1o funcional y elegante. Ideal para terrazas y jardines, ofrece comodidad, estilo y resistencia. Transforma tu jard\u00edn en un espacio lleno de estilo y comodidad.<\/p>\n","protected":false},"featured_media":20773,"comment_status":"open","ping_status":"closed","template":"","meta":{"_acf_changed":false,"footnotes":""},"collection":[123],"product_model":[121],"product_brand":[],"product_cat":[122],"product_tag":[],"class_list":{"0":"post-20023","1":"product","2":"type-product","3":"status-publish","4":"has-post-thumbnail","6":"collection-ovo","7":"product_model-121","8":"product_cat-sillas-colgantes","10":"first","11":"instock","12":"taxable","13":"shipping-taxable","14":"purchasable","15":"product-type-simple"},"acf":{"wproduct_subtitle":"Beige","wproduct_instruction_manual_url":"https:\/\/media.adeo.com\/media\/4498604\/instructionsmanual","uy_product_type":"","image_content_block_1":20271,"title_content_block_1":"Un capullo suspendido donde el tiempo se detiene","text_content_block_1":"Con el sill\u00f3n colgante de jard\u00edn OVO, haz de estos momentos parte de tu rutina y disfruta de la tranquilidad en tu terraza c\u00f3modamente. D\u00e9jate arrullar en su gran coj\u00edn suave, que ofrece una comodidad \u00f3ptima. Su estructura de acero y cuerda proporciona buen soporte y crea un ambiente acogedor sobre tu cabeza. Sus patas de acero aseguran la estabilidad y su cadena permite ajustar la altura del asiento.","image_content_block_2":20272,"title_content_block_2":"Un estilo natural y \u00fanico","text_content_block_2":"La silla huevo suspendida Ovo y su capullo de cuerda oscura aportan un estilo natural y envolvente a tu terraza, balc\u00f3n o espacio exterior. Su tono claro combina perfectamente con un mueble de exterior de estilo natural, como el conjunto ETOS. Comb\u00ednalo con un colch\u00f3n Deco Natario para lograr a\u00fan m\u00e1s estilo y comodidad.","image_content_block_3":null,"title_content_block_3":"","text_content_block_3":"","image_content_block_4":null,"title_content_block_4":"","text_content_block_4":"","image_content_block_5":null,"title_content_block_5":"","text_content_block_5":""},"_links":{"self":[{"href":"https:\/\/www.naterial.com\/do\/wp-json\/wp\/v2\/product\/20023","targetHints":{"allow":["GET"]}}],"collection":[{"href":"https:\/\/www.naterial.com\/do\/wp-json\/wp\/v2\/product"}],"about":[{"href":"https:\/\/www.naterial.com\/do\/wp-json\/wp\/v2\/types\/product"}],"replies":[{"embeddable":true,"href":"https:\/\/www.naterial.com\/do\/wp-json\/wp\/v2\/comments?post=20023"}],"version-history":[{"count":1,"href":"https:\/\/www.naterial.com\/do\/wp-json\/wp\/v2\/product\/20023\/revisions"}],"predecessor-version":[{"id":20270,"href":"https:\/\/www.naterial.com\/do\/wp-json\/wp\/v2\/product\/20023\/revisions\/20270"}],"wp:featuredmedia":[{"embeddable":true,"href":"https:\/\/www.naterial.com\/do\/wp-json\/wp\/v2\/media\/20773"}],"wp:attachment":[{"href":"https:\/\/www.naterial.com\/do\/wp-json\/wp\/v2\/media?parent=20023"}],"wp:term":[{"taxonomy":"collection","embeddable":true,"href":"https:\/\/www.naterial.com\/do\/wp-json\/wp\/v2\/collection?post=20023"},{"taxonomy":"product_model","embeddable":true,"href":"https:\/\/www.naterial.com\/do\/wp-json\/wp\/v2\/product_model?post=20023"},{"taxonomy":"product_brand","embeddable":true,"href":"https:\/\/www.naterial.com\/do\/wp-json\/wp\/v2\/product_brand?post=20023"},{"taxonomy":"product_cat","embeddable":true,"href":"https:\/\/www.naterial.com\/do\/wp-json\/wp\/v2\/product_cat?post=20023"},{"taxonomy":"product_tag","embeddable":true,"href":"https:\/\/www.naterial.com\/do\/wp-json\/wp\/v2\/product_tag?post=20023"}],"curies":[{"name":"wp","href":"https:\/\/api.w.org\/{rel}","templated":true}]}}