{"id":20029,"date":"2026-02-12T10:33:43","date_gmt":"2026-02-12T09:33:43","guid":{"rendered":"https:\/\/www.naterial.com\/do\/?product=silla-de-jardin-plegable-cruz"},"modified":"2026-03-18T09:28:29","modified_gmt":"2026-03-18T08:28:29","slug":"silla-de-jardin-plegable-cruz","status":"publish","type":"product","link":"https:\/\/www.naterial.com\/do\/producto\/silla-de-jardin-plegable-cruz\/","title":{"rendered":"Silla de jard\u00edn plegable Cruz"},"content":{"rendered":"","protected":false},"excerpt":{"rendered":"<p>Silla de jard\u00edn Cruz combina materiales resistentes para exterior con mecanismo plegable para f\u00e1cil guardado. Ideal para terrazas y jardines, ofrece comodidad, estilo y resistencia. Haz de tu patio el rinc\u00f3n perfecto con elegancia y funcionalidad.<\/p>\n","protected":false},"featured_media":21852,"comment_status":"open","ping_status":"closed","template":"","meta":{"_acf_changed":false,"footnotes":""},"collection":[125],"product_model":[102],"product_brand":[],"product_cat":[104],"product_tag":[],"class_list":{"0":"post-20029","1":"product","2":"type-product","3":"status-publish","4":"has-post-thumbnail","6":"collection-cruz","7":"product_model-102","8":"product_cat-sillones","10":"first","11":"instock","12":"taxable","13":"shipping-taxable","14":"purchasable","15":"product-type-simple"},"acf":{"wproduct_subtitle":"Antracita","wproduct_instruction_manual_url":"https:\/\/media.adeo.com\/media\/4500998\/instructionsmanual","uy_product_type":"","image_content_block_1":20286,"title_content_block_1":"\u00bfTe apetece relajarte fuera?","text_content_block_1":"Un gran cl\u00e1sico para los momentos de descanso en el jard\u00edn, la hamaca Cruz Naterial se adapta f\u00e1cilmente a peque\u00f1os espacios exteriores. Plegable, se guarda con facilidad y encontrar\u00e1 sin problema un lugar en su balc\u00f3n.","image_content_block_2":20287,"title_content_block_2":"Dise\u00f1o coordinado y s\u00f3lido","text_content_block_2":"Las sillas de jard\u00edn plegables Cruz son el complemento perfecto para las gamas Orion II, Odyssea II, Aquila II y Lyra II, de las que retoman colores y materiales. El asiento y el reposacabezas, fabricados en textileno, ofrecen una excelente elasticidad y son especialmente resistentes al uso en exteriores. Su estructura de aluminio las hace ligeras, duraderas y resistentes a la humedad y al \u00f3xido.","image_content_block_3":null,"title_content_block_3":"","text_content_block_3":"","image_content_block_4":null,"title_content_block_4":"","text_content_block_4":"","image_content_block_5":null,"title_content_block_5":"","text_content_block_5":""},"_links":{"self":[{"href":"https:\/\/www.naterial.com\/do\/wp-json\/wp\/v2\/product\/20029","targetHints":{"allow":["GET"]}}],"collection":[{"href":"https:\/\/www.naterial.com\/do\/wp-json\/wp\/v2\/product"}],"about":[{"href":"https:\/\/www.naterial.com\/do\/wp-json\/wp\/v2\/types\/product"}],"replies":[{"embeddable":true,"href":"https:\/\/www.naterial.com\/do\/wp-json\/wp\/v2\/comments?post=20029"}],"version-history":[{"count":1,"href":"https:\/\/www.naterial.com\/do\/wp-json\/wp\/v2\/product\/20029\/revisions"}],"predecessor-version":[{"id":20285,"href":"https:\/\/www.naterial.com\/do\/wp-json\/wp\/v2\/product\/20029\/revisions\/20285"}],"wp:featuredmedia":[{"embeddable":true,"href":"https:\/\/www.naterial.com\/do\/wp-json\/wp\/v2\/media\/21852"}],"wp:attachment":[{"href":"https:\/\/www.naterial.com\/do\/wp-json\/wp\/v2\/media?parent=20029"}],"wp:term":[{"taxonomy":"collection","embeddable":true,"href":"https:\/\/www.naterial.com\/do\/wp-json\/wp\/v2\/collection?post=20029"},{"taxonomy":"product_model","embeddable":true,"href":"https:\/\/www.naterial.com\/do\/wp-json\/wp\/v2\/product_model?post=20029"},{"taxonomy":"product_brand","embeddable":true,"href":"https:\/\/www.naterial.com\/do\/wp-json\/wp\/v2\/product_brand?post=20029"},{"taxonomy":"product_cat","embeddable":true,"href":"https:\/\/www.naterial.com\/do\/wp-json\/wp\/v2\/product_cat?post=20029"},{"taxonomy":"product_tag","embeddable":true,"href":"https:\/\/www.naterial.com\/do\/wp-json\/wp\/v2\/product_tag?post=20029"}],"curies":[{"name":"wp","href":"https:\/\/api.w.org\/{rel}","templated":true}]}}