{"id":20033,"date":"2026-02-12T10:33:45","date_gmt":"2026-02-12T09:33:45","guid":{"rendered":"https:\/\/www.naterial.com\/do\/?product=chaise-longue-multiposicion-aluminio-y-textileno-lyra-ii-2"},"modified":"2026-03-18T09:28:30","modified_gmt":"2026-03-18T08:28:30","slug":"chaise-longue-multiposicion-aluminio-y-textileno-lyra-ii-2","status":"publish","type":"product","link":"https:\/\/www.naterial.com\/do\/producto\/chaise-longue-multiposicion-aluminio-y-textileno-lyra-ii-2\/","title":{"rendered":"Chaise longue multiposici\u00f3n aluminio y textileno Lyra II"},"content":{"rendered":"","protected":false},"excerpt":{"rendered":"<p>Chaise longue multiposici\u00f3n Lyra II combina aluminio anticorrosivo, textileno transpirable con ajustes multiposici\u00f3n para mayor confort. Ideal para terrazas y jardines, ofrece comodidad, estilo y resistencia. Transforma tu jard\u00edn en un espacio lleno de estilo y comodidad.<\/p>\n","protected":false},"featured_media":20793,"comment_status":"open","ping_status":"closed","template":"","meta":{"_acf_changed":false,"footnotes":""},"collection":[126],"product_model":[110],"product_brand":[],"product_cat":[109],"product_tag":[],"class_list":{"0":"post-20033","1":"product","2":"type-product","3":"status-publish","4":"has-post-thumbnail","6":"collection-lyra","7":"product_model-110","8":"product_cat-sillas-de-terraza-sin-cojines","10":"first","11":"instock","12":"taxable","13":"shipping-taxable","14":"purchasable","15":"product-type-simple"},"acf":{"wproduct_subtitle":"Blanco","wproduct_instruction_manual_url":"https:\/\/media.adeo.com\/media\/4498646\/instructionsmanual","uy_product_type":"","image_content_block_1":20297,"title_content_block_1":"\u00a1Rel\u00e1jese!","text_content_block_1":"Con su revestimiento acolchado de textilene, la tumbona Lyra II le garantiza una comodidad permanente. Este tejido de PVC es flexible y se adapta a las curvas de su cuerpo. Es resistente, aguanta la humedad y es muy duradero. Adem\u00e1s, deja pasar el aire y el agua. Su respaldo ajustable le ofrece cuatro posiciones diferentes para adaptarse a sus deseos. As\u00ed, podr\u00e1 disfrutar de una siesta tumbado al sol o saborear una bebida refrescante en posici\u00f3n semisentada. Dise\u00f1ada con materiales ligeros y resistentes, la tumbona Lyra II es el compromiso perfecto entre comodidad y utilidad. Ligera y m\u00f3vil, se desplaza en un abrir y cerrar de ojos gracias a sus dos ruedas. Su estructura, fabricada \u00edntegramente en aluminio, le garantiza una alta resistencia al \u00f3xido y a la humedad.","image_content_block_2":20298,"title_content_block_2":"Un dise\u00f1o contempor\u00e1neo.","text_content_block_2":"La tumbona Lyra II invita al descanso. Su forma curvada se adapta perfectamente a la espalda, combinando comodidad y dise\u00f1o. Su moderno color blanco combina f\u00e1cilmente con cualquier decoraci\u00f3n. Comb\u00ednela con el sal\u00f3n de jard\u00edn bajo Lyra II para crear un espacio de descanso completo.","image_content_block_3":20299,"title_content_block_3":"Consejos de mantenimiento","text_content_block_3":"Para preservar sus muebles de forma duradera, se recomienda guardarlos durante el invierno en un lugar protegido de la humedad, en un cobertizo de jard\u00edn o con una funda impermeable Naterial. Se limpian f\u00e1cilmente con un pa\u00f1o h\u00famedo y un producto neutro.","image_content_block_4":null,"title_content_block_4":"","text_content_block_4":"","image_content_block_5":null,"title_content_block_5":"","text_content_block_5":""},"_links":{"self":[{"href":"https:\/\/www.naterial.com\/do\/wp-json\/wp\/v2\/product\/20033","targetHints":{"allow":["GET"]}}],"collection":[{"href":"https:\/\/www.naterial.com\/do\/wp-json\/wp\/v2\/product"}],"about":[{"href":"https:\/\/www.naterial.com\/do\/wp-json\/wp\/v2\/types\/product"}],"replies":[{"embeddable":true,"href":"https:\/\/www.naterial.com\/do\/wp-json\/wp\/v2\/comments?post=20033"}],"version-history":[{"count":1,"href":"https:\/\/www.naterial.com\/do\/wp-json\/wp\/v2\/product\/20033\/revisions"}],"predecessor-version":[{"id":20296,"href":"https:\/\/www.naterial.com\/do\/wp-json\/wp\/v2\/product\/20033\/revisions\/20296"}],"wp:featuredmedia":[{"embeddable":true,"href":"https:\/\/www.naterial.com\/do\/wp-json\/wp\/v2\/media\/20793"}],"wp:attachment":[{"href":"https:\/\/www.naterial.com\/do\/wp-json\/wp\/v2\/media?parent=20033"}],"wp:term":[{"taxonomy":"collection","embeddable":true,"href":"https:\/\/www.naterial.com\/do\/wp-json\/wp\/v2\/collection?post=20033"},{"taxonomy":"product_model","embeddable":true,"href":"https:\/\/www.naterial.com\/do\/wp-json\/wp\/v2\/product_model?post=20033"},{"taxonomy":"product_brand","embeddable":true,"href":"https:\/\/www.naterial.com\/do\/wp-json\/wp\/v2\/product_brand?post=20033"},{"taxonomy":"product_cat","embeddable":true,"href":"https:\/\/www.naterial.com\/do\/wp-json\/wp\/v2\/product_cat?post=20033"},{"taxonomy":"product_tag","embeddable":true,"href":"https:\/\/www.naterial.com\/do\/wp-json\/wp\/v2\/product_tag?post=20033"}],"curies":[{"name":"wp","href":"https:\/\/api.w.org\/{rel}","templated":true}]}}