{"id":20034,"date":"2026-02-12T10:33:46","date_gmt":"2026-02-12T09:33:46","guid":{"rendered":"https:\/\/www.naterial.com\/do\/?product=mesa-de-exterior-extensible-aluminio-lyra-ii-2"},"modified":"2026-03-18T09:28:31","modified_gmt":"2026-03-18T08:28:31","slug":"mesa-de-exterior-extensible-aluminio-lyra-ii-2","status":"publish","type":"product","link":"https:\/\/www.naterial.com\/do\/producto\/mesa-de-exterior-extensible-aluminio-lyra-ii-2\/","title":{"rendered":"Mesa de exterior extensible aluminio Lyra II"},"content":{"rendered":"","protected":false},"excerpt":{"rendered":"<p>Mesa de exterior Lyra II combina aluminio anticorrosivo con sistema extensible para optimizar espacio. Ideal para terrazas y jardines, ofrece comodidad, estilo y resistencia. Haz que tu exterior luzca incre\u00edble con muebles modernos y resistentes.<\/p>\n","protected":false},"featured_media":20795,"comment_status":"open","ping_status":"closed","template":"","meta":{"_acf_changed":false,"footnotes":""},"collection":[126],"product_model":[67],"product_brand":[],"product_cat":[82],"product_tag":[],"class_list":{"0":"post-20034","1":"product","2":"type-product","3":"status-publish","4":"has-post-thumbnail","6":"collection-lyra","7":"product_model-67","8":"product_cat-mesas-de-exterior-extensibles","10":"first","11":"instock","12":"taxable","13":"shipping-taxable","14":"purchasable","15":"product-type-simple"},"acf":{"wproduct_subtitle":"8 asientos, antracita","wproduct_instruction_manual_url":"https:\/\/media.adeo.com\/media\/4498631\/instructionsmanual","uy_product_type":"","image_content_block_1":20301,"title_content_block_1":"Una mesa extensible ","text_content_block_1":"Ideal para momentos de hospitalidad, la mesa de jard\u00edn Lyra II permite acomodar hasta 6 invitados. Modular, incluye una pr\u00e1ctica extensi\u00f3n que permite pasar de una mesa para 4 a una para 6 personas en segundos. Robusta y duradera, la mesa Lyra II no se ve afectada por las inclemencias del tiempo. Su estructura de aluminio y su tablero de cristal garantizan alta resistencia al \u00f3xido y la humedad. Para mayor estabilidad, est\u00e1 equipada con 4 patas regulables que compensan las irregularidades del suelo de su terraza o jard\u00edn.","image_content_block_2":20302,"title_content_block_2":"Elegantes formas geometricas","text_content_block_2":"Recibe a tu familia o amigos para disfrutar de excelentes comidas alrededor de la mesa Lyra II. Su formato y patas rectangulares le confieren un aspecto geom\u00e9trico, mientras que su color gris antracita aporta un toque de modernidad a tus espacios exteriores. Para crear una zona de comedor armoniosa, comb\u00ednala con las sillas y sillones de la gama Orion II.","image_content_block_3":20303,"title_content_block_3":"Consejos de mantenimiento","text_content_block_3":"Pr\u00e1ctica para el uso diario, un pa\u00f1o h\u00famedo y un producto neutro son suficientes para mantener su silla en buen estado. Para garantizar su durabilidad, se recomienda guardarla durante el invierno en un lugar protegido de la humedad, como una caseta de jard\u00edn, o cubrirla con una funda impermeable Naterial.","image_content_block_4":null,"title_content_block_4":"","text_content_block_4":"","image_content_block_5":null,"title_content_block_5":"","text_content_block_5":""},"_links":{"self":[{"href":"https:\/\/www.naterial.com\/do\/wp-json\/wp\/v2\/product\/20034","targetHints":{"allow":["GET"]}}],"collection":[{"href":"https:\/\/www.naterial.com\/do\/wp-json\/wp\/v2\/product"}],"about":[{"href":"https:\/\/www.naterial.com\/do\/wp-json\/wp\/v2\/types\/product"}],"replies":[{"embeddable":true,"href":"https:\/\/www.naterial.com\/do\/wp-json\/wp\/v2\/comments?post=20034"}],"version-history":[{"count":1,"href":"https:\/\/www.naterial.com\/do\/wp-json\/wp\/v2\/product\/20034\/revisions"}],"predecessor-version":[{"id":20300,"href":"https:\/\/www.naterial.com\/do\/wp-json\/wp\/v2\/product\/20034\/revisions\/20300"}],"wp:featuredmedia":[{"embeddable":true,"href":"https:\/\/www.naterial.com\/do\/wp-json\/wp\/v2\/media\/20795"}],"wp:attachment":[{"href":"https:\/\/www.naterial.com\/do\/wp-json\/wp\/v2\/media?parent=20034"}],"wp:term":[{"taxonomy":"collection","embeddable":true,"href":"https:\/\/www.naterial.com\/do\/wp-json\/wp\/v2\/collection?post=20034"},{"taxonomy":"product_model","embeddable":true,"href":"https:\/\/www.naterial.com\/do\/wp-json\/wp\/v2\/product_model?post=20034"},{"taxonomy":"product_brand","embeddable":true,"href":"https:\/\/www.naterial.com\/do\/wp-json\/wp\/v2\/product_brand?post=20034"},{"taxonomy":"product_cat","embeddable":true,"href":"https:\/\/www.naterial.com\/do\/wp-json\/wp\/v2\/product_cat?post=20034"},{"taxonomy":"product_tag","embeddable":true,"href":"https:\/\/www.naterial.com\/do\/wp-json\/wp\/v2\/product_tag?post=20034"}],"curies":[{"name":"wp","href":"https:\/\/api.w.org\/{rel}","templated":true}]}}