{"id":20045,"date":"2026-02-12T10:33:53","date_gmt":"2026-02-12T09:33:53","guid":{"rendered":"https:\/\/www.naterial.com\/do\/?product=mesa-de-centro-exterior-aluminio-retro"},"modified":"2026-03-18T09:28:38","modified_gmt":"2026-03-18T08:28:38","slug":"mesa-de-centro-exterior-aluminio-retro","status":"publish","type":"product","link":"https:\/\/www.naterial.com\/do\/producto\/mesa-de-centro-exterior-aluminio-retro\/","title":{"rendered":"Mesa de centro exterior aluminio Retro"},"content":{"rendered":"","protected":false},"excerpt":{"rendered":"<p>Mesa de centro exterior Retro combina aluminio anticorrosivo con dise\u00f1o funcional y elegante. Ideal para terrazas y jardines, ofrece comodidad, estilo y resistencia. Convierte tu patio en el lugar ideal para relajarte con elegancia.<\/p>\n","protected":false},"featured_media":21416,"comment_status":"open","ping_status":"closed","template":"","meta":{"_acf_changed":false,"footnotes":""},"collection":[164],"product_model":[129],"product_brand":[],"product_cat":[130],"product_tag":[],"class_list":{"0":"post-20045","1":"product","2":"type-product","3":"status-publish","4":"has-post-thumbnail","6":"collection-retro","7":"product_model-129","8":"product_cat-mesas-de-centro-y-auxiliares","10":"first","11":"instock","12":"taxable","13":"shipping-taxable","14":"product-type-simple"},"acf":{"wproduct_subtitle":"Marr\u00f3n, efecto madera y cristal","wproduct_instruction_manual_url":"https:\/\/media.adeo.com\/media\/4498647\/instructionsmanual","uy_product_type":"","image_content_block_1":20339,"title_content_block_1":"Comparte un t\u00e9 helado en familia durante la merienda","text_content_block_1":"Disfrute de un momento agradable alrededor de la mesa de caf\u00e9 retro, \u00fanica y pr\u00e1ctica. Compuesta por una estructura de aluminio con efecto madera y una tapa de vidrio esmaltado, esta mesa es naturalmente resistente a la lluvia, el fr\u00edo y el moho. Perfectamente adaptada a la altura de los sof\u00e1s retro, permite mantener sus bebidas a mano. Una superficie de almacenamiento con tiras de cuero sint\u00e9tico, situada debajo de la bandeja, mantiene sus libros o tel\u00e9fonos cerca.","image_content_block_2":20329,"title_content_block_2":"El renacimiento del estilo retro","text_content_block_2":"La gama Retro, dise\u00f1ada para reflejar el estilo vintage de mediados del siglo XX, combina un dise\u00f1o \u00fanico con materiales resistentes, adaptando este estilo interior a tu terraza. Combina la mesa de caf\u00e9 con los sillones y sof\u00e1s de la colecci\u00f3n para crear un conjunto aut\u00e9ntico y armonioso que encajar\u00e1 a la perfecci\u00f3n en un espacio exterior verde.","image_content_block_3":20340,"title_content_block_3":"Consejos de mantenimiento","text_content_block_3":"Dise\u00f1ados para durar, los muebles de la gama Retro requieren poco mantenimiento. Su estructura de aluminio los convierte en mesas ligeras y resistentes, que pueden permanecer al aire libre durante todo el a\u00f1o. Para protegerlas de la suciedad invernal, simplemente se puede agregar una funda protectora. En el d\u00eda a d\u00eda, un pa\u00f1o h\u00famedo y un producto neutro son suficientes para su mantenimiento. Las piezas de repuesto est\u00e1n disponibles para extender la vida \u00fatil de sus muebles.","image_content_block_4":null,"title_content_block_4":"","text_content_block_4":"","image_content_block_5":null,"title_content_block_5":"","text_content_block_5":""},"_links":{"self":[{"href":"https:\/\/www.naterial.com\/do\/wp-json\/wp\/v2\/product\/20045","targetHints":{"allow":["GET"]}}],"collection":[{"href":"https:\/\/www.naterial.com\/do\/wp-json\/wp\/v2\/product"}],"about":[{"href":"https:\/\/www.naterial.com\/do\/wp-json\/wp\/v2\/types\/product"}],"replies":[{"embeddable":true,"href":"https:\/\/www.naterial.com\/do\/wp-json\/wp\/v2\/comments?post=20045"}],"version-history":[{"count":1,"href":"https:\/\/www.naterial.com\/do\/wp-json\/wp\/v2\/product\/20045\/revisions"}],"predecessor-version":[{"id":20155,"href":"https:\/\/www.naterial.com\/do\/wp-json\/wp\/v2\/product\/20045\/revisions\/20155"}],"wp:featuredmedia":[{"embeddable":true,"href":"https:\/\/www.naterial.com\/do\/wp-json\/wp\/v2\/media\/21416"}],"wp:attachment":[{"href":"https:\/\/www.naterial.com\/do\/wp-json\/wp\/v2\/media?parent=20045"}],"wp:term":[{"taxonomy":"collection","embeddable":true,"href":"https:\/\/www.naterial.com\/do\/wp-json\/wp\/v2\/collection?post=20045"},{"taxonomy":"product_model","embeddable":true,"href":"https:\/\/www.naterial.com\/do\/wp-json\/wp\/v2\/product_model?post=20045"},{"taxonomy":"product_brand","embeddable":true,"href":"https:\/\/www.naterial.com\/do\/wp-json\/wp\/v2\/product_brand?post=20045"},{"taxonomy":"product_cat","embeddable":true,"href":"https:\/\/www.naterial.com\/do\/wp-json\/wp\/v2\/product_cat?post=20045"},{"taxonomy":"product_tag","embeddable":true,"href":"https:\/\/www.naterial.com\/do\/wp-json\/wp\/v2\/product_tag?post=20045"}],"curies":[{"name":"wp","href":"https:\/\/api.w.org\/{rel}","templated":true}]}}