{"id":20049,"date":"2026-02-12T10:34:00","date_gmt":"2026-02-12T09:34:00","guid":{"rendered":"https:\/\/www.naterial.com\/do\/?product=set-2-sillas-de-jardin-acero-sigma"},"modified":"2026-03-18T09:28:43","modified_gmt":"2026-03-18T08:28:43","slug":"set-2-sillas-de-jardin-acero-sigma","status":"publish","type":"product","link":"https:\/\/www.naterial.com\/do\/producto\/set-2-sillas-de-jardin-acero-sigma\/","title":{"rendered":"Set 2 sillas de jard\u00edn acero Sigma"},"content":{"rendered":"","protected":false},"excerpt":{"rendered":"<p>Set 2 sillas de jard\u00edn Sigma combina acero con recubrimiento epoxi con dise\u00f1o funcional y elegante. Ideal para terrazas y jardines, ofrece comodidad, estilo y resistencia. Haz de tu patio el rinc\u00f3n perfecto con elegancia y funcionalidad.<\/p>\n","protected":false},"featured_media":21425,"comment_status":"open","ping_status":"closed","template":"","meta":{"_acf_changed":false,"footnotes":""},"collection":[165],"product_model":[102],"product_brand":[],"product_cat":[83],"product_tag":[],"class_list":{"0":"post-20049","1":"product","2":"type-product","3":"status-publish","4":"has-post-thumbnail","6":"collection-sigma","7":"product_model-102","8":"product_cat-sillas","10":"first","11":"instock","12":"taxable","13":"shipping-taxable","14":"purchasable","15":"product-type-simple"},"acf":{"wproduct_subtitle":"Blanco","wproduct_instruction_manual_url":"https:\/\/media.adeo.com\/media\/3868015\/instructionsmanual","uy_product_type":"","image_content_block_1":20353,"title_content_block_1":"Una silla c\u00f3moda para los fines de semana en familia","text_content_block_1":"Comparta comidas durante todo el d\u00eda con el conjunto de dos sillas de jard\u00edn Sigma. Estas sillas, dise\u00f1adas en acero, est\u00e1n equipadas con cojines en el asiento y respaldo para optimizar su comodidad durante las comidas. Ligeras y resistentes, se mueven f\u00e1cilmente para adaptarse al n\u00famero de invitados.","image_content_block_2":20354,"title_content_block_2":"Una gama contempor\u00e1nea y suave","text_content_block_2":"La serie Sigma, fabricada en acero blanco, aporta un dise\u00f1o ligero y ventilado a tu espacio exterior. Esta silla, con estructura blanca y cojines gris claro, se combina a la perfecci\u00f3n con la mesa de la serie Sigma para crear un comedor armonioso y elegante.","image_content_block_3":20355,"title_content_block_3":"Consejos de mantenimiento","text_content_block_3":"Pr\u00e1ctica para el uso diario, su silla de jard\u00edn se limpia f\u00e1cilmente con un pa\u00f1o h\u00famedo y un producto neutro. Los cojines son impermeables y sus fundas extra\u00edbles son aptas para lavadora. Para preservar su calidad, recuerde cubrir las sillas con una funda Naterial durante el invierno y almacenar los cojines en un lugar seco para protegerlos de la humedad. Las piezas de repuesto est\u00e1n disponibles para extender la vida \u00fatil de sus muebles.","image_content_block_4":null,"title_content_block_4":"","text_content_block_4":"","image_content_block_5":null,"title_content_block_5":"","text_content_block_5":""},"_links":{"self":[{"href":"https:\/\/www.naterial.com\/do\/wp-json\/wp\/v2\/product\/20049","targetHints":{"allow":["GET"]}}],"collection":[{"href":"https:\/\/www.naterial.com\/do\/wp-json\/wp\/v2\/product"}],"about":[{"href":"https:\/\/www.naterial.com\/do\/wp-json\/wp\/v2\/types\/product"}],"replies":[{"embeddable":true,"href":"https:\/\/www.naterial.com\/do\/wp-json\/wp\/v2\/comments?post=20049"}],"version-history":[{"count":1,"href":"https:\/\/www.naterial.com\/do\/wp-json\/wp\/v2\/product\/20049\/revisions"}],"predecessor-version":[{"id":20352,"href":"https:\/\/www.naterial.com\/do\/wp-json\/wp\/v2\/product\/20049\/revisions\/20352"}],"wp:featuredmedia":[{"embeddable":true,"href":"https:\/\/www.naterial.com\/do\/wp-json\/wp\/v2\/media\/21425"}],"wp:attachment":[{"href":"https:\/\/www.naterial.com\/do\/wp-json\/wp\/v2\/media?parent=20049"}],"wp:term":[{"taxonomy":"collection","embeddable":true,"href":"https:\/\/www.naterial.com\/do\/wp-json\/wp\/v2\/collection?post=20049"},{"taxonomy":"product_model","embeddable":true,"href":"https:\/\/www.naterial.com\/do\/wp-json\/wp\/v2\/product_model?post=20049"},{"taxonomy":"product_brand","embeddable":true,"href":"https:\/\/www.naterial.com\/do\/wp-json\/wp\/v2\/product_brand?post=20049"},{"taxonomy":"product_cat","embeddable":true,"href":"https:\/\/www.naterial.com\/do\/wp-json\/wp\/v2\/product_cat?post=20049"},{"taxonomy":"product_tag","embeddable":true,"href":"https:\/\/www.naterial.com\/do\/wp-json\/wp\/v2\/product_tag?post=20049"}],"curies":[{"name":"wp","href":"https:\/\/api.w.org\/{rel}","templated":true}]}}