{"id":20050,"date":"2026-02-12T10:34:00","date_gmt":"2026-02-12T09:34:00","guid":{"rendered":"https:\/\/www.naterial.com\/do\/?product=set-2-sillas-de-jardin-acero-athena"},"modified":"2026-03-18T09:28:43","modified_gmt":"2026-03-18T08:28:43","slug":"set-2-sillas-de-jardin-acero-athena","status":"publish","type":"product","link":"https:\/\/www.naterial.com\/do\/producto\/set-2-sillas-de-jardin-acero-athena\/","title":{"rendered":"Set 2 sillas de jard\u00edn acero Athena"},"content":{"rendered":"","protected":false},"excerpt":{"rendered":"<p>Set 2 sillas de jard\u00edn Athena combina acero con recubrimiento epoxi con dise\u00f1o funcional y elegante. Ideal para terrazas y jardines, ofrece comodidad, estilo y resistencia. Eleva el dise\u00f1o de tu \u00e1rea exterior con piezas duraderas y sofisticadas.<\/p>\n","protected":false},"featured_media":20833,"comment_status":"open","ping_status":"closed","template":"","meta":{"_acf_changed":false,"footnotes":""},"collection":[132,175,128],"product_model":[102],"product_brand":[],"product_cat":[83],"product_tag":[],"class_list":{"0":"post-20050","1":"product","2":"type-product","3":"status-publish","4":"has-post-thumbnail","6":"collection-athena","7":"collection-coleccion-2026","8":"collection-coleccion-profesional","9":"product_model-102","10":"product_cat-sillas","12":"first","13":"instock","14":"taxable","15":"shipping-taxable","16":"product-type-simple"},"acf":{"wproduct_subtitle":"Blanco","wproduct_instruction_manual_url":"https:\/\/media.adeo.com\/media\/3754528\/instructionsmanual","uy_product_type":"","image_content_block_1":20357,"title_content_block_1":"Comparte buenos momentos y una barbacoa con amigos hasta el anochecer","text_content_block_1":"Ya sea que organice una cena al aire libre o simplemente se relaje al sol, las sillas de Atenea est\u00e1n listas para satisfacer todas sus necesidades. Su estructura de aluminio los hace ligeros y f\u00e1ciles de mover, y sus cojines de poli\u00e9ster resistentes a las tareas y la humedad garantiza la durabilidad de sus muebles para compartir comidas amigables temporada tras temporada.","image_content_block_2":20358,"title_content_block_2":"Una gama contempor\u00e1nea y vers\u00e1til","text_content_block_2":"Fabricadas en aluminio grueso, las l\u00edneas de la serie Athena son rectas y refinadas, creando un dise\u00f1o moderno y aireado. Este set de dos sillas, con estructura blanca y cojines transparentes, aporta elegancia a tu espacio exterior. Comb\u00ednalas con la mesa de la serie Athena para formar un comedor contempor\u00e1neo. Toda la gama tambi\u00e9n est\u00e1 disponible en gris antracita.","image_content_block_3":20359,"title_content_block_3":"Consejos de mantenimiento","text_content_block_3":"Pr\u00e1ctica para el uso diario, sus sillas de jard\u00edn Athena se limpian f\u00e1cilmente con un pa\u00f1o h\u00famedo y un producto neutro. Los cojines son extra\u00edbles y sus fundas son lavables a m\u00e1quina. Para preservar su calidad, recuerde cubrir sus muebles con una funda Naterial durante el invierno. Las piezas de repuesto est\u00e1n disponibles para extender la vida \u00fatil de sus muebles.","image_content_block_4":"","title_content_block_4":"","text_content_block_4":"","image_content_block_5":"","title_content_block_5":"","text_content_block_5":""},"_links":{"self":[{"href":"https:\/\/www.naterial.com\/do\/wp-json\/wp\/v2\/product\/20050","targetHints":{"allow":["GET"]}}],"collection":[{"href":"https:\/\/www.naterial.com\/do\/wp-json\/wp\/v2\/product"}],"about":[{"href":"https:\/\/www.naterial.com\/do\/wp-json\/wp\/v2\/types\/product"}],"replies":[{"embeddable":true,"href":"https:\/\/www.naterial.com\/do\/wp-json\/wp\/v2\/comments?post=20050"}],"version-history":[{"count":1,"href":"https:\/\/www.naterial.com\/do\/wp-json\/wp\/v2\/product\/20050\/revisions"}],"predecessor-version":[{"id":20356,"href":"https:\/\/www.naterial.com\/do\/wp-json\/wp\/v2\/product\/20050\/revisions\/20356"}],"wp:featuredmedia":[{"embeddable":true,"href":"https:\/\/www.naterial.com\/do\/wp-json\/wp\/v2\/media\/20833"}],"wp:attachment":[{"href":"https:\/\/www.naterial.com\/do\/wp-json\/wp\/v2\/media?parent=20050"}],"wp:term":[{"taxonomy":"collection","embeddable":true,"href":"https:\/\/www.naterial.com\/do\/wp-json\/wp\/v2\/collection?post=20050"},{"taxonomy":"product_model","embeddable":true,"href":"https:\/\/www.naterial.com\/do\/wp-json\/wp\/v2\/product_model?post=20050"},{"taxonomy":"product_brand","embeddable":true,"href":"https:\/\/www.naterial.com\/do\/wp-json\/wp\/v2\/product_brand?post=20050"},{"taxonomy":"product_cat","embeddable":true,"href":"https:\/\/www.naterial.com\/do\/wp-json\/wp\/v2\/product_cat?post=20050"},{"taxonomy":"product_tag","embeddable":true,"href":"https:\/\/www.naterial.com\/do\/wp-json\/wp\/v2\/product_tag?post=20050"}],"curies":[{"name":"wp","href":"https:\/\/api.w.org\/{rel}","templated":true}]}}