{"id":20051,"date":"2026-02-12T10:34:01","date_gmt":"2026-02-12T09:34:01","guid":{"rendered":"https:\/\/www.naterial.com\/do\/?product=mesa-de-centro-cuadrada-con-compartimento-neptune"},"modified":"2026-03-18T09:28:44","modified_gmt":"2026-03-18T08:28:44","slug":"mesa-de-centro-cuadrada-con-compartimento-neptune","status":"publish","type":"product","link":"https:\/\/www.naterial.com\/do\/producto\/mesa-de-centro-cuadrada-con-compartimento-neptune\/","title":{"rendered":"Mesa de centro cuadrada con compartimento Neptune"},"content":{"rendered":"","protected":false},"excerpt":{"rendered":"<p>Mesa de centro cuadrada con compartimento Neptune combina materiales resistentes para exterior con dise\u00f1o funcional y elegante. Ideal para terrazas y jardines, ofrece comodidad, estilo y resistencia. Crea ambientes acogedores al aire libre con calidad superior.<\/p>\n","protected":false},"featured_media":20837,"comment_status":"open","ping_status":"closed","template":"","meta":{"_acf_changed":false,"footnotes":""},"collection":[175,128,166],"product_model":[129],"product_brand":[],"product_cat":[130],"product_tag":[],"class_list":{"0":"post-20051","1":"product","2":"type-product","3":"status-publish","4":"has-post-thumbnail","6":"collection-coleccion-2026","7":"collection-coleccion-profesional","8":"collection-neptune","9":"product_model-129","10":"product_cat-mesas-de-centro-y-auxiliares","12":"first","13":"instock","14":"taxable","15":"shipping-taxable","16":"product-type-simple"},"acf":{"wproduct_subtitle":"Gris claro, blanco","wproduct_instruction_manual_url":"https:\/\/media.adeo.com\/media\/3868002\/instructionsmanual","uy_product_type":"","image_content_block_1":20360,"title_content_block_1":"Comparte una mesa de aperitivos con amigos","text_content_block_1":"La mesa de caf\u00e9 Neptuno es el aliado de sus aperitivos en la terraza, permite mantener sus bebidas y bocadillos en el centro de los muebles de su jard\u00edn. Optimice su terraza utilizando su compartimento de almacenamiento impermeable debajo de la bandeja, con su f\u00e1cil sistema de apertura, para almacenar cojines o cuadros cercanos. Quelificado para uso profesional, esta mesa tambi\u00e9n se puede usar en un hotel o caf\u00e9.","image_content_block_2":20361,"title_content_block_2":"Un rango y dise\u00f1o versatil","text_content_block_2":"Fabricada en aluminio, la serie Neptuno, con bordes biselados y cojines redondeados, aporta dise\u00f1o y ligereza a tu espacio exterior, invitando al relax. Esta mesa, con estructura blanca y tela gris, se integra perfectamente con los muebles de exterior Neptuno y se coordina armoniosamente con los dem\u00e1s elementos de la colecci\u00f3n.","image_content_block_3":20362,"title_content_block_3":"Consejos de mantenimiento","text_content_block_3":"Pr\u00e1ctica para el uso diario, la mesa de su jard\u00edn Neptuno se limpia f\u00e1cilmente con un pa\u00f1o h\u00famedo y un producto neutro. Para preservar su calidad, recuerde cubrir los muebles de su jard\u00edn con una funda Naterial durante el invierno.","image_content_block_4":null,"title_content_block_4":"","text_content_block_4":"","image_content_block_5":null,"title_content_block_5":"","text_content_block_5":""},"_links":{"self":[{"href":"https:\/\/www.naterial.com\/do\/wp-json\/wp\/v2\/product\/20051","targetHints":{"allow":["GET"]}}],"collection":[{"href":"https:\/\/www.naterial.com\/do\/wp-json\/wp\/v2\/product"}],"about":[{"href":"https:\/\/www.naterial.com\/do\/wp-json\/wp\/v2\/types\/product"}],"replies":[{"embeddable":true,"href":"https:\/\/www.naterial.com\/do\/wp-json\/wp\/v2\/comments?post=20051"}],"version-history":[{"count":1,"href":"https:\/\/www.naterial.com\/do\/wp-json\/wp\/v2\/product\/20051\/revisions"}],"predecessor-version":[{"id":20156,"href":"https:\/\/www.naterial.com\/do\/wp-json\/wp\/v2\/product\/20051\/revisions\/20156"}],"wp:featuredmedia":[{"embeddable":true,"href":"https:\/\/www.naterial.com\/do\/wp-json\/wp\/v2\/media\/20837"}],"wp:attachment":[{"href":"https:\/\/www.naterial.com\/do\/wp-json\/wp\/v2\/media?parent=20051"}],"wp:term":[{"taxonomy":"collection","embeddable":true,"href":"https:\/\/www.naterial.com\/do\/wp-json\/wp\/v2\/collection?post=20051"},{"taxonomy":"product_model","embeddable":true,"href":"https:\/\/www.naterial.com\/do\/wp-json\/wp\/v2\/product_model?post=20051"},{"taxonomy":"product_brand","embeddable":true,"href":"https:\/\/www.naterial.com\/do\/wp-json\/wp\/v2\/product_brand?post=20051"},{"taxonomy":"product_cat","embeddable":true,"href":"https:\/\/www.naterial.com\/do\/wp-json\/wp\/v2\/product_cat?post=20051"},{"taxonomy":"product_tag","embeddable":true,"href":"https:\/\/www.naterial.com\/do\/wp-json\/wp\/v2\/product_tag?post=20051"}],"curies":[{"name":"wp","href":"https:\/\/api.w.org\/{rel}","templated":true}]}}