{"id":20053,"date":"2026-02-12T10:34:03","date_gmt":"2026-02-12T09:34:03","guid":{"rendered":"https:\/\/www.naterial.com\/do\/?product=sillon-reclinable-acero-y-textileno-rio"},"modified":"2026-03-18T09:28:45","modified_gmt":"2026-03-18T08:28:45","slug":"sillon-reclinable-acero-y-textileno-rio","status":"publish","type":"product","link":"https:\/\/www.naterial.com\/do\/producto\/sillon-reclinable-acero-y-textileno-rio\/","title":{"rendered":"Sill\u00f3n reclinable acero y textileno Rio"},"content":{"rendered":"","protected":false},"excerpt":{"rendered":"<p>Sill\u00f3n reclinable Rio combina acero con recubrimiento epoxi, textileno transpirable con dise\u00f1o funcional y elegante. Ideal para terrazas y jardines, ofrece comodidad, estilo y resistencia. Transforma tu jard\u00edn en un espacio lleno de estilo y comodidad.<\/p>\n","protected":false},"featured_media":21435,"comment_status":"open","ping_status":"closed","template":"","meta":{"_acf_changed":false,"footnotes":""},"collection":[167],"product_model":[107],"product_brand":[],"product_cat":[109],"product_tag":[],"class_list":{"0":"post-20053","1":"product","2":"type-product","3":"status-publish","4":"has-post-thumbnail","6":"collection-rio","7":"product_model-107","8":"product_cat-sillas-de-terraza-sin-cojines","10":"first","11":"instock","12":"taxable","13":"shipping-taxable","14":"product-type-simple"},"acf":{"wproduct_subtitle":"Blanco","wproduct_instruction_manual_url":"https:\/\/media.adeo.com\/media\/3868038\/instructionsmanual","uy_product_type":"","image_content_block_1":20366,"title_content_block_1":"\u00bfQuieres un momento de tranquilidad al sol?","text_content_block_1":"Un gran cl\u00e1sico del jard\u00edn, el r\u00edo chileno nateurial se instala f\u00e1cilmente en su joven o viejo al aire libre. Ligero y pr\u00e1ctico, este chileno est\u00e1 dise\u00f1ado en acero, y su asiento, hecho de poli\u00e9ster, adopta las formas de su espalda para una comodidad \u00f3ptima. Su almohada de cabeza trae comodidad adicional para sus descansos al sol.","image_content_block_2":20367,"title_content_block_2":"Dise\u00f1o coordinable y s\u00f3lido","text_content_block_2":"El sill\u00f3n reclinable Rio, con un dise\u00f1o elegante, se integra a la perfecci\u00f3n en cualquier espacio exterior y con cualquier tipo de mueble de exterior de dise\u00f1o. Estos sillones est\u00e1n disponibles en cuatro colores, lo que permite combinar tonos para crear un espacio al aire libre \u00fanico y colorido.","image_content_block_3":20368,"title_content_block_3":"Consejos de mantenimiento","text_content_block_3":"Pr\u00e1ctica para el uso diario, un pa\u00f1o h\u00famedo y un producto neutro son suficientes para el mantenimiento de su chaise longue. Para preservarlo de forma duradera, se recomienda guardarlo durante el invierno en un lugar protegido de la humedad, en un cobertizo de jard\u00edn o utilizando una funda Naterial adecuada. Las piezas de repuesto est\u00e1n disponibles para extender la vida \u00fatil de sus muebles.","image_content_block_4":null,"title_content_block_4":"","text_content_block_4":"","image_content_block_5":null,"title_content_block_5":"","text_content_block_5":""},"_links":{"self":[{"href":"https:\/\/www.naterial.com\/do\/wp-json\/wp\/v2\/product\/20053","targetHints":{"allow":["GET"]}}],"collection":[{"href":"https:\/\/www.naterial.com\/do\/wp-json\/wp\/v2\/product"}],"about":[{"href":"https:\/\/www.naterial.com\/do\/wp-json\/wp\/v2\/types\/product"}],"replies":[{"embeddable":true,"href":"https:\/\/www.naterial.com\/do\/wp-json\/wp\/v2\/comments?post=20053"}],"version-history":[{"count":1,"href":"https:\/\/www.naterial.com\/do\/wp-json\/wp\/v2\/product\/20053\/revisions"}],"predecessor-version":[{"id":20158,"href":"https:\/\/www.naterial.com\/do\/wp-json\/wp\/v2\/product\/20053\/revisions\/20158"}],"wp:featuredmedia":[{"embeddable":true,"href":"https:\/\/www.naterial.com\/do\/wp-json\/wp\/v2\/media\/21435"}],"wp:attachment":[{"href":"https:\/\/www.naterial.com\/do\/wp-json\/wp\/v2\/media?parent=20053"}],"wp:term":[{"taxonomy":"collection","embeddable":true,"href":"https:\/\/www.naterial.com\/do\/wp-json\/wp\/v2\/collection?post=20053"},{"taxonomy":"product_model","embeddable":true,"href":"https:\/\/www.naterial.com\/do\/wp-json\/wp\/v2\/product_model?post=20053"},{"taxonomy":"product_brand","embeddable":true,"href":"https:\/\/www.naterial.com\/do\/wp-json\/wp\/v2\/product_brand?post=20053"},{"taxonomy":"product_cat","embeddable":true,"href":"https:\/\/www.naterial.com\/do\/wp-json\/wp\/v2\/product_cat?post=20053"},{"taxonomy":"product_tag","embeddable":true,"href":"https:\/\/www.naterial.com\/do\/wp-json\/wp\/v2\/product_tag?post=20053"}],"curies":[{"name":"wp","href":"https:\/\/api.w.org\/{rel}","templated":true}]}}