{"id":20058,"date":"2026-02-12T10:34:08","date_gmt":"2026-02-12T09:34:08","guid":{"rendered":"https:\/\/www.naterial.com\/do\/?product=muebles-de-exterior-bajos-acero-blanco-sigma"},"modified":"2026-03-18T09:28:49","modified_gmt":"2026-03-18T08:28:49","slug":"muebles-de-exterior-bajos-acero-blanco-sigma","status":"publish","type":"product","link":"https:\/\/www.naterial.com\/do\/producto\/muebles-de-exterior-bajos-acero-blanco-sigma\/","title":{"rendered":"Muebles de exterior bajos acero blanco Sigma"},"content":{"rendered":"","protected":false},"excerpt":{"rendered":"<p>Muebles de exterior bajos Sigma combina acero con recubrimiento epoxi con dise\u00f1o funcional y elegante. Ideal para terrazas y jardines, ofrece comodidad, estilo y resistencia. Dale vida a tu jard\u00edn con muebles resistentes y modernos.<\/p>\n","protected":false},"featured_media":21453,"comment_status":"open","ping_status":"closed","template":"","meta":{"_acf_changed":false,"footnotes":""},"collection":[165],"product_model":[105],"product_brand":[],"product_cat":[106],"product_tag":[],"class_list":{"0":"post-20058","1":"product","2":"type-product","3":"status-publish","4":"has-post-thumbnail","6":"collection-sigma","7":"product_model-105","8":"product_cat-sets-de-exterior","10":"first","11":"instock","12":"taxable","13":"shipping-taxable","14":"purchasable","15":"product-type-simple"},"acf":{"wproduct_subtitle":"4 asientos, blanco","wproduct_instruction_manual_url":"https:\/\/media.adeo.com\/media\/3868011\/instructionsmanual","uy_product_type":"","image_content_block_1":20384,"title_content_block_1":"Momentos especiales con amigos en tu terraza","text_content_block_1":"Transforme su exterior en un espacio amigable con los muebles de Sigma Garden. Compuesto por un sof\u00e1, dos sillones y una mesa de caf\u00e9, este conjunto ofrece un espacio acogedor para 4 personas. Este sal\u00f3n est\u00e1 adornado con cojines suaves y repelentes al agua para una comodidad \u00f3ptima. La estructura de acero de toda la sala de estar lo hace ligero, f\u00e1cil de mover y limpiar.","image_content_block_2":20385,"title_content_block_2":"Una gama suave y contempor\u00e1nea","text_content_block_2":"La serie Sigma, fabricada en acero blanco y con mesa de efecto vidrio-concreto, aporta dise\u00f1o y ligereza a tu espacio exterior. Este conjunto, con estructura blanca y cojines gris claro, se coordina con el \u00e1rea de comedor Sigma para crear un conjunto armonioso y elegante.","image_content_block_3":20386,"title_content_block_3":"Consejos de mantenimiento","text_content_block_3":"Pr\u00e1ctica para el uso diario, los muebles de exterior se limpian f\u00e1cilmente con un pa\u00f1o h\u00famedo y un producto neutro. Los cojines son impermeables y sus fundas extra\u00edbles son aptas para lavarse a m\u00e1quina. Para preservar su calidad, recuerda cubrir los muebles de exterior con una funda Naterial durante el invierno y almacenar los cojines en un lugar seco. Las piezas de repuesto est\u00e1n disponibles para extender la vida \u00fatil de tus muebles.","image_content_block_4":null,"title_content_block_4":"","text_content_block_4":"","image_content_block_5":null,"title_content_block_5":"","text_content_block_5":""},"_links":{"self":[{"href":"https:\/\/www.naterial.com\/do\/wp-json\/wp\/v2\/product\/20058","targetHints":{"allow":["GET"]}}],"collection":[{"href":"https:\/\/www.naterial.com\/do\/wp-json\/wp\/v2\/product"}],"about":[{"href":"https:\/\/www.naterial.com\/do\/wp-json\/wp\/v2\/types\/product"}],"replies":[{"embeddable":true,"href":"https:\/\/www.naterial.com\/do\/wp-json\/wp\/v2\/comments?post=20058"}],"version-history":[{"count":1,"href":"https:\/\/www.naterial.com\/do\/wp-json\/wp\/v2\/product\/20058\/revisions"}],"predecessor-version":[{"id":20159,"href":"https:\/\/www.naterial.com\/do\/wp-json\/wp\/v2\/product\/20058\/revisions\/20159"}],"wp:featuredmedia":[{"embeddable":true,"href":"https:\/\/www.naterial.com\/do\/wp-json\/wp\/v2\/media\/21453"}],"wp:attachment":[{"href":"https:\/\/www.naterial.com\/do\/wp-json\/wp\/v2\/media?parent=20058"}],"wp:term":[{"taxonomy":"collection","embeddable":true,"href":"https:\/\/www.naterial.com\/do\/wp-json\/wp\/v2\/collection?post=20058"},{"taxonomy":"product_model","embeddable":true,"href":"https:\/\/www.naterial.com\/do\/wp-json\/wp\/v2\/product_model?post=20058"},{"taxonomy":"product_brand","embeddable":true,"href":"https:\/\/www.naterial.com\/do\/wp-json\/wp\/v2\/product_brand?post=20058"},{"taxonomy":"product_cat","embeddable":true,"href":"https:\/\/www.naterial.com\/do\/wp-json\/wp\/v2\/product_cat?post=20058"},{"taxonomy":"product_tag","embeddable":true,"href":"https:\/\/www.naterial.com\/do\/wp-json\/wp\/v2\/product_tag?post=20058"}],"curies":[{"name":"wp","href":"https:\/\/api.w.org\/{rel}","templated":true}]}}