{"id":20059,"date":"2026-02-12T10:34:09","date_gmt":"2026-02-12T09:34:09","guid":{"rendered":"https:\/\/www.naterial.com\/do\/?product=mesa-de-exterior-extensible-rectangular-aluminio-athena"},"modified":"2026-03-18T09:28:49","modified_gmt":"2026-03-18T08:28:49","slug":"mesa-de-exterior-extensible-rectangular-aluminio-athena","status":"publish","type":"product","link":"https:\/\/www.naterial.com\/do\/producto\/mesa-de-exterior-extensible-rectangular-aluminio-athena\/","title":{"rendered":"Mesa de exterior extensible rectangular aluminio Athena"},"content":{"rendered":"","protected":false},"excerpt":{"rendered":"<p>Mesa de exterior extensible rectangular Athena combina aluminio anticorrosivo con sistema extensible para optimizar espacio. Ideal para terrazas y jardines, ofrece comodidad, estilo y resistencia. Haz de tu patio el rinc\u00f3n perfecto con elegancia y funcionalidad.<\/p>\n","protected":false},"featured_media":20834,"comment_status":"open","ping_status":"closed","template":"","meta":{"_acf_changed":false,"footnotes":""},"collection":[132,175,128],"product_model":[67],"product_brand":[],"product_cat":[82],"product_tag":[],"class_list":{"0":"post-20059","1":"product","2":"type-product","3":"status-publish","4":"has-post-thumbnail","6":"collection-athena","7":"collection-coleccion-2026","8":"collection-coleccion-profesional","9":"product_model-67","10":"product_cat-mesas-de-exterior-extensibles","12":"first","13":"instock","14":"taxable","15":"shipping-taxable","16":"product-type-simple"},"acf":{"wproduct_subtitle":"10 asientos, blanco","wproduct_instruction_manual_url":"https:\/\/media.adeo.com\/media\/3761092\/instructionsmanual","uy_product_type":"","image_content_block_1":20358,"title_content_block_1":"Un dise\u00f1o y una mesa extensible que se adapta a todos tus evento","text_content_block_1":"Ideal para sus tardes con amigos, la mesa expandible de Athena combina elegancia y practicidad. Con sus generosas dimensiones y extensi\u00f3n autom\u00e1tica, puede acomodar c\u00f3modamente de 8 a 12 invitados para adaptarse a todas sus ocasiones. Su estructura de aluminio le da solidez, resistencia a la meteorizaci\u00f3n y la suciedad.","image_content_block_2":20388,"title_content_block_2":"Una gama contempor\u00e1nea y vers\u00e1til","text_content_block_2":"Fabricados en aluminio grueso, los elementos de la serie Athena presentan l\u00edneas rectas y refinadas que crean un dise\u00f1o moderno y aireado. Esta mesa con estructura blanca aporta elegancia a tu exterior y se combina con las sillas de la serie Athena para formar un comedor contempor\u00e1neo y armonioso. Toda la gama tambi\u00e9n est\u00e1 disponible en gris antracita.","image_content_block_3":20389,"title_content_block_3":"Consejos de mantenimiento","text_content_block_3":"Pr\u00e1ctica para el uso diario, tu mesa Athena se limpia f\u00e1cilmente con un pa\u00f1o h\u00famedo y un producto neutro. Dise\u00f1ada completamente en aluminio, puede permanecer al aire libre durante todo el a\u00f1o. Recuerda cubrirla con una funda para protegerla de la suciedad del invierno. Las piezas de repuesto est\u00e1n disponibles para extender la vida \u00fatil de tus muebles.","image_content_block_4":"","title_content_block_4":"","text_content_block_4":"","image_content_block_5":"","title_content_block_5":"","text_content_block_5":""},"_links":{"self":[{"href":"https:\/\/www.naterial.com\/do\/wp-json\/wp\/v2\/product\/20059","targetHints":{"allow":["GET"]}}],"collection":[{"href":"https:\/\/www.naterial.com\/do\/wp-json\/wp\/v2\/product"}],"about":[{"href":"https:\/\/www.naterial.com\/do\/wp-json\/wp\/v2\/types\/product"}],"replies":[{"embeddable":true,"href":"https:\/\/www.naterial.com\/do\/wp-json\/wp\/v2\/comments?post=20059"}],"version-history":[{"count":1,"href":"https:\/\/www.naterial.com\/do\/wp-json\/wp\/v2\/product\/20059\/revisions"}],"predecessor-version":[{"id":20387,"href":"https:\/\/www.naterial.com\/do\/wp-json\/wp\/v2\/product\/20059\/revisions\/20387"}],"wp:featuredmedia":[{"embeddable":true,"href":"https:\/\/www.naterial.com\/do\/wp-json\/wp\/v2\/media\/20834"}],"wp:attachment":[{"href":"https:\/\/www.naterial.com\/do\/wp-json\/wp\/v2\/media?parent=20059"}],"wp:term":[{"taxonomy":"collection","embeddable":true,"href":"https:\/\/www.naterial.com\/do\/wp-json\/wp\/v2\/collection?post=20059"},{"taxonomy":"product_model","embeddable":true,"href":"https:\/\/www.naterial.com\/do\/wp-json\/wp\/v2\/product_model?post=20059"},{"taxonomy":"product_brand","embeddable":true,"href":"https:\/\/www.naterial.com\/do\/wp-json\/wp\/v2\/product_brand?post=20059"},{"taxonomy":"product_cat","embeddable":true,"href":"https:\/\/www.naterial.com\/do\/wp-json\/wp\/v2\/product_cat?post=20059"},{"taxonomy":"product_tag","embeddable":true,"href":"https:\/\/www.naterial.com\/do\/wp-json\/wp\/v2\/product_tag?post=20059"}],"curies":[{"name":"wp","href":"https:\/\/api.w.org\/{rel}","templated":true}]}}