{"id":20061,"date":"2026-02-12T10:34:11","date_gmt":"2026-02-12T09:34:11","guid":{"rendered":"https:\/\/www.naterial.com\/do\/?product=mesa-auxiliar-de-exterior-cuadrada-aluminio-athena"},"modified":"2026-03-18T09:28:50","modified_gmt":"2026-03-18T08:28:50","slug":"mesa-auxiliar-de-exterior-cuadrada-aluminio-athena","status":"publish","type":"product","link":"https:\/\/www.naterial.com\/do\/producto\/mesa-auxiliar-de-exterior-cuadrada-aluminio-athena\/","title":{"rendered":"Mesa auxiliar de exterior cuadrada aluminio Athena"},"content":{"rendered":"","protected":false},"excerpt":{"rendered":"<p>Mesa auxiliar de exterior cuadrada Athena combina aluminio anticorrosivo con dise\u00f1o funcional y elegante. Ideal para terrazas y jardines, ofrece comodidad, estilo y resistencia. Crea ambientes acogedores al aire libre con calidad superior.<\/p>\n","protected":false},"featured_media":20865,"comment_status":"open","ping_status":"closed","template":"","meta":{"_acf_changed":false,"footnotes":""},"collection":[132,175,128],"product_model":[129],"product_brand":[],"product_cat":[130],"product_tag":[],"class_list":{"0":"post-20061","1":"product","2":"type-product","3":"status-publish","4":"has-post-thumbnail","6":"collection-athena","7":"collection-coleccion-2026","8":"collection-coleccion-profesional","9":"product_model-129","10":"product_cat-mesas-de-centro-y-auxiliares","12":"first","13":"instock","14":"taxable","15":"shipping-taxable","16":"product-type-simple"},"acf":{"wproduct_subtitle":"Blanco, 89,5 x 89,5 cm","wproduct_instruction_manual_url":"https:\/\/media.adeo.com\/media\/3868250\/instructionsmanual","uy_product_type":"","image_content_block_1":20393,"title_content_block_1":"Dise\u00f1o y funcionalidad: una mesa que se adapta a tu jard\u00edn","text_content_block_1":"Ideal para sus noches con amigos, la mesa de caf\u00e9 Athena combina elegancia y practicidad para mejorar su terraza. Su estructura de aluminio le da resistencia al clima y la ligereza, lo que permite que se mueva f\u00e1cilmente para colocarla m\u00e1s cerca de sus invitados. Calificado para uso profesional, tambi\u00e9n se puede usar en un hotel o terraza de caf\u00e9.","image_content_block_2":20394,"title_content_block_2":"Una gama contempor\u00e1nea y vers\u00e1til","text_content_block_2":"Fabricados en aluminio grueso, los elementos de la serie Athena presentan l\u00edneas rectas y refinadas que generan un dise\u00f1o moderno y aireado. Esta mesa con estructura blanca aporta elegancia a tu espacio exterior y se coordina con los dem\u00e1s sillones y mesas bajas de la serie, adapt\u00e1ndose a la configuraci\u00f3n de tu terraza o al n\u00famero de invitados. Toda la gama tambi\u00e9n est\u00e1 disponible en gris antracita.","image_content_block_3":"","title_content_block_3":"","text_content_block_3":"","image_content_block_4":"","title_content_block_4":"","text_content_block_4":"","image_content_block_5":"","title_content_block_5":"","text_content_block_5":""},"_links":{"self":[{"href":"https:\/\/www.naterial.com\/do\/wp-json\/wp\/v2\/product\/20061","targetHints":{"allow":["GET"]}}],"collection":[{"href":"https:\/\/www.naterial.com\/do\/wp-json\/wp\/v2\/product"}],"about":[{"href":"https:\/\/www.naterial.com\/do\/wp-json\/wp\/v2\/types\/product"}],"replies":[{"embeddable":true,"href":"https:\/\/www.naterial.com\/do\/wp-json\/wp\/v2\/comments?post=20061"}],"version-history":[{"count":1,"href":"https:\/\/www.naterial.com\/do\/wp-json\/wp\/v2\/product\/20061\/revisions"}],"predecessor-version":[{"id":20160,"href":"https:\/\/www.naterial.com\/do\/wp-json\/wp\/v2\/product\/20061\/revisions\/20160"}],"wp:featuredmedia":[{"embeddable":true,"href":"https:\/\/www.naterial.com\/do\/wp-json\/wp\/v2\/media\/20865"}],"wp:attachment":[{"href":"https:\/\/www.naterial.com\/do\/wp-json\/wp\/v2\/media?parent=20061"}],"wp:term":[{"taxonomy":"collection","embeddable":true,"href":"https:\/\/www.naterial.com\/do\/wp-json\/wp\/v2\/collection?post=20061"},{"taxonomy":"product_model","embeddable":true,"href":"https:\/\/www.naterial.com\/do\/wp-json\/wp\/v2\/product_model?post=20061"},{"taxonomy":"product_brand","embeddable":true,"href":"https:\/\/www.naterial.com\/do\/wp-json\/wp\/v2\/product_brand?post=20061"},{"taxonomy":"product_cat","embeddable":true,"href":"https:\/\/www.naterial.com\/do\/wp-json\/wp\/v2\/product_cat?post=20061"},{"taxonomy":"product_tag","embeddable":true,"href":"https:\/\/www.naterial.com\/do\/wp-json\/wp\/v2\/product_tag?post=20061"}],"curies":[{"name":"wp","href":"https:\/\/api.w.org\/{rel}","templated":true}]}}