{"id":20063,"date":"2026-02-12T10:34:12","date_gmt":"2026-02-12T09:34:12","guid":{"rendered":"https:\/\/www.naterial.com\/do\/?product=chaise-longue-de-jardin-aluminio-athena-2"},"modified":"2026-03-18T09:28:52","modified_gmt":"2026-03-18T08:28:52","slug":"chaise-longue-de-jardin-aluminio-athena-2","status":"publish","type":"product","link":"https:\/\/www.naterial.com\/do\/producto\/chaise-longue-de-jardin-aluminio-athena-2\/","title":{"rendered":"Chaise longue de jard\u00edn aluminio Athena"},"content":{"rendered":"","protected":false},"excerpt":{"rendered":"<p>Chaise longue de jard\u00edn Athena combina aluminio anticorrosivo con dise\u00f1o funcional y elegante. Ideal para terrazas y jardines, ofrece comodidad, estilo y resistencia. Transforma tu jard\u00edn en un espacio lleno de estilo y comodidad.<\/p>\n","protected":false},"featured_media":20871,"comment_status":"open","ping_status":"closed","template":"","meta":{"_acf_changed":false,"footnotes":""},"collection":[132,175,128],"product_model":[107],"product_brand":[],"product_cat":[153],"product_tag":[],"class_list":{"0":"post-20063","1":"product","2":"type-product","3":"status-publish","4":"has-post-thumbnail","6":"collection-athena","7":"collection-coleccion-2026","8":"collection-coleccion-profesional","9":"product_model-107","10":"product_cat-sillas-de-terraza-con-cojines","12":"first","13":"instock","14":"taxable","15":"shipping-taxable","16":"product-type-simple"},"acf":{"wproduct_subtitle":"Blanco, para combinar","wproduct_instruction_manual_url":"https:\/\/media.adeo.com\/media\/3754563\/instructionsmanual","uy_product_type":"","image_content_block_1":20400,"title_content_block_1":"Un c\u00f3modo sof\u00e1 esquinero dise\u00f1ado para tus calurosas noches de verano","text_content_block_1":"Elemento complementario de la serie Athena, el meridiano combina comodidad y elegancia para mejorar su terraza. Asociado con el sill\u00f3n, con un sof\u00e1 de 2 a 2 a 3 salones para crear un efecto de efecto de efecto de sal\u00f3n, sus cojines grandes y gruesos ofrecen un asiento \u00f3ptimo para sus noches de verano. Con una estructura de aluminio y cojines impermeables y extra\u00edbles, el Athena Meridian es sin\u00f3nimo de resistencia y solidez para acompa\u00f1arlo a\u00f1o tras a\u00f1o. Calificado para uso profesional, tambi\u00e9n se puede usar en un hotel o terraza de caf\u00e9.","image_content_block_2":20393,"title_content_block_2":"Una gama contempor\u00e1nea y vers\u00e1til","text_content_block_2":"Fabricados en aluminio grueso, los elementos de la serie Athena presentan l\u00edneas rectas y refinadas que crean un dise\u00f1o moderno y aireado. Este m\u00f3dulo, que se fija a los sillones o sof\u00e1s de la colecci\u00f3n, con estructura blanca y cojines transparentes, aporta un toque moderno y elegante a tu espacio exterior. Integrado en el conjunto completo Athena, este chaise lounge se adapta armoniosamente a los dem\u00e1s elementos de la colecci\u00f3n. Toda la gama tambi\u00e9n est\u00e1 disponible en gris antracita.","image_content_block_3":20382,"title_content_block_3":"Consejos de mantenimiento","text_content_block_3":"Pr\u00e1ctica para el uso diario, tus muebles de exterior Athena se limpian f\u00e1cilmente con un pa\u00f1o h\u00famedo y un producto neutro. Los cojines son extra\u00edbles y sus fundas son lavables a m\u00e1quina. Para preservar su calidad, recuerda cubrir los muebles de exterior con una funda Naterial durante el invierno. Las piezas de repuesto est\u00e1n disponibles para extender la vida \u00fatil de tus muebles.","image_content_block_4":null,"title_content_block_4":"","text_content_block_4":"","image_content_block_5":null,"title_content_block_5":"","text_content_block_5":""},"_links":{"self":[{"href":"https:\/\/www.naterial.com\/do\/wp-json\/wp\/v2\/product\/20063","targetHints":{"allow":["GET"]}}],"collection":[{"href":"https:\/\/www.naterial.com\/do\/wp-json\/wp\/v2\/product"}],"about":[{"href":"https:\/\/www.naterial.com\/do\/wp-json\/wp\/v2\/types\/product"}],"replies":[{"embeddable":true,"href":"https:\/\/www.naterial.com\/do\/wp-json\/wp\/v2\/comments?post=20063"}],"version-history":[{"count":1,"href":"https:\/\/www.naterial.com\/do\/wp-json\/wp\/v2\/product\/20063\/revisions"}],"predecessor-version":[{"id":20399,"href":"https:\/\/www.naterial.com\/do\/wp-json\/wp\/v2\/product\/20063\/revisions\/20399"}],"wp:featuredmedia":[{"embeddable":true,"href":"https:\/\/www.naterial.com\/do\/wp-json\/wp\/v2\/media\/20871"}],"wp:attachment":[{"href":"https:\/\/www.naterial.com\/do\/wp-json\/wp\/v2\/media?parent=20063"}],"wp:term":[{"taxonomy":"collection","embeddable":true,"href":"https:\/\/www.naterial.com\/do\/wp-json\/wp\/v2\/collection?post=20063"},{"taxonomy":"product_model","embeddable":true,"href":"https:\/\/www.naterial.com\/do\/wp-json\/wp\/v2\/product_model?post=20063"},{"taxonomy":"product_brand","embeddable":true,"href":"https:\/\/www.naterial.com\/do\/wp-json\/wp\/v2\/product_brand?post=20063"},{"taxonomy":"product_cat","embeddable":true,"href":"https:\/\/www.naterial.com\/do\/wp-json\/wp\/v2\/product_cat?post=20063"},{"taxonomy":"product_tag","embeddable":true,"href":"https:\/\/www.naterial.com\/do\/wp-json\/wp\/v2\/product_tag?post=20063"}],"curies":[{"name":"wp","href":"https:\/\/api.w.org\/{rel}","templated":true}]}}