{"id":20066,"date":"2026-02-12T10:34:14","date_gmt":"2026-02-12T09:34:14","guid":{"rendered":"https:\/\/www.naterial.com\/do\/?product=chaise-longue-multiposicion-aluminio-sigma"},"modified":"2026-03-18T09:28:53","modified_gmt":"2026-03-18T08:28:53","slug":"chaise-longue-multiposicion-aluminio-sigma","status":"publish","type":"product","link":"https:\/\/www.naterial.com\/do\/producto\/chaise-longue-multiposicion-aluminio-sigma\/","title":{"rendered":"Chaise longue multiposici\u00f3n aluminio Sigma"},"content":{"rendered":"","protected":false},"excerpt":{"rendered":"<p>Chaise longue multiposici\u00f3n Sigma combina aluminio anticorrosivo con ajustes multiposici\u00f3n para mayor confort. Ideal para terrazas y jardines, ofrece comodidad, estilo y resistencia. Renueva tu espacio exterior con estilo y m\u00e1xima calidad.<\/p>\n","protected":false},"featured_media":21479,"comment_status":"open","ping_status":"closed","template":"","meta":{"_acf_changed":false,"footnotes":""},"collection":[165],"product_model":[107],"product_brand":[],"product_cat":[109],"product_tag":[],"class_list":{"0":"post-20066","1":"product","2":"type-product","3":"status-publish","4":"has-post-thumbnail","6":"collection-sigma","7":"product_model-107","8":"product_cat-sillas-de-terraza-sin-cojines","10":"first","11":"instock","12":"taxable","13":"shipping-taxable","14":"purchasable","15":"product-type-simple"},"acf":{"wproduct_subtitle":"Blanco","wproduct_instruction_manual_url":"https:\/\/media.adeo.com\/media\/3867989\/instructionsmanual","uy_product_type":"","image_content_block_1":20406,"title_content_block_1":"Un momento de lectura, acompa\u00f1ado del confort de un sof\u00e1.","text_content_block_1":"El Sigma Sun Beat te invita a relajarte en tu espacio al aire libre. Dise\u00f1ada en acero, esta tapa de cubierta est\u00e1 adornada con un coj\u00edn suave y repelente de agua, y un archivo de posici\u00f3n m\u00faltiple para una comodidad \u00f3ptima. Su estructura de acero lo hace ligero, f\u00e1cil de mover y limpiar.","image_content_block_2":20407,"title_content_block_2":"Una gama suave y contempor\u00e1nea","text_content_block_2":"La serie Sigma, fabricada en acero blanco, aporta dise\u00f1o y ligereza a tu espacio exterior. Este chaise lounge, con estructura blanca y cojines gris claro, se combina con los muebles de exterior de la colecci\u00f3n para crear un \u00e1rea de relajaci\u00f3n completa y armoniosa.","image_content_block_3":20408,"title_content_block_3":"Consejos de mantenimiento","text_content_block_3":"Pr\u00e1ctica para el uso diario, tu chaise lounge se limpia f\u00e1cilmente con un pa\u00f1o h\u00famedo y un producto neutro. El coj\u00edn es repelente al agua y su funda extra\u00edble es apta para lavarse a m\u00e1quina. Para preservar su calidad, recuerda cubrir tu chaise lounge con una funda Naterial durante el invierno y almacenar el coj\u00edn en un lugar seco para protegerlo de la humedad. Las piezas de repuesto est\u00e1n disponibles para extender la vida \u00fatil de tus muebles.","image_content_block_4":null,"title_content_block_4":"","text_content_block_4":"","image_content_block_5":null,"title_content_block_5":"","text_content_block_5":""},"_links":{"self":[{"href":"https:\/\/www.naterial.com\/do\/wp-json\/wp\/v2\/product\/20066","targetHints":{"allow":["GET"]}}],"collection":[{"href":"https:\/\/www.naterial.com\/do\/wp-json\/wp\/v2\/product"}],"about":[{"href":"https:\/\/www.naterial.com\/do\/wp-json\/wp\/v2\/types\/product"}],"replies":[{"embeddable":true,"href":"https:\/\/www.naterial.com\/do\/wp-json\/wp\/v2\/comments?post=20066"}],"version-history":[{"count":1,"href":"https:\/\/www.naterial.com\/do\/wp-json\/wp\/v2\/product\/20066\/revisions"}],"predecessor-version":[{"id":20405,"href":"https:\/\/www.naterial.com\/do\/wp-json\/wp\/v2\/product\/20066\/revisions\/20405"}],"wp:featuredmedia":[{"embeddable":true,"href":"https:\/\/www.naterial.com\/do\/wp-json\/wp\/v2\/media\/21479"}],"wp:attachment":[{"href":"https:\/\/www.naterial.com\/do\/wp-json\/wp\/v2\/media?parent=20066"}],"wp:term":[{"taxonomy":"collection","embeddable":true,"href":"https:\/\/www.naterial.com\/do\/wp-json\/wp\/v2\/collection?post=20066"},{"taxonomy":"product_model","embeddable":true,"href":"https:\/\/www.naterial.com\/do\/wp-json\/wp\/v2\/product_model?post=20066"},{"taxonomy":"product_brand","embeddable":true,"href":"https:\/\/www.naterial.com\/do\/wp-json\/wp\/v2\/product_brand?post=20066"},{"taxonomy":"product_cat","embeddable":true,"href":"https:\/\/www.naterial.com\/do\/wp-json\/wp\/v2\/product_cat?post=20066"},{"taxonomy":"product_tag","embeddable":true,"href":"https:\/\/www.naterial.com\/do\/wp-json\/wp\/v2\/product_tag?post=20066"}],"curies":[{"name":"wp","href":"https:\/\/api.w.org\/{rel}","templated":true}]}}