{"id":20067,"date":"2026-02-12T10:34:15","date_gmt":"2026-02-12T09:34:15","guid":{"rendered":"https:\/\/www.naterial.com\/do\/?product=chaise-longue-multiposicion-aluminio-luma"},"modified":"2026-03-18T09:28:54","modified_gmt":"2026-03-18T08:28:54","slug":"chaise-longue-multiposicion-aluminio-luma","status":"publish","type":"product","link":"https:\/\/www.naterial.com\/do\/producto\/chaise-longue-multiposicion-aluminio-luma\/","title":{"rendered":"Chaise longue multiposici\u00f3n aluminio Luma"},"content":{"rendered":"","protected":false},"excerpt":{"rendered":"<p>Chaise longue multiposici\u00f3n Luma combina aluminio anticorrosivo con ajustes multiposici\u00f3n para mayor confort. Ideal para terrazas y jardines, ofrece comodidad, estilo y resistencia. Convierte tu terraza en un lugar \u00fanico con dise\u00f1o y confort.<\/p>\n","protected":false},"featured_media":20882,"comment_status":"open","ping_status":"closed","template":"","meta":{"_acf_changed":false,"footnotes":""},"collection":[128,131],"product_model":[107],"product_brand":[],"product_cat":[109],"product_tag":[],"class_list":{"0":"post-20067","1":"product","2":"type-product","3":"status-publish","4":"has-post-thumbnail","6":"collection-coleccion-profesional","7":"collection-luma","8":"product_model-107","9":"product_cat-sillas-de-terraza-sin-cojines","11":"first","12":"instock","13":"taxable","14":"shipping-taxable","15":"purchasable","16":"product-type-simple"},"acf":{"wproduct_subtitle":"Blanco","wproduct_instruction_manual_url":"https:\/\/media.adeo.com\/media\/3868000\/instructionsmanual","uy_product_type":"","image_content_block_1":20409,"title_content_block_1":"Un momento de descanso","text_content_block_1":"La silla Luma Long es ideal para la ociosidad al sol. Tiene un mango accesible en cualquier momento que le permita cambiar la posici\u00f3n sin esfuerzo. Su tejido blanco, directamente inspirado en Rattan, ofrece un toque agradable y realista, y resistente a los rayos UV y la humedad. Tambi\u00e9n tiene un coj\u00edn suave, repelente al agua y anti-UV para frenar su decoloraci\u00f3n. Su estructura est\u00e1 completamente hecha de aluminio, un material ligero y robusto que le permite mover f\u00e1cilmente su ba\u00f1o de sol mientras resistes la humedad y el \u00f3xido. ","image_content_block_2":20337,"title_content_block_2":"Una est\u00e9tica natural y un estilo delicado","text_content_block_2":"Elegante, la silla Luma Long aporta un toque refinado y sofisticado a tus espacios al aire libre gracias a su trenzado sint\u00e9tico blanco. Para garantizar la armon\u00eda, sus patas tienen un acabado efecto madera. Este chaise lounge se coordina con toda la gama Luma, definida por su resina blanca, creando un espacio relajante y un comedor armonioso.","image_content_block_3":20410,"title_content_block_3":"Consejos de mantenimiento","text_content_block_3":"Para preservar la cubierta de tu mueble, se recomienda guardarlo durante los per\u00edodos de inactividad bajo una funda Naterial adecuada. El coj\u00edn es completamente extra\u00edble para facilitar la limpieza. Se limpia f\u00e1cilmente con un pa\u00f1o h\u00famedo y un producto neutro. Las piezas de repuesto est\u00e1n disponibles para extender la vida \u00fatil de tus muebles.","image_content_block_4":null,"title_content_block_4":"","text_content_block_4":"","image_content_block_5":null,"title_content_block_5":"","text_content_block_5":""},"_links":{"self":[{"href":"https:\/\/www.naterial.com\/do\/wp-json\/wp\/v2\/product\/20067","targetHints":{"allow":["GET"]}}],"collection":[{"href":"https:\/\/www.naterial.com\/do\/wp-json\/wp\/v2\/product"}],"about":[{"href":"https:\/\/www.naterial.com\/do\/wp-json\/wp\/v2\/types\/product"}],"replies":[{"embeddable":true,"href":"https:\/\/www.naterial.com\/do\/wp-json\/wp\/v2\/comments?post=20067"}],"version-history":[{"count":1,"href":"https:\/\/www.naterial.com\/do\/wp-json\/wp\/v2\/product\/20067\/revisions"}],"predecessor-version":[{"id":20162,"href":"https:\/\/www.naterial.com\/do\/wp-json\/wp\/v2\/product\/20067\/revisions\/20162"}],"wp:featuredmedia":[{"embeddable":true,"href":"https:\/\/www.naterial.com\/do\/wp-json\/wp\/v2\/media\/20882"}],"wp:attachment":[{"href":"https:\/\/www.naterial.com\/do\/wp-json\/wp\/v2\/media?parent=20067"}],"wp:term":[{"taxonomy":"collection","embeddable":true,"href":"https:\/\/www.naterial.com\/do\/wp-json\/wp\/v2\/collection?post=20067"},{"taxonomy":"product_model","embeddable":true,"href":"https:\/\/www.naterial.com\/do\/wp-json\/wp\/v2\/product_model?post=20067"},{"taxonomy":"product_brand","embeddable":true,"href":"https:\/\/www.naterial.com\/do\/wp-json\/wp\/v2\/product_brand?post=20067"},{"taxonomy":"product_cat","embeddable":true,"href":"https:\/\/www.naterial.com\/do\/wp-json\/wp\/v2\/product_cat?post=20067"},{"taxonomy":"product_tag","embeddable":true,"href":"https:\/\/www.naterial.com\/do\/wp-json\/wp\/v2\/product_tag?post=20067"}],"curies":[{"name":"wp","href":"https:\/\/api.w.org\/{rel}","templated":true}]}}