{"id":20068,"date":"2026-02-12T10:34:16","date_gmt":"2026-02-12T09:34:16","guid":{"rendered":"https:\/\/www.naterial.com\/do\/?product=chaise-longue-multiposicion-aluminio-athena"},"modified":"2026-03-18T09:28:54","modified_gmt":"2026-03-18T08:28:54","slug":"chaise-longue-multiposicion-aluminio-athena","status":"publish","type":"product","link":"https:\/\/www.naterial.com\/do\/producto\/chaise-longue-multiposicion-aluminio-athena\/","title":{"rendered":"Chaise longue multiposici\u00f3n aluminio Athena"},"content":{"rendered":"","protected":false},"excerpt":{"rendered":"<p>Chaise longue multiposici\u00f3n Athena combina aluminio anticorrosivo con ajustes multiposici\u00f3n para mayor confort. Ideal para terrazas y jardines, ofrece comodidad, estilo y resistencia. Dale vida a tu jard\u00edn con muebles resistentes y modernos.<\/p>\n","protected":false},"featured_media":20885,"comment_status":"open","ping_status":"closed","template":"","meta":{"_acf_changed":false,"footnotes":""},"collection":[132,175,128],"product_model":[107],"product_brand":[],"product_cat":[153],"product_tag":[],"class_list":{"0":"post-20068","1":"product","2":"type-product","3":"status-publish","4":"has-post-thumbnail","6":"collection-athena","7":"collection-coleccion-2026","8":"collection-coleccion-profesional","9":"product_model-107","10":"product_cat-sillas-de-terraza-con-cojines","12":"first","13":"instock","14":"taxable","15":"shipping-taxable","16":"product-type-simple"},"acf":{"wproduct_subtitle":"Blanco, con ruedas","wproduct_instruction_manual_url":"https:\/\/media.adeo.com\/media\/3868248\/instructionsmanual","uy_product_type":"","image_content_block_1":20411,"title_content_block_1":"La comodidad de un chaise longue  para tus siestas al sol","text_content_block_1":"La tumbona Athena combina comodidad y elegancia para mejorar su terraza. Su amplio y grueso coj\u00edn ofrece un asiento \u00f3ptimo para sus descansos de relajaci\u00f3n, y traer\u00e1 un efecto de sal\u00f3n a su exterior. Con una estructura de aluminio y su coj\u00edn repelente de agua, este ba\u00f1o del sol es sin\u00f3nimo de resistencia y solidez para acompa\u00f1arlo a\u00f1o tras a\u00f1o. Sus ruedas te permiten moverlo f\u00e1cilmente para seguir la carrera del sol.","image_content_block_2":20412,"title_content_block_2":"Una gama contempor\u00e1nea y vers\u00e1til","text_content_block_2":"Fabricados en aluminio grueso, los elementos de la serie Athena presentan l\u00edneas rectas y refinadas que crean un dise\u00f1o moderno y aireado. Esta mesa con estructura blanca y cojines transparentes aporta elegancia a tu espacio exterior. Integrada en el conjunto completo Athena, esta chaise lounge se adapta armoniosamente a los dem\u00e1s elementos de la colecci\u00f3n. Toda la gama tambi\u00e9n est\u00e1 disponible en gris antracita.","image_content_block_3":20413,"title_content_block_3":"Consejos de mantenimiento","text_content_block_3":"Pr\u00e1ctica para el uso diario, tu chaise lounge Athena se limpia f\u00e1cilmente con un pa\u00f1o h\u00famedo y un producto neutro. El coj\u00edn es extra\u00edble y su funda es lavable a m\u00e1quina. Para preservar su calidad, recuerda cubrir tu chaise lounge con una funda Naterial durante el invierno. Las piezas de repuesto est\u00e1n disponibles para extender la vida \u00fatil de tus muebles.","image_content_block_4":"","title_content_block_4":"","text_content_block_4":"","image_content_block_5":"","title_content_block_5":"","text_content_block_5":""},"_links":{"self":[{"href":"https:\/\/www.naterial.com\/do\/wp-json\/wp\/v2\/product\/20068","targetHints":{"allow":["GET"]}}],"collection":[{"href":"https:\/\/www.naterial.com\/do\/wp-json\/wp\/v2\/product"}],"about":[{"href":"https:\/\/www.naterial.com\/do\/wp-json\/wp\/v2\/types\/product"}],"replies":[{"embeddable":true,"href":"https:\/\/www.naterial.com\/do\/wp-json\/wp\/v2\/comments?post=20068"}],"version-history":[{"count":2,"href":"https:\/\/www.naterial.com\/do\/wp-json\/wp\/v2\/product\/20068\/revisions"}],"predecessor-version":[{"id":22455,"href":"https:\/\/www.naterial.com\/do\/wp-json\/wp\/v2\/product\/20068\/revisions\/22455"}],"wp:featuredmedia":[{"embeddable":true,"href":"https:\/\/www.naterial.com\/do\/wp-json\/wp\/v2\/media\/20885"}],"wp:attachment":[{"href":"https:\/\/www.naterial.com\/do\/wp-json\/wp\/v2\/media?parent=20068"}],"wp:term":[{"taxonomy":"collection","embeddable":true,"href":"https:\/\/www.naterial.com\/do\/wp-json\/wp\/v2\/collection?post=20068"},{"taxonomy":"product_model","embeddable":true,"href":"https:\/\/www.naterial.com\/do\/wp-json\/wp\/v2\/product_model?post=20068"},{"taxonomy":"product_brand","embeddable":true,"href":"https:\/\/www.naterial.com\/do\/wp-json\/wp\/v2\/product_brand?post=20068"},{"taxonomy":"product_cat","embeddable":true,"href":"https:\/\/www.naterial.com\/do\/wp-json\/wp\/v2\/product_cat?post=20068"},{"taxonomy":"product_tag","embeddable":true,"href":"https:\/\/www.naterial.com\/do\/wp-json\/wp\/v2\/product_tag?post=20068"}],"curies":[{"name":"wp","href":"https:\/\/api.w.org\/{rel}","templated":true}]}}