{"id":20069,"date":"2026-02-12T10:34:19","date_gmt":"2026-02-12T09:34:19","guid":{"rendered":"https:\/\/www.naterial.com\/do\/?product=set-2-sillas-de-jardin-aluminio-retro"},"modified":"2026-03-18T09:28:55","modified_gmt":"2026-03-18T08:28:55","slug":"set-2-sillas-de-jardin-aluminio-retro","status":"publish","type":"product","link":"https:\/\/www.naterial.com\/do\/producto\/set-2-sillas-de-jardin-aluminio-retro\/","title":{"rendered":"Set 2 sillas de jard\u00edn aluminio Retro"},"content":{"rendered":"","protected":false},"excerpt":{"rendered":"<p>Set 2 sillas de jard\u00edn Retro combina aluminio anticorrosivo con dise\u00f1o funcional y elegante. Ideal para terrazas y jardines, ofrece comodidad, estilo y resistencia. Haz de tu patio el rinc\u00f3n perfecto con elegancia y funcionalidad.<\/p>\n","protected":false},"featured_media":21490,"comment_status":"open","ping_status":"closed","template":"","meta":{"_acf_changed":false,"footnotes":""},"collection":[164],"product_model":[102],"product_brand":[],"product_cat":[83],"product_tag":[],"class_list":{"0":"post-20069","1":"product","2":"type-product","3":"status-publish","4":"has-post-thumbnail","6":"collection-retro","7":"product_model-102","8":"product_cat-sillas","10":"first","11":"instock","12":"taxable","13":"shipping-taxable","14":"purchasable","15":"product-type-simple"},"acf":{"wproduct_subtitle":"Marr\u00f3n, efecto madera","wproduct_instruction_manual_url":"https:\/\/media.adeo.com\/media\/3867999\/instructionsmanual","uy_product_type":"","image_content_block_1":20415,"title_content_block_1":"Comparte una barbacoa con amigos en sillas modernas y c\u00f3modas","text_content_block_1":"Las sillas de jard\u00edn retro ofrecen una mezcla perfecta de comodidad y elegancia para sus comidas al aire libre. Compuestas de una estructura de aluminio de efecto de madera y un asiento de cuero sint\u00e9tico, est\u00e1n equipados con cojines, repelentes suaves y de agua, que se adhieren a la estructura para permitirle disfrutar c\u00f3modamente de sus comidas en la terraza, y esa temporada despu\u00e9s de la temporada.","image_content_block_2":20342,"title_content_block_2":"El renacimiento del estilo retro","text_content_block_2":"La gama Retro, dise\u00f1ada para reflejar el estilo vintage de mediados del siglo XX, combina un dise\u00f1o \u00fanico con materiales resistentes para adaptar este estilo interior a tu terraza. Combina estas sillas con la mesa Retro para crear un conjunto aut\u00e9ntico y armonioso que encajar\u00e1 perfectamente en un espacio verde. Extiende tus momentos de relax y comidas al aire libre con estos muebles de exterior, manteniendo los mismos c\u00f3digos de estilo.","image_content_block_3":20416,"title_content_block_3":"Consejos de mantenimiento","text_content_block_3":"Dise\u00f1ados para durar, los muebles de la gama retro requieren poco mantenimiento. Para su cuidado diario, basta con utilizar un pa\u00f1o h\u00famedo y un producto neutro. Las sillas de aluminio pueden permanecer al aire libre, pero se recomienda almacenar los cojines protegidos de la humedad durante los per\u00edodos en que no se utilicen. Las piezas de repuesto est\u00e1n disponibles para extender la vida \u00fatil de tus muebles.","image_content_block_4":null,"title_content_block_4":"","text_content_block_4":"","image_content_block_5":null,"title_content_block_5":"","text_content_block_5":""},"_links":{"self":[{"href":"https:\/\/www.naterial.com\/do\/wp-json\/wp\/v2\/product\/20069","targetHints":{"allow":["GET"]}}],"collection":[{"href":"https:\/\/www.naterial.com\/do\/wp-json\/wp\/v2\/product"}],"about":[{"href":"https:\/\/www.naterial.com\/do\/wp-json\/wp\/v2\/types\/product"}],"replies":[{"embeddable":true,"href":"https:\/\/www.naterial.com\/do\/wp-json\/wp\/v2\/comments?post=20069"}],"version-history":[{"count":1,"href":"https:\/\/www.naterial.com\/do\/wp-json\/wp\/v2\/product\/20069\/revisions"}],"predecessor-version":[{"id":20414,"href":"https:\/\/www.naterial.com\/do\/wp-json\/wp\/v2\/product\/20069\/revisions\/20414"}],"wp:featuredmedia":[{"embeddable":true,"href":"https:\/\/www.naterial.com\/do\/wp-json\/wp\/v2\/media\/21490"}],"wp:attachment":[{"href":"https:\/\/www.naterial.com\/do\/wp-json\/wp\/v2\/media?parent=20069"}],"wp:term":[{"taxonomy":"collection","embeddable":true,"href":"https:\/\/www.naterial.com\/do\/wp-json\/wp\/v2\/collection?post=20069"},{"taxonomy":"product_model","embeddable":true,"href":"https:\/\/www.naterial.com\/do\/wp-json\/wp\/v2\/product_model?post=20069"},{"taxonomy":"product_brand","embeddable":true,"href":"https:\/\/www.naterial.com\/do\/wp-json\/wp\/v2\/product_brand?post=20069"},{"taxonomy":"product_cat","embeddable":true,"href":"https:\/\/www.naterial.com\/do\/wp-json\/wp\/v2\/product_cat?post=20069"},{"taxonomy":"product_tag","embeddable":true,"href":"https:\/\/www.naterial.com\/do\/wp-json\/wp\/v2\/product_tag?post=20069"}],"curies":[{"name":"wp","href":"https:\/\/api.w.org\/{rel}","templated":true}]}}