{"id":20074,"date":"2026-02-12T10:34:22","date_gmt":"2026-02-12T09:34:22","guid":{"rendered":"https:\/\/www.naterial.com\/do\/?product=sombrilla-de-terraza-descentrada-rectangular-sonora-ii-led"},"modified":"2026-03-18T09:28:59","modified_gmt":"2026-03-18T08:28:59","slug":"sombrilla-de-terraza-descentrada-rectangular-sonora-ii-led","status":"publish","type":"product","link":"https:\/\/www.naterial.com\/do\/producto\/sombrilla-de-terraza-descentrada-rectangular-sonora-ii-led\/","title":{"rendered":"Sombrilla de terraza descentrada rectangular Sonora II LED"},"content":{"rendered":"","protected":false},"excerpt":{"rendered":"<p>Sombrilla de terraza  rectangular Sonora II LED combina iluminaci\u00f3n LED integrada con m\u00e1stil descentrado para sombra sin obst\u00e1culos. Ideal para terrazas y jardines, ofrece comodidad, estilo y resistencia. Haz que tu exterior luzca incre\u00edble con muebles modernos y resistentes.<\/p>\n","protected":false},"featured_media":20428,"comment_status":"open","ping_status":"closed","template":"","meta":{"_acf_changed":false,"footnotes":""},"collection":[111],"product_model":[98],"product_brand":[],"product_cat":[93],"product_tag":[],"class_list":{"0":"post-20074","1":"product","2":"type-product","3":"status-publish","4":"has-post-thumbnail","6":"collection-sonora","7":"product_model-98","8":"product_cat-sombrillas-de-terraza","10":"first","11":"instock","12":"taxable","13":"shipping-taxable","14":"purchasable","15":"product-type-simple"},"acf":{"wproduct_subtitle":"Blanco, 391x282 cm","wproduct_instruction_manual_url":"https:\/\/media.adeo.com\/media\/3868289\/instructionsmanual","uy_product_type":"","image_content_block_1":20428,"title_content_block_1":"Un d\u00eda bajo la sombra de tu sombrilla ","text_content_block_1":"Con el liderado por Parasol Deported Sonora, disfrute de sus comidas en la terraza de d\u00eda y de noche. Su lienzo rectangular y grueso bloquea el 98% de los rayos UV, y puede albergar un gran muebles de jard\u00edn, o una mesa de 6 a 8 personas. Su m\u00e1stil de aluminio asegura su solidez y resistencia al \u00f3xido y al mal tiempo. F\u00e1cil de usar, se abre y simplemente se cierra gracias a su manivela, pivote 360 ","image_content_block_2":20429,"title_content_block_2":"Un dise\u00f1o y un estilo c\u00e1lido por la noche","text_content_block_2":"Al anochecer, disfruta de una atm\u00f3sfera \u00edntima y c\u00e1lida bajo la sombrilla de terraza Sonora II, gracias a su iluminaci\u00f3n LED recargada con energ\u00eda solar, que te permite prolongar tus reuniones con amigos. Esta sombrilla de terraza aporta un dise\u00f1o elegante a tu terraza, con LEDs integrados en las ramas de la estructura, que combina perfectamente con muebles de exterior en tonos claros.","image_content_block_3":20429,"title_content_block_3":"Consejos de mantenimiento","text_content_block_3":"El lienzo de la sombrilla de terraza, hecho de poli\u00e9ster, es especialmente resistente a los rayos UV, lo que hace que sea poco probable que se decolore con el uso diario. Para extender su vida \u00fatil, el lienzo se puede reemplazar y ajustar seg\u00fan tus necesidades. Aseg\u00farate de fijar la sombrilla con la base suministrada, utilizando arena y agua (ver manual). La estructura se limpia f\u00e1cilmente con un pa\u00f1o h\u00famedo y un producto neutro. Durante el invierno, guarda la sombrilla bajo una funda protectora para preservar su calidad.","image_content_block_4":null,"title_content_block_4":"","text_content_block_4":"","image_content_block_5":null,"title_content_block_5":"","text_content_block_5":""},"_links":{"self":[{"href":"https:\/\/www.naterial.com\/do\/wp-json\/wp\/v2\/product\/20074","targetHints":{"allow":["GET"]}}],"collection":[{"href":"https:\/\/www.naterial.com\/do\/wp-json\/wp\/v2\/product"}],"about":[{"href":"https:\/\/www.naterial.com\/do\/wp-json\/wp\/v2\/types\/product"}],"replies":[{"embeddable":true,"href":"https:\/\/www.naterial.com\/do\/wp-json\/wp\/v2\/comments?post=20074"}],"version-history":[{"count":1,"href":"https:\/\/www.naterial.com\/do\/wp-json\/wp\/v2\/product\/20074\/revisions"}],"predecessor-version":[{"id":20427,"href":"https:\/\/www.naterial.com\/do\/wp-json\/wp\/v2\/product\/20074\/revisions\/20427"}],"wp:featuredmedia":[{"embeddable":true,"href":"https:\/\/www.naterial.com\/do\/wp-json\/wp\/v2\/media\/20428"}],"wp:attachment":[{"href":"https:\/\/www.naterial.com\/do\/wp-json\/wp\/v2\/media?parent=20074"}],"wp:term":[{"taxonomy":"collection","embeddable":true,"href":"https:\/\/www.naterial.com\/do\/wp-json\/wp\/v2\/collection?post=20074"},{"taxonomy":"product_model","embeddable":true,"href":"https:\/\/www.naterial.com\/do\/wp-json\/wp\/v2\/product_model?post=20074"},{"taxonomy":"product_brand","embeddable":true,"href":"https:\/\/www.naterial.com\/do\/wp-json\/wp\/v2\/product_brand?post=20074"},{"taxonomy":"product_cat","embeddable":true,"href":"https:\/\/www.naterial.com\/do\/wp-json\/wp\/v2\/product_cat?post=20074"},{"taxonomy":"product_tag","embeddable":true,"href":"https:\/\/www.naterial.com\/do\/wp-json\/wp\/v2\/product_tag?post=20074"}],"curies":[{"name":"wp","href":"https:\/\/api.w.org\/{rel}","templated":true}]}}