{"id":20076,"date":"2026-02-12T10:34:24","date_gmt":"2026-02-12T09:34:24","guid":{"rendered":"https:\/\/www.naterial.com\/do\/?product=mesa-de-exterior-fija-acero-y-cristal-sigma"},"modified":"2026-03-18T09:29:04","modified_gmt":"2026-03-18T08:29:04","slug":"mesa-de-exterior-fija-acero-y-cristal-sigma","status":"publish","type":"product","link":"https:\/\/www.naterial.com\/do\/producto\/mesa-de-exterior-fija-acero-y-cristal-sigma\/","title":{"rendered":"Mesa de exterior fija acero y cristal Sigma"},"content":{"rendered":"","protected":false},"excerpt":{"rendered":"<p>Mesa de exterior fija Sigma combina acero con recubrimiento epoxi, cristal templado con dise\u00f1o funcional y elegante. Ideal para terrazas y jardines, ofrece comodidad, estilo y resistencia. Renueva tu espacio exterior con estilo y m\u00e1xima calidad.<\/p>\n","protected":false},"featured_media":21519,"comment_status":"open","ping_status":"closed","template":"","meta":{"_acf_changed":false,"footnotes":""},"collection":[165],"product_model":[59],"product_brand":[],"product_cat":[152],"product_tag":[],"class_list":{"0":"post-20076","1":"product","2":"type-product","3":"status-publish","4":"has-post-thumbnail","6":"collection-sigma","7":"product_model-59","8":"product_cat-mesas-de-exterior-no-extensibles","10":"first","11":"instock","12":"taxable","13":"shipping-taxable","14":"purchasable","15":"product-type-simple"},"acf":{"wproduct_subtitle":"6 asientos, blanco","wproduct_instruction_manual_url":"https:\/\/media.adeo.com\/media\/3868003\/instructionsmanual","uy_product_type":"","image_content_block_1":20354,"title_content_block_1":"Una mesa contempor\u00e1nea y amigable para los fines de semana en familia","text_content_block_1":"Comparta comidas familiares alrededor de la mesa del jard\u00edn Sigma. Dise\u00f1ado para acomodar a 6 personas, esta mesa tiene un efecto de vidrio de concreto, rayado y mal tiempo, y f\u00e1cil de limpiar. Su estructura de acero blanco le da solidez y elegancia.","image_content_block_2":20407,"title_content_block_2":"Una gama suave y contempor\u00e1nea","text_content_block_2":"La serie Sigma, fabricada en acero con bandeja de efecto concreto, aporta dise\u00f1o y ligereza a tu espacio exterior. Esta mesa, con estructura blanca y superficie de piedra, se combina perfectamente con las sillas de exterior Sigma para un comedor armonioso.","image_content_block_3":20432,"title_content_block_3":"Consejos de mantenimiento","text_content_block_3":"Pr\u00e1ctica para el uso diario, tu mesa Sigma se limpia f\u00e1cilmente con un pa\u00f1o h\u00famedo y un producto neutro. Para preservar tu mesa, recuerda cubrirla durante largos per\u00edodos de inactividad. Las piezas de repuesto est\u00e1n disponibles para reparar y extender la vida \u00fatil de tus muebles.","image_content_block_4":null,"title_content_block_4":"","text_content_block_4":"","image_content_block_5":null,"title_content_block_5":"","text_content_block_5":""},"_links":{"self":[{"href":"https:\/\/www.naterial.com\/do\/wp-json\/wp\/v2\/product\/20076","targetHints":{"allow":["GET"]}}],"collection":[{"href":"https:\/\/www.naterial.com\/do\/wp-json\/wp\/v2\/product"}],"about":[{"href":"https:\/\/www.naterial.com\/do\/wp-json\/wp\/v2\/types\/product"}],"replies":[{"embeddable":true,"href":"https:\/\/www.naterial.com\/do\/wp-json\/wp\/v2\/comments?post=20076"}],"version-history":[{"count":1,"href":"https:\/\/www.naterial.com\/do\/wp-json\/wp\/v2\/product\/20076\/revisions"}],"predecessor-version":[{"id":20168,"href":"https:\/\/www.naterial.com\/do\/wp-json\/wp\/v2\/product\/20076\/revisions\/20168"}],"wp:featuredmedia":[{"embeddable":true,"href":"https:\/\/www.naterial.com\/do\/wp-json\/wp\/v2\/media\/21519"}],"wp:attachment":[{"href":"https:\/\/www.naterial.com\/do\/wp-json\/wp\/v2\/media?parent=20076"}],"wp:term":[{"taxonomy":"collection","embeddable":true,"href":"https:\/\/www.naterial.com\/do\/wp-json\/wp\/v2\/collection?post=20076"},{"taxonomy":"product_model","embeddable":true,"href":"https:\/\/www.naterial.com\/do\/wp-json\/wp\/v2\/product_model?post=20076"},{"taxonomy":"product_brand","embeddable":true,"href":"https:\/\/www.naterial.com\/do\/wp-json\/wp\/v2\/product_brand?post=20076"},{"taxonomy":"product_cat","embeddable":true,"href":"https:\/\/www.naterial.com\/do\/wp-json\/wp\/v2\/product_cat?post=20076"},{"taxonomy":"product_tag","embeddable":true,"href":"https:\/\/www.naterial.com\/do\/wp-json\/wp\/v2\/product_tag?post=20076"}],"curies":[{"name":"wp","href":"https:\/\/api.w.org\/{rel}","templated":true}]}}