{"id":20079,"date":"2026-02-12T10:34:28","date_gmt":"2026-02-12T09:34:28","guid":{"rendered":"https:\/\/www.naterial.com\/do\/?product=sombrilla-de-terraza-descentrada-cuadrada-sonora-ii-led"},"modified":"2026-03-18T09:29:06","modified_gmt":"2026-03-18T08:29:06","slug":"sombrilla-de-terraza-descentrada-cuadrada-sonora-ii-led","status":"publish","type":"product","link":"https:\/\/www.naterial.com\/do\/producto\/sombrilla-de-terraza-descentrada-cuadrada-sonora-ii-led\/","title":{"rendered":"Sombrilla de terraza descentrada cuadrada Sonora II LED"},"content":{"rendered":"","protected":false},"excerpt":{"rendered":"<p>Sombrilla de terraza cuadrada Sonora II LED combina iluminaci\u00f3n LED integrada con m\u00e1stil descentrado para sombra sin obst\u00e1culos. Ideal para terrazas y jardines, ofrece comodidad, estilo y resistencia. Haz de tu patio el rinc\u00f3n perfecto con elegancia y funcionalidad.<\/p>\n","protected":false},"featured_media":20904,"comment_status":"open","ping_status":"closed","template":"","meta":{"_acf_changed":false,"footnotes":""},"collection":[111],"product_model":[98],"product_brand":[],"product_cat":[93],"product_tag":[],"class_list":{"0":"post-20079","1":"product","2":"type-product","3":"status-publish","4":"has-post-thumbnail","6":"collection-sonora","7":"product_model-98","8":"product_cat-sombrillas-de-terraza","10":"first","11":"instock","12":"taxable","13":"shipping-taxable","14":"purchasable","15":"product-type-simple"},"acf":{"wproduct_subtitle":"Blanco, 288x288 cm","wproduct_instruction_manual_url":"https:\/\/media.adeo.com\/media\/3868292\/instructionsmanual","uy_product_type":"","image_content_block_1":20439,"title_content_block_1":"Un d\u00eda bajo la sombra de tu sombrilla ","text_content_block_1":"Con el liderado por Parasol Deported Sonora, disfrute de sus comidas en la terraza de d\u00eda y de noche. Su lienzo cuadrado y grueso bloquea el 98% de los rayos UV, y puede albergar dos tomas del sol, o una mesa de 4 a 6 personas. Su m\u00e1stil de aluminio asegura su solidez y resistencia al \u00f3xido y al mal tiempo. F\u00e1cil de usar, se abre y simplemente se cierra gracias a su manivela, pivote 360 ","image_content_block_2":20440,"title_content_block_2":"Dise\u00f1o y calidez para tus noches","text_content_block_2":"Al anochecer, disfruta de una atm\u00f3sfera c\u00e1lida e \u00edntima bajo la sombrilla de terraza Sonora II, gracias a su iluminaci\u00f3n LED recargada con energ\u00eda solar, que te permite prolongar tus reuniones con amigos. Esta sombrilla aporta un dise\u00f1o elegante a tu terraza, con LEDs integrados en las ramas de la estructura, que combina perfectamente con muebles de exterior en tonos claros.","image_content_block_3":20441,"title_content_block_3":"Consejos de mantenimiento","text_content_block_3":"El lienzo de la sombrilla de terraza, fabricado en poli\u00e9ster, es altamente resistente a los rayos UV, lo que reduce la probabilidad de que se decolore con el uso diario. Para prolongar su vida \u00fatil, el lienzo puede reemplazarse y ajustarse seg\u00fan tus necesidades. Para asegurar una estabilidad \u00f3ptima, aseg\u00farate de fijar la sombrilla con la base utilizando arena y agua (ver manual). Su estructura se limpia f\u00e1cilmente con un pa\u00f1o h\u00famedo y un producto neutro. Durante el invierno, guarda la sombrilla bajo una funda protectora para mantener su calidad.","image_content_block_4":null,"title_content_block_4":"","text_content_block_4":"","image_content_block_5":null,"title_content_block_5":"","text_content_block_5":""},"_links":{"self":[{"href":"https:\/\/www.naterial.com\/do\/wp-json\/wp\/v2\/product\/20079","targetHints":{"allow":["GET"]}}],"collection":[{"href":"https:\/\/www.naterial.com\/do\/wp-json\/wp\/v2\/product"}],"about":[{"href":"https:\/\/www.naterial.com\/do\/wp-json\/wp\/v2\/types\/product"}],"replies":[{"embeddable":true,"href":"https:\/\/www.naterial.com\/do\/wp-json\/wp\/v2\/comments?post=20079"}],"version-history":[{"count":1,"href":"https:\/\/www.naterial.com\/do\/wp-json\/wp\/v2\/product\/20079\/revisions"}],"predecessor-version":[{"id":20170,"href":"https:\/\/www.naterial.com\/do\/wp-json\/wp\/v2\/product\/20079\/revisions\/20170"}],"wp:featuredmedia":[{"embeddable":true,"href":"https:\/\/www.naterial.com\/do\/wp-json\/wp\/v2\/media\/20904"}],"wp:attachment":[{"href":"https:\/\/www.naterial.com\/do\/wp-json\/wp\/v2\/media?parent=20079"}],"wp:term":[{"taxonomy":"collection","embeddable":true,"href":"https:\/\/www.naterial.com\/do\/wp-json\/wp\/v2\/collection?post=20079"},{"taxonomy":"product_model","embeddable":true,"href":"https:\/\/www.naterial.com\/do\/wp-json\/wp\/v2\/product_model?post=20079"},{"taxonomy":"product_brand","embeddable":true,"href":"https:\/\/www.naterial.com\/do\/wp-json\/wp\/v2\/product_brand?post=20079"},{"taxonomy":"product_cat","embeddable":true,"href":"https:\/\/www.naterial.com\/do\/wp-json\/wp\/v2\/product_cat?post=20079"},{"taxonomy":"product_tag","embeddable":true,"href":"https:\/\/www.naterial.com\/do\/wp-json\/wp\/v2\/product_tag?post=20079"}],"curies":[{"name":"wp","href":"https:\/\/api.w.org\/{rel}","templated":true}]}}