{"id":20084,"date":"2026-02-12T10:34:31","date_gmt":"2026-02-12T09:34:31","guid":{"rendered":"https:\/\/www.naterial.com\/do\/?product=sombrilla-de-terraza-cuadrada-sombra-profesional"},"modified":"2026-03-18T09:29:09","modified_gmt":"2026-03-18T08:29:09","slug":"sombrilla-de-terraza-cuadrada-sombra-profesional","status":"publish","type":"product","link":"https:\/\/www.naterial.com\/do\/producto\/sombrilla-de-terraza-cuadrada-sombra-profesional\/","title":{"rendered":"Sombrilla de terraza cuadrada Sombra Profesional"},"content":{"rendered":"","protected":false},"excerpt":{"rendered":"<p>Sombrilla de terraza cuadrada Sombra Profesional combina materiales resistentes para exterior con dise\u00f1o funcional y elegante. Ideal para terrazas y jardines, ofrece comodidad, estilo y resistencia. Haz que tu exterior luzca incre\u00edble con muebles modernos y resistentes.<\/p>\n","protected":false},"featured_media":21453,"comment_status":"open","ping_status":"closed","template":"","meta":{"_acf_changed":false,"footnotes":""},"collection":[128,168],"product_model":[98],"product_brand":[],"product_cat":[93],"product_tag":[],"class_list":{"0":"post-20084","1":"product","2":"type-product","3":"status-publish","4":"has-post-thumbnail","6":"collection-coleccion-profesional","7":"collection-sombra","8":"product_model-98","9":"product_cat-sombrillas-de-terraza","11":"first","12":"instock","13":"taxable","14":"shipping-taxable","15":"product-type-simple"},"acf":{"wproduct_subtitle":"300x 300cm (por sombrilla)","wproduct_instruction_manual_url":"https:\/\/media.adeo.com\/media\/3868027\/instructionsmanual","uy_product_type":"","image_content_block_1":20384,"title_content_block_1":"La sombrilla ideal para tu terraza","text_content_block_1":"Dise\u00f1ado para proporcionar la m\u00e1xima protecci\u00f3n solar, el parasol doble sombra es ideal para grandes espacios al aire libre. Con sus generosas dimensiones, crea un espacio sombreado perfecto para albergar tanto un comedor como un muebles de jard\u00edn. Su grueso lienzo bloquea el 98% de los rayos UV, y su m\u00e1stil de aluminio asegura su solidez y resistencia al \u00f3xido y al mal tiempo. Calificado para uso profesional, tambi\u00e9n se puede usar en una terraza de hotel o restaurante.","image_content_block_2":20451,"title_content_block_2":"Un dise\u00f1o y estilo funcional","text_content_block_2":"Muy f\u00e1cil de usar, esta sombrilla de terraza se abre y se cierra con facilidad gracias a su pr\u00e1ctico mecanismo. La doble sombrilla es funcional, pero tambi\u00e9n est\u00e9tica. Su lienzo firme en gris y su estructura de aluminio aportan un toque de dise\u00f1o a tu exterior. Esta sombrilla de terraza se combina perfectamente con muebles de estilo dise\u00f1ador para crear un conjunto armonioso.","image_content_block_3":20452,"title_content_block_3":"Consejos de mantenimiento","text_content_block_3":"Hecho de aluminio, esta sombrilla est\u00e1 dise\u00f1ada para resistir las rigores del tiempo. Su estructura es f\u00e1cil de mantener, y la tela acr\u00edlica de alta calidad ofrece gran resistencia a la decoloraci\u00f3n. La funda incluida te permite protegerla de la suciedad durante los per\u00edodos de no uso, extendiendo as\u00ed su vida \u00fatil. Para garantizar una estabilidad \u00f3ptima, aseg\u00farate de fijar la sombrilla con al menos 8 pesos de 25 kg (no suministrados) o utilizar el kit de anclaje al suelo. Las piezas de repuesto est\u00e1n disponibles para reparar y prolongar la vida \u00fatil de tu sombrilla.","image_content_block_4":null,"title_content_block_4":"","text_content_block_4":"","image_content_block_5":null,"title_content_block_5":"","text_content_block_5":""},"_links":{"self":[{"href":"https:\/\/www.naterial.com\/do\/wp-json\/wp\/v2\/product\/20084","targetHints":{"allow":["GET"]}}],"collection":[{"href":"https:\/\/www.naterial.com\/do\/wp-json\/wp\/v2\/product"}],"about":[{"href":"https:\/\/www.naterial.com\/do\/wp-json\/wp\/v2\/types\/product"}],"replies":[{"embeddable":true,"href":"https:\/\/www.naterial.com\/do\/wp-json\/wp\/v2\/comments?post=20084"}],"version-history":[{"count":1,"href":"https:\/\/www.naterial.com\/do\/wp-json\/wp\/v2\/product\/20084\/revisions"}],"predecessor-version":[{"id":20450,"href":"https:\/\/www.naterial.com\/do\/wp-json\/wp\/v2\/product\/20084\/revisions\/20450"}],"wp:featuredmedia":[{"embeddable":true,"href":"https:\/\/www.naterial.com\/do\/wp-json\/wp\/v2\/media\/21453"}],"wp:attachment":[{"href":"https:\/\/www.naterial.com\/do\/wp-json\/wp\/v2\/media?parent=20084"}],"wp:term":[{"taxonomy":"collection","embeddable":true,"href":"https:\/\/www.naterial.com\/do\/wp-json\/wp\/v2\/collection?post=20084"},{"taxonomy":"product_model","embeddable":true,"href":"https:\/\/www.naterial.com\/do\/wp-json\/wp\/v2\/product_model?post=20084"},{"taxonomy":"product_brand","embeddable":true,"href":"https:\/\/www.naterial.com\/do\/wp-json\/wp\/v2\/product_brand?post=20084"},{"taxonomy":"product_cat","embeddable":true,"href":"https:\/\/www.naterial.com\/do\/wp-json\/wp\/v2\/product_cat?post=20084"},{"taxonomy":"product_tag","embeddable":true,"href":"https:\/\/www.naterial.com\/do\/wp-json\/wp\/v2\/product_tag?post=20084"}],"curies":[{"name":"wp","href":"https:\/\/api.w.org\/{rel}","templated":true}]}}