{"id":20090,"date":"2026-02-12T10:34:35","date_gmt":"2026-02-12T09:34:35","guid":{"rendered":"https:\/\/www.naterial.com\/do\/?product=set-muebles-de-exterior-esquinero-seccion-central-aluminio-athena"},"modified":"2026-03-18T09:29:12","modified_gmt":"2026-03-18T08:29:12","slug":"set-muebles-de-exterior-esquinero-seccion-central-aluminio-athena","status":"publish","type":"product","link":"https:\/\/www.naterial.com\/do\/producto\/set-muebles-de-exterior-esquinero-seccion-central-aluminio-athena\/","title":{"rendered":"Set muebles de exterior esquinero secci\u00f3n central aluminio Athena"},"content":{"rendered":"","protected":false},"excerpt":{"rendered":"<p>Set muebles de exterior esquinero secci\u00f3n central Athena combina aluminio anticorrosivo con dise\u00f1o funcional y elegante. Ideal para terrazas y jardines, ofrece comodidad, estilo y resistencia. Eleva el dise\u00f1o de tu \u00e1rea exterior con piezas duraderas y sofisticadas.<\/p>\n","protected":false},"featured_media":20924,"comment_status":"open","ping_status":"closed","template":"","meta":{"_acf_changed":false,"footnotes":""},"collection":[132,175,128],"product_model":[102],"product_brand":[],"product_cat":[133],"product_tag":[],"class_list":{"0":"post-20090","1":"product","2":"type-product","3":"status-publish","4":"has-post-thumbnail","6":"collection-athena","7":"collection-coleccion-2026","8":"collection-coleccion-profesional","9":"product_model-102","10":"product_cat-sofas-de-exterior","12":"first","13":"instock","14":"taxable","15":"shipping-taxable","16":"product-type-simple"},"acf":{"wproduct_subtitle":"Gris antracita, para combinar","wproduct_instruction_manual_url":"https:\/\/media.adeo.com\/media\/3868251\/instructionsmanual","uy_product_type":"","image_content_block_1":20466,"title_content_block_1":"Un c\u00f3modo sof\u00e1 de exterior dise\u00f1ado para tus calurosas noches de verano","text_content_block_1":"Elemento complementario de la serie Athena, esta silla de confort y elegancia para mejorar su terraza. Asociado con el m\u00f3dulo derecha, izquierda y \u00e1ngulo, le permite agregar un lugar adicional a los muebles de su jard\u00edn de esquina. Este m\u00f3dulo de coj\u00edn ancho y grueso ofrece un asiento \u00f3ptimo para sus noches de verano. Con una estructura de aluminio y cojines impermeables y extra\u00edbles, la silla de Athena es sin\u00f3nimo de resistencia y solidez para acompa\u00f1arlo a\u00f1o tras a\u00f1o. Calificado para uso profesional, tambi\u00e9n se puede usar en un hotel o terraza de caf\u00e9.","image_content_block_2":20460,"title_content_block_2":"Una gama contempor\u00e1nea y vers\u00e1til","text_content_block_2":"Este m\u00f3dulo de la serie Athena, con estructura en antracita y cojines grises, se fija al sof\u00e1 derecho o izquierdo y aporta un estilo moderno y armonioso. Integrado en el conjunto completo de Athena, se adapta perfectamente a los otros elementos de la colecci\u00f3n. Toda la gama tambi\u00e9n est\u00e1 disponible en blanco.","image_content_block_3":20467,"title_content_block_3":"Consejos de mantenimiento","text_content_block_3":"Pr\u00e1ctica para el uso diario, tu mueble de exterior Athena se limpia f\u00e1cilmente con un pa\u00f1o h\u00famedo y un producto neutro. Los cojines son extra\u00edbles y sus fundas son lavables a m\u00e1quina. Para preservar su calidad, recuerda cubrir los muebles de tu jard\u00edn con una funda protectora durante el invierno. Las piezas de repuesto est\u00e1n disponibles para reparar y prolongar la vida \u00fatil de tus muebles.","image_content_block_4":"","title_content_block_4":"","text_content_block_4":"","image_content_block_5":"","title_content_block_5":"","text_content_block_5":""},"_links":{"self":[{"href":"https:\/\/www.naterial.com\/do\/wp-json\/wp\/v2\/product\/20090","targetHints":{"allow":["GET"]}}],"collection":[{"href":"https:\/\/www.naterial.com\/do\/wp-json\/wp\/v2\/product"}],"about":[{"href":"https:\/\/www.naterial.com\/do\/wp-json\/wp\/v2\/types\/product"}],"replies":[{"embeddable":true,"href":"https:\/\/www.naterial.com\/do\/wp-json\/wp\/v2\/comments?post=20090"}],"version-history":[{"count":1,"href":"https:\/\/www.naterial.com\/do\/wp-json\/wp\/v2\/product\/20090\/revisions"}],"predecessor-version":[{"id":20174,"href":"https:\/\/www.naterial.com\/do\/wp-json\/wp\/v2\/product\/20090\/revisions\/20174"}],"wp:featuredmedia":[{"embeddable":true,"href":"https:\/\/www.naterial.com\/do\/wp-json\/wp\/v2\/media\/20924"}],"wp:attachment":[{"href":"https:\/\/www.naterial.com\/do\/wp-json\/wp\/v2\/media?parent=20090"}],"wp:term":[{"taxonomy":"collection","embeddable":true,"href":"https:\/\/www.naterial.com\/do\/wp-json\/wp\/v2\/collection?post=20090"},{"taxonomy":"product_model","embeddable":true,"href":"https:\/\/www.naterial.com\/do\/wp-json\/wp\/v2\/product_model?post=20090"},{"taxonomy":"product_brand","embeddable":true,"href":"https:\/\/www.naterial.com\/do\/wp-json\/wp\/v2\/product_brand?post=20090"},{"taxonomy":"product_cat","embeddable":true,"href":"https:\/\/www.naterial.com\/do\/wp-json\/wp\/v2\/product_cat?post=20090"},{"taxonomy":"product_tag","embeddable":true,"href":"https:\/\/www.naterial.com\/do\/wp-json\/wp\/v2\/product_tag?post=20090"}],"curies":[{"name":"wp","href":"https:\/\/api.w.org\/{rel}","templated":true}]}}