{"id":20091,"date":"2026-02-12T10:34:36","date_gmt":"2026-02-12T09:34:36","guid":{"rendered":"https:\/\/www.naterial.com\/do\/?product=sillon-modular-aluminio-neptuno"},"modified":"2026-03-18T09:29:12","modified_gmt":"2026-03-18T08:29:12","slug":"sillon-modular-aluminio-neptuno","status":"publish","type":"product","link":"https:\/\/www.naterial.com\/do\/producto\/sillon-modular-aluminio-neptuno\/","title":{"rendered":"Sill\u00f3n modular aluminio Neptuno"},"content":{"rendered":"","protected":false},"excerpt":{"rendered":"<p>Sill\u00f3n modular Neptuno combina aluminio anticorrosivo con configuraci\u00f3n modular adaptable. Ideal para terrazas y jardines, ofrece comodidad, estilo y resistencia. Crea ambientes acogedores al aire libre con calidad superior.<\/p>\n","protected":false},"featured_media":20914,"comment_status":"open","ping_status":"closed","template":"","meta":{"_acf_changed":false,"footnotes":""},"collection":[128,166],"product_model":[102],"product_brand":[],"product_cat":[133],"product_tag":[],"class_list":{"0":"post-20091","1":"product","2":"type-product","3":"status-publish","4":"has-post-thumbnail","6":"collection-coleccion-profesional","7":"collection-neptune","8":"product_model-102","9":"product_cat-sofas-de-exterior","11":"first","12":"instock","13":"taxable","14":"shipping-taxable","15":"purchasable","16":"product-type-simple"},"acf":{"wproduct_subtitle":"1 asiento, gris claro","wproduct_instruction_manual_url":"https:\/\/media.adeo.com\/media\/3867996\/instructionsmanual","uy_product_type":"","image_content_block_1":20470,"title_content_block_1":"Re\u00fanete con amigos y disfruta de una tabla de aperitivos en tu sofa esquinero Neptuno","text_content_block_1":"Elemento complementario de la serie Neptuno, las fallas simples combinan comodidad y elegancia para mejorar su terraza. Asociado con los sof\u00e1s para agregar un lugar a los muebles de su jard\u00edn de esquina, este m\u00f3dulo de coj\u00edn ancho y grueso con resortes ofrece un asiento \u00f3ptimo para sus noches de verano. Con una estructura de aluminio y cojines impermeables, la silla Neptuno es sin\u00f3nimo de resistencia y solidez para acompa\u00f1arlo a\u00f1o tras a\u00f1o. Calificado para uso profesional, tambi\u00e9n se puede usar en un hotel o terraza de caf\u00e9.","image_content_block_2":20361,"title_content_block_2":"Un rango y dise\u00f1o vers\u00e1til","text_content_block_2":"La serie Neptuno, hecha de aluminio con l\u00edneas biseladas y cojines redondeados, aporta dise\u00f1o, ligereza y confort a tu exterior. Este m\u00f3dulo, con estructura blanca y tela gris, se integra perfectamente en los muebles de exterior Neptuno Garden y combina armoniosamente con los dem\u00e1s elementos de la colecci\u00f3n.","image_content_block_3":20471,"title_content_block_3":"Consejos de mantenimiento","text_content_block_3":"Pr\u00e1ctica para el uso diario, tu mueble de exterior Neptuno se limpia f\u00e1cilmente con un pa\u00f1o h\u00famedo y un producto neutro. Los cojines son impermeables y sus fundas extra\u00edbles son lavables a m\u00e1quina. Para preservar su calidad, recuerda cubrir los muebles de tu jard\u00edn con una funda protectora durante el invierno.","image_content_block_4":null,"title_content_block_4":"","text_content_block_4":"","image_content_block_5":null,"title_content_block_5":"","text_content_block_5":""},"_links":{"self":[{"href":"https:\/\/www.naterial.com\/do\/wp-json\/wp\/v2\/product\/20091","targetHints":{"allow":["GET"]}}],"collection":[{"href":"https:\/\/www.naterial.com\/do\/wp-json\/wp\/v2\/product"}],"about":[{"href":"https:\/\/www.naterial.com\/do\/wp-json\/wp\/v2\/types\/product"}],"replies":[{"embeddable":true,"href":"https:\/\/www.naterial.com\/do\/wp-json\/wp\/v2\/comments?post=20091"}],"version-history":[{"count":1,"href":"https:\/\/www.naterial.com\/do\/wp-json\/wp\/v2\/product\/20091\/revisions"}],"predecessor-version":[{"id":20468,"href":"https:\/\/www.naterial.com\/do\/wp-json\/wp\/v2\/product\/20091\/revisions\/20468"}],"wp:featuredmedia":[{"embeddable":true,"href":"https:\/\/www.naterial.com\/do\/wp-json\/wp\/v2\/media\/20914"}],"wp:attachment":[{"href":"https:\/\/www.naterial.com\/do\/wp-json\/wp\/v2\/media?parent=20091"}],"wp:term":[{"taxonomy":"collection","embeddable":true,"href":"https:\/\/www.naterial.com\/do\/wp-json\/wp\/v2\/collection?post=20091"},{"taxonomy":"product_model","embeddable":true,"href":"https:\/\/www.naterial.com\/do\/wp-json\/wp\/v2\/product_model?post=20091"},{"taxonomy":"product_brand","embeddable":true,"href":"https:\/\/www.naterial.com\/do\/wp-json\/wp\/v2\/product_brand?post=20091"},{"taxonomy":"product_cat","embeddable":true,"href":"https:\/\/www.naterial.com\/do\/wp-json\/wp\/v2\/product_cat?post=20091"},{"taxonomy":"product_tag","embeddable":true,"href":"https:\/\/www.naterial.com\/do\/wp-json\/wp\/v2\/product_tag?post=20091"}],"curies":[{"name":"wp","href":"https:\/\/api.w.org\/{rel}","templated":true}]}}