{"id":20092,"date":"2026-02-12T10:34:36","date_gmt":"2026-02-12T09:34:36","guid":{"rendered":"https:\/\/www.naterial.com\/do\/?product=sillon-de-jardin-aluminio-athena-2"},"modified":"2026-03-18T09:29:13","modified_gmt":"2026-03-18T08:29:13","slug":"sillon-de-jardin-aluminio-athena-2","status":"publish","type":"product","link":"https:\/\/www.naterial.com\/do\/producto\/sillon-de-jardin-aluminio-athena-2\/","title":{"rendered":"Sill\u00f3n de jard\u00edn aluminio Athena"},"content":{"rendered":"","protected":false},"excerpt":{"rendered":"<p>Sill\u00f3n de jard\u00edn Athena combina aluminio anticorrosivo con dise\u00f1o funcional y elegante. Ideal para terrazas y jardines, ofrece comodidad, estilo y resistencia. Disfruta cada momento en tu terraza con muebles de dise\u00f1o exclusivo.<\/p>\n","protected":false},"featured_media":20936,"comment_status":"open","ping_status":"closed","template":"","meta":{"_acf_changed":false,"footnotes":""},"collection":[132,175,128],"product_model":[102],"product_brand":[],"product_cat":[104],"product_tag":[],"class_list":{"0":"post-20092","1":"product","2":"type-product","3":"status-publish","4":"has-post-thumbnail","6":"collection-athena","7":"collection-coleccion-2026","8":"collection-coleccion-profesional","9":"product_model-102","10":"product_cat-sillones","12":"first","13":"instock","14":"taxable","15":"shipping-taxable","16":"product-type-simple"},"acf":{"wproduct_subtitle":"Antracita","wproduct_instruction_manual_url":"https:\/\/media.adeo.com\/media\/3754557\/instructionsmanual","uy_product_type":"","image_content_block_1":20473,"title_content_block_1":"Una c\u00f3moda silla de jard\u00edn dise\u00f1ada para tus calurosas noches de verano","text_content_block_1":"Ideal para sus noches con amigos, el sof\u00e1 Athena combina comodidad y elegancia para mejorar su terraza. Sus cojines grandes y gruesos ofrecen un asiento \u00f3ptimo y traer\u00e1 un efecto de sal\u00f3n a su exterior. Con una estructura de aluminio y cojines impermeables y extra\u00edbles, esta silla es sin\u00f3nimo de resistencia y solidez para acompa\u00f1arlo a\u00f1o tras a\u00f1o. Calificado para uso profesional, tambi\u00e9n se puede usar en un hotel o terraza de caf\u00e9.","image_content_block_2":20474,"title_content_block_2":"Una gama contempor\u00e1nea y vers\u00e1til","text_content_block_2":"Este sill\u00f3n de la serie Athena, con estructura en gris antracita y cojines grises, ofrece un dise\u00f1o elegante y aireado. Se combina con mesas bajas y otros sof\u00e1s de la serie para aumentar los asientos y adaptar la disposici\u00f3n seg\u00fan tus invitados. Toda la gama tambi\u00e9n est\u00e1 disponible en blanco.","image_content_block_3":20475,"title_content_block_3":"Consejos de mantenimiento","text_content_block_3":"Pr\u00e1ctica para el uso diario, tu mueble de exterior Athena se limpia f\u00e1cilmente con un pa\u00f1o h\u00famedo y un producto neutro. Los cojines son extra\u00edbles y sus fundas son lavables a m\u00e1quina. Para preservar su calidad, recuerda cubrir los muebles de tu jard\u00edn con una funda protectora durante el invierno. Las piezas de repuesto est\u00e1n disponibles para reparar y prolongar la vida \u00fatil de tus muebles.","image_content_block_4":"","title_content_block_4":"","text_content_block_4":"","image_content_block_5":"","title_content_block_5":"","text_content_block_5":""},"_links":{"self":[{"href":"https:\/\/www.naterial.com\/do\/wp-json\/wp\/v2\/product\/20092","targetHints":{"allow":["GET"]}}],"collection":[{"href":"https:\/\/www.naterial.com\/do\/wp-json\/wp\/v2\/product"}],"about":[{"href":"https:\/\/www.naterial.com\/do\/wp-json\/wp\/v2\/types\/product"}],"replies":[{"embeddable":true,"href":"https:\/\/www.naterial.com\/do\/wp-json\/wp\/v2\/comments?post=20092"}],"version-history":[{"count":1,"href":"https:\/\/www.naterial.com\/do\/wp-json\/wp\/v2\/product\/20092\/revisions"}],"predecessor-version":[{"id":20472,"href":"https:\/\/www.naterial.com\/do\/wp-json\/wp\/v2\/product\/20092\/revisions\/20472"}],"wp:featuredmedia":[{"embeddable":true,"href":"https:\/\/www.naterial.com\/do\/wp-json\/wp\/v2\/media\/20936"}],"wp:attachment":[{"href":"https:\/\/www.naterial.com\/do\/wp-json\/wp\/v2\/media?parent=20092"}],"wp:term":[{"taxonomy":"collection","embeddable":true,"href":"https:\/\/www.naterial.com\/do\/wp-json\/wp\/v2\/collection?post=20092"},{"taxonomy":"product_model","embeddable":true,"href":"https:\/\/www.naterial.com\/do\/wp-json\/wp\/v2\/product_model?post=20092"},{"taxonomy":"product_brand","embeddable":true,"href":"https:\/\/www.naterial.com\/do\/wp-json\/wp\/v2\/product_brand?post=20092"},{"taxonomy":"product_cat","embeddable":true,"href":"https:\/\/www.naterial.com\/do\/wp-json\/wp\/v2\/product_cat?post=20092"},{"taxonomy":"product_tag","embeddable":true,"href":"https:\/\/www.naterial.com\/do\/wp-json\/wp\/v2\/product_tag?post=20092"}],"curies":[{"name":"wp","href":"https:\/\/api.w.org\/{rel}","templated":true}]}}